{"id":5915,"date":"2023-07-13T16:30:05","date_gmt":"2023-07-13T14:30:05","guid":{"rendered":"https:\/\/agrarpetrovic.rs\/?post_type=product&#038;p=5915"},"modified":"2023-07-13T16:30:23","modified_gmt":"2023-07-13T14:30:23","slug":"tifi","status":"publish","type":"product","link":"https:\/\/agrarpetrovic.rs\/en\/proizvod\/tifi\/","title":{"rendered":"TIFI"},"content":{"rendered":"<p>TIFI je proizvod koji sadr\u017ei u sebi spore i micelije od\u00a0genetski ne modifikovanih<br \/>\n\u017eivih gljivica, koje obi\u010dno\u00a0\u017eive u Mediteranskom okru\u017eenju.<br \/>\nTIFI je posebno sintetizovan proizvod na bazi\u00a0trihoderma gljivica i Micorrhiza gljivica<br \/>\n(Trichoderma atroviride + Glomus spp). Trichoderma atroviride soj 898 G je gljivica koja ima direktan antogonisti\u010dki efekat na vi\u0161e vrsta patogenih gljiva, koje \u017eive u zemlji\u0161tu<br \/>\n(Fuzarium, Rhizoctonia, Verticillium, Armillaria,Phyrochaeta) i na biljkama<br \/>\n(Phytophtora, Botrytis, itd.).<\/p>\n<p>Izabrani soj se razlikuje od ostalih sojeva zbog njegove visoke adaptabilnosti na \u017eivotnu sredinu i naro\u010dito zbog visoke reproduktivnosti i agresivnosti protiv patogena.<br \/>\nTo zna\u010di br\u017ee i efikasnije delovanje i dugotrajnost. Zahvaljulju\u0107i posobnosti da \u017eive u zemlji\u0161tu trichoderma<br \/>\ngljivice kolonizuju i zauzimaju prostor oko korena biljaka i nastanjuju pore u zemlji\u0161tu ispunjene vazduhom.<\/p>\n<p><strong>DEJSTVO I PREDNOSTI :<\/strong><\/p>\n<p>\u2022 izuzetno visoka koncentracije inokuluma;<br \/>\n\u2022 jedinstven soj sa visokom adaptibilno\u0161\u0107u u zemlji\u0161tu<br \/>\nna razli\u010dite uslove \u017eivotne sredine;<br \/>\n\u2022 \u0161titi korenov sistem u zemlji\u0161tima koja ve\u0107 sadr\u017ee u<br \/>\nsebi patogene gljive;<br \/>\n\u2022 stimuli\u0161e porast biljaka i ujedna\u010denu reprodukciju;<br \/>\n\u2022 \u0161titi li\u0161\u0107e i plodove biljaka od napada Botrytisa i<br \/>\nPhytophtore;<br \/>\n\u2022 bezopasan proizvod za \u010doveka i insekte;<br \/>\n\u2022 prirodan proizvod koji nije genetski modifikovan;<br \/>\n\u2022 ima \u0161irok spektar dejstva (bez rezistencije)<br \/>\n\u2022 veoma se lako primenjuje;<\/p>\n<p>Nakon primena u zemlji\u0161tu, micelije i spore se aktiviraju i po\u010dinju<br \/>\nsa rastom i kolonizovanjem u odre\u0111enim obimu.<br \/>\nPrisustvo Trichoderme elimini\u0161e patogene gljive razli\u010ditim mehanizmima<br \/>\ndelovanja, i to kao:<\/p>\n<p><strong>PREDATORI:<\/strong>\u00a0Trichoderma direktno napada patogene gljive.<br \/>\n<strong>PROIZVODNJA METABOLITA:<\/strong>\u00a0To su toksi\u010dne materije koje \u0161tetno uti\u010du na patogene gljive.<br \/>\n<strong>FIZI\u010cKA PREPREKA:<\/strong>\u00a0Trichoderma je u simbiozi sa biljnim korenom, stvaraju\u0107i<br \/>\nfizi\u010dku prepreku protiv prodora patogenih hifa u koren biljaka.<\/p>\n<p><strong>NA\u010cIN I KOLI\u010cINA PRIMENE:<\/strong><\/p>\n<p><em>SEME I RASAD<\/em><\/p>\n<p>Me\u0161ati ujedna\u010deno sa zemljom ili substratom pre sadnje ili setve.<\/p>\n<p>Doziranje: 100-200 gr\/m3 zemlji\u0161ta.<br \/>\nPo\u017eeljno je ponoviti tretman nakon 10-15 dana prskanjem<br \/>\npo povr\u0161ini u koli\u010dinom od 1- 2 g\/m2.<br \/>\nRastvoriti 2kg\/ha u 150-200l vode.<\/p>\n<p><em>POVR\u0106E<\/em><\/p>\n<p>Mrkva, dinja, lubenica, tikvica,paradajz, patlid\u017ean, kupus, rotkvica,<br \/>\ncrni luk, beli luk,jagoda, salata, gra\u0161ak, pasulj, rukola, spana\u0107, celer,<br \/>\npraziluk, blitva, krompir, isprskati u toku sadnje ili rasa\u0111ivanja ru\u010dno<br \/>\nili pomo\u0107om sistem za zalivanje.<\/p>\n<p>Doziranja: 1,5-2,0 kg\/ha<br \/>\nPonoviti tretman nakon 10 \u2013 15 dana.<\/p>\n<p><em>VO\u0106E<\/em><\/p>\n<p>Jabuka, kru\u0161ka, breskva, kajsija, tre\u0161nja, vi\u0161nja, \u0161ljiva,<br \/>\nvinova loza, uno\u0161enjem u zemlji\u0161te.<br \/>\nUneti preparat direktno u sadne rupe i ponoviti<br \/>\ntretman nakon dva meseca pomo\u0107u zalivnog sistema<br \/>\nili injektora za zemlji\u0161te.<\/p>\n<p>Doziranje: 2-3 g\/stablu.<\/p>","protected":false},"excerpt":{"rendered":"<h4>PAKOVANJA: 250 gr i 1 kg<\/h4>\n<p><strong>SASTAV:<\/strong><\/p>\n<p>Trichoderma atroviride 898 G: 2 x 108 UFC\/g<br \/>\nGlomus spp.: 10 spora\/g<br \/>\nRizosferne bakterije: 1&#215;10 na 7\/g<br \/>\nOrganska materija: 7%<br \/>\npH: 6<br \/>\nSpecifi\u010dna te\u017eina: 0,28kg\/L<br \/>\nFormulacija: mikronski vodorastvorljivi prah<\/p>\n<p><em><strong>TIFI je \u0111ubrivo koje se upotrebljava u organskoj<\/strong><\/em><br \/>\n<em><strong>proizvodnji na osnovu zakona \u201e75\/2010 Italian Decreto\u201c<\/strong><\/em><\/p>","protected":false},"featured_media":5945,"template":"","meta":[],"product_brand":[],"product_cat":[200,303],"product_tag":[],"class_list":{"0":"post-5915","1":"product","2":"type-product","3":"status-publish","4":"has-post-thumbnail","6":"product_cat-ishrana-bilja","7":"product_cat-mikrobioloska-djubriva","9":"first","10":"instock","11":"shipping-taxable","12":"product-type-simple"},"_links":{"self":[{"href":"https:\/\/agrarpetrovic.rs\/en\/wp-json\/wp\/v2\/product\/5915","targetHints":{"allow":["GET"]}}],"collection":[{"href":"https:\/\/agrarpetrovic.rs\/en\/wp-json\/wp\/v2\/product"}],"about":[{"href":"https:\/\/agrarpetrovic.rs\/en\/wp-json\/wp\/v2\/types\/product"}],"wp:featuredmedia":[{"embeddable":true,"href":"https:\/\/agrarpetrovic.rs\/en\/wp-json\/wp\/v2\/media\/5945"}],"wp:attachment":[{"href":"https:\/\/agrarpetrovic.rs\/en\/wp-json\/wp\/v2\/media?parent=5915"}],"wp:term":[{"taxonomy":"product_brand","embeddable":true,"href":"https:\/\/agrarpetrovic.rs\/en\/wp-json\/wp\/v2\/product_brand?post=5915"},{"taxonomy":"product_cat","embeddable":true,"href":"https:\/\/agrarpetrovic.rs\/en\/wp-json\/wp\/v2\/product_cat?post=5915"},{"taxonomy":"product_tag","embeddable":true,"href":"https:\/\/agrarpetrovic.rs\/en\/wp-json\/wp\/v2\/product_tag?post=5915"}],"curies":[{"name":"wp","href":"https:\/\/api.w.org\/{rel}","templated":true}]}}