{"id":5916,"date":"2023-07-13T16:30:06","date_gmt":"2023-07-13T14:30:06","guid":{"rendered":"https:\/\/agrarpetrovic.rs\/?post_type=product&#038;p=5916"},"modified":"2023-07-13T16:30:23","modified_gmt":"2023-07-13T14:30:23","slug":"scudo","status":"publish","type":"product","link":"https:\/\/agrarpetrovic.rs\/en\/proizvod\/scudo\/","title":{"rendered":"SCUDO"},"content":{"rendered":"<p><strong>PRIMENA I DOZIRANJE<\/strong><\/p>\n<p>SCUDO je te\u010dno \u0111ubrivo za folijarnu upotrebu. Doze i na\u010din primene se odre\u0111uju u<br \/>\nzavisnosti od prohteva i nutricijalnog stanja useva.<br \/>\nTretirati u hladnijem delu dana (ujutro ili uve\u010de).<\/p>\n<p><strong>Vinova loza:<\/strong><br \/>\nFolijarno: 1-3l\/1000 lit. vode. (ili 10-30ml na 10 L vode)<br \/>\nPonoviti 2 ili 3 puta tretman nakon 10-12 dana ako je potrebno.<br \/>\n<strong>Vo\u0107e:<\/strong><br \/>\nFolijarno: 0.75-1.5 lit\/1000 lit. vode. Ponoviti 2 ili 3 putatretman nakon 10-12 dana ako je potrebno.<br \/>\n<strong>Povr\u0107e:<\/strong><br \/>\nFolijarno: 0.5-1.5 lit\/1000 lit. vode. Ponoviti 2 ili 3 puta tretman nakon 10-12 dana ako je potrebno.<\/p>\n<p><strong>PAKOVANJE:<\/strong><\/p>\n<p><strong>100 ml<\/strong><br \/>\n<strong>250 ml<\/strong><br \/>\n<strong>1 lit<br \/>\n5 lit<br \/>\n<\/strong><\/p>\n<p><strong>ME\u0160ANJE<\/strong><\/p>\n<p>SCUDO se mo\u017ee me\u0161ati sa ve\u0107inom pesticida i \u0111ubriva (izuzev sa proizvodima koji nisu kopatibilni sa bakrom).<br \/>\nPre upotrebe se preporu\u010duje testiranje na maloj povr\u0161ini za kompatibilnost<br \/>\nsa ostalim proizvodima.<\/p>","protected":false},"excerpt":{"rendered":"<p>&nbsp;<\/p>\n<p><strong>SASTAV<\/strong><\/p>\n<p>Vodorastvorljivi bakar (Cu) 9.0%<br \/>\nOrganski azot (N) 3,0%<br \/>\nOrganska materija 27,5%<br \/>\nUkupno biljnih aminokiselina 45 g\/l<br \/>\npH (1:5) 9.0<br \/>\nSpecifi\u010dna te\u017eina 1,3 kg\/l<\/p>\n<p><em><strong>SCUDO JE POGODAN ZA ORGANSKU<\/strong><\/em><br \/>\n<em><strong>PROIZVODNJU PREMA EC REG. 834\/2007.<\/strong><\/em><\/p>\n<p>Scudo je te\u010dno EC \u0111ubrivo sa bakrom nau\u010dno dokazano da<\/p>\n<p>&#8211; SPRE\u010cAVA I LE\u010cI NEDOSTATAK BAKRA.<br \/>\n&#8211; POVE\u0106A OTPORNOST BILJKE NA GLJIVI\u010cNE I BAKTERIJSKE BOLESTI<\/p>\n<p>Delovanje Scuda je brzo i efikasno. Bakar se brzo ugra\u0111uje i mobilan je unutar biljke zahvaljuju\u0107i vezivanju bakra za biljne aminokiseline i glukonsku kiselinu.<\/p>\n<p><strong>ANTISTRES DEJSTVO<\/strong><\/p>\n<p>SCUDO poma\u017ee biljkama da brzo prevazi\u0111u stres izazvan neravnote\u017eom hranjivih elemenata.<\/p>","protected":false},"featured_media":5946,"template":"","meta":[],"product_brand":[],"product_cat":[307,200,301,202],"product_tag":[],"class_list":{"0":"post-5916","1":"product","2":"type-product","3":"status-publish","4":"has-post-thumbnail","6":"product_cat-folijarna-djubriva","7":"product_cat-ishrana-bilja","8":"product_cat-mikroelementarna-djubriva","9":"product_cat-zastita-bilja","11":"first","12":"instock","13":"shipping-taxable","14":"product-type-simple"},"_links":{"self":[{"href":"https:\/\/agrarpetrovic.rs\/en\/wp-json\/wp\/v2\/product\/5916","targetHints":{"allow":["GET"]}}],"collection":[{"href":"https:\/\/agrarpetrovic.rs\/en\/wp-json\/wp\/v2\/product"}],"about":[{"href":"https:\/\/agrarpetrovic.rs\/en\/wp-json\/wp\/v2\/types\/product"}],"wp:featuredmedia":[{"embeddable":true,"href":"https:\/\/agrarpetrovic.rs\/en\/wp-json\/wp\/v2\/media\/5946"}],"wp:attachment":[{"href":"https:\/\/agrarpetrovic.rs\/en\/wp-json\/wp\/v2\/media?parent=5916"}],"wp:term":[{"taxonomy":"product_brand","embeddable":true,"href":"https:\/\/agrarpetrovic.rs\/en\/wp-json\/wp\/v2\/product_brand?post=5916"},{"taxonomy":"product_cat","embeddable":true,"href":"https:\/\/agrarpetrovic.rs\/en\/wp-json\/wp\/v2\/product_cat?post=5916"},{"taxonomy":"product_tag","embeddable":true,"href":"https:\/\/agrarpetrovic.rs\/en\/wp-json\/wp\/v2\/product_tag?post=5916"}],"curies":[{"name":"wp","href":"https:\/\/api.w.org\/{rel}","templated":true}]}}