{"id":5918,"date":"2023-07-13T16:30:06","date_gmt":"2023-07-13T14:30:06","guid":{"rendered":"https:\/\/agrarpetrovic.rs\/?post_type=product&#038;p=5918"},"modified":"2023-07-13T16:30:25","modified_gmt":"2023-07-13T14:30:25","slug":"agita","status":"publish","type":"product","link":"https:\/\/agrarpetrovic.rs\/en\/proizvod\/agita\/","title":{"rendered":"AGITA"},"content":{"rendered":"<h3>PRIMENA:<\/h3>\n<p>AGITA<sup>\u00ae\u00a0<\/sup>10 WG je pogodna za nano\u0161enje \u010detkom ili raspr\u0161ivanjem. Ovaj proizvod se nanosi na povr\u0161inama gde se muve sakupljaju, poput za\u0161ti\u0107enih zona, pregrada, stubova, prozorskih okvira, spoljnih strana hranilica ili pojilica, itd.<\/p>\n<p>Za premazivanje: 100g preparata rastvoriti u 80ml mlake vode, ili 400g preparata rastvoriti u 320ml mlake vode. Prvo razre\u0111enje je dovoljno za povr\u0161inu objekta od 40m<sup>2<\/sup>\u00a0ili povr\u0161inu zidova\/plafona od 80-120m<sup>2<\/sup>; drugo razre\u0111enje je dovoljno za povr\u0161inu objekta od 160m<sup>2<\/sup>\u00a0ili povr\u0161inu zidova\/plafona od 320-480m<sup>2<\/sup>. Na svakih 100m<sup>2<\/sup>\u00a0povr\u0161ine prema\u017ee se minimum 20 \u201espotova\u201c povr\u0161ine 10cmx30cm na mestima gde se muve skupljaju (topla i osun\u010dana mesta, ramovi od prozora, okviri od vrata..itd).<\/p>\n<p>Za prskanje: 100g preparata rastvoriti sa 0,8l mlake vode, ili 400g preparata rastvoriti u 3,2l mlake vode. Prvo razre\u0111enje je dovoljno za povr\u0161inu objekta od 20m<sup>2<\/sup>\u00a0ili povr\u0161inu zidova\/plafona od 40-60m<sup>2<\/sup>; drugo razre\u0111enje je dovoljno za povr\u0161inu objekta od 80m<sup>2<\/sup>\u00a0ili povr\u0161inu zidova\/plafona od 160-240m<sup>2<\/sup>. Oko 30% povr\u0161ine treba tretirati direktno na mestima gde se muve skupljaju (topla i osun\u010dana mesta, ramovi od prozora, okviri od vrata..itd).<\/p>\n<p>Za pripremu radnog rastvora prvo napuniti posudu\/prskalicu mlakom vodom, a zatim postepeno dodavati AGITU<sup>\u00ae<\/sup>\u00a010WG.Me\u0161ati rastvor sve dok se ne napravi suspenzija. Ukoliko se prskanje prekine na vi\u0161e od 30 minuta, obavezno ponoviti mu\u0107kanje posude\/prskalice sa radnim rastvorom. Za najbolje rezultate preporu\u010duje se upotreba radnog rastvora odmah nakon pripreme.<\/p>\n<p>Za\u0161tita nestaje nakon 6 nedelja (42 dana) i potrebno je ponovo naneti proizvod na slede\u0107i na\u010din.<\/p>\n<p>Ta\u010dno izme\u0161ati proizvod AGITA\u00ae 10 WG sa mlakom vodom dok se ne dobije jak rastvor. Naneti barem 20 traka (10 x 30 cm veli\u010dine) na zidove od 100 m2 ukupne povr\u0161ine. Ako ne postoje pogodne povr\u0161ine za nano\u0161enje, me\u0161avinu mo\u017eete naneti i na karton ili drvene plo\u010de koje vise sa plafona ili okvira.<\/p>","protected":false},"excerpt":{"rendered":"<h3>OPIS PROIZVODA:<\/h3>\n<p>Agita<sup>\u00ae<\/sup>10 WG je insekticid za profesionalnu i op\u0161tu upotrebu za suzbijanje muva u doma\u0107instvu, javnim objektima, industrijskim objektima i objektima na farmama.<\/p>\n<h3>CILJANI ORGANIZMI:<\/h3>\n<p>Muva (<em>Musca Domestica<\/em>),\u00a0Muva\u00a0pecara (<em>Stomoxys calcitrans<\/em>)<\/p>\n<h3>AKTIVNA SUPSTANCA:<\/h3>\n<p>&#8211; 10,0 %\u00a0tiametoksam (CAS br. 153719-23-4)<\/p>\n<h3>PAKOVANJE:<\/h3>\n<p>100g, 400g<\/p>","protected":false},"featured_media":5948,"template":"","meta":[],"product_brand":[],"product_cat":[234,202],"product_tag":[],"class_list":{"0":"post-5918","1":"product","2":"type-product","3":"status-publish","4":"has-post-thumbnail","6":"product_cat-insekticidi","7":"product_cat-zastita-bilja","9":"first","10":"instock","11":"shipping-taxable","12":"product-type-simple"},"_links":{"self":[{"href":"https:\/\/agrarpetrovic.rs\/en\/wp-json\/wp\/v2\/product\/5918","targetHints":{"allow":["GET"]}}],"collection":[{"href":"https:\/\/agrarpetrovic.rs\/en\/wp-json\/wp\/v2\/product"}],"about":[{"href":"https:\/\/agrarpetrovic.rs\/en\/wp-json\/wp\/v2\/types\/product"}],"wp:featuredmedia":[{"embeddable":true,"href":"https:\/\/agrarpetrovic.rs\/en\/wp-json\/wp\/v2\/media\/5948"}],"wp:attachment":[{"href":"https:\/\/agrarpetrovic.rs\/en\/wp-json\/wp\/v2\/media?parent=5918"}],"wp:term":[{"taxonomy":"product_brand","embeddable":true,"href":"https:\/\/agrarpetrovic.rs\/en\/wp-json\/wp\/v2\/product_brand?post=5918"},{"taxonomy":"product_cat","embeddable":true,"href":"https:\/\/agrarpetrovic.rs\/en\/wp-json\/wp\/v2\/product_cat?post=5918"},{"taxonomy":"product_tag","embeddable":true,"href":"https:\/\/agrarpetrovic.rs\/en\/wp-json\/wp\/v2\/product_tag?post=5918"}],"curies":[{"name":"wp","href":"https:\/\/api.w.org\/{rel}","templated":true}]}}