{"id":5919,"date":"2023-07-13T16:30:06","date_gmt":"2023-07-13T14:30:06","guid":{"rendered":"https:\/\/agrarpetrovic.rs\/?post_type=product&#038;p=5919"},"modified":"2023-07-13T16:30:26","modified_gmt":"2023-07-13T14:30:26","slug":"neporex","status":"publish","type":"product","link":"https:\/\/agrarpetrovic.rs\/en\/proizvod\/neporex\/","title":{"rendered":"NEPOREX"},"content":{"rendered":"<h3>PRIMENA:<\/h3>\n<p>Za suvo rasejavanje: 25g preparata\/m2\u00a0naneti direktno i ravnomerno na mesta gde muve pola\u017eu jaja.<\/p>\n<p>Za prskanje: \u00a025g preparata rastvoriti u 250ml vode \u0161to je dovoljno za 1m2povr\u0161ine koja se tretira.<\/p>\n<p>Za zalivanje: 25g preparata rastvoriti u 750ml vode \u0161to je dovoljno za 1m2\u00a0povr\u0161ine koja se tretira.<\/p>\n<p>Za prskanje se koristi le\u0111na prskalica ili oprema za automatsko prskanje, a za zalivanje kanta.<\/p>\n<p>Prvi tretman preparatom se obavlja 1-3 dana nakon \u010di\u0161\u0107enja objekta (za stoku, svinje, \u017eivinu i ostalih poljoprivrednih objekata) ili odmah kada se na\u0111u larve muva. Tretman se ponavlja dve nedelje nakon prvog tretmana.<\/p>","protected":false},"excerpt":{"rendered":"<h3>OPIS PROIZVODA:<\/h3>\n<p>NEPOREX\u00a0\u00ae2SG je regulator rasta insekata &#8211; larvicid za profesionalnu upotrebu i op\u0161tu namenu\u00a0 za suzbijanje larvi muva u doma\u0107instvu, javnim objektima, industrijskim objektima i objektima na farmama (objekti za stoku, objekti za svinje, objekti za \u017eivinu i ostali poljoprivredni objekti).<\/p>\n<h3>CILJANI ORGANIZMI:<\/h3>\n<p>&#8211; larve muva<\/p>\n<h3>AKTIVNA SUPSTANCA:<\/h3>\n<p>&#8211; Ciromazin 2 %<\/p>\n<h3>PAKOVANJE:<\/h3>\n<p align=\"JUSTIFY\"><span lang=\"sh-YU\">1 kg, 5 kg<\/span><\/p>","protected":false},"featured_media":5949,"template":"","meta":[],"product_brand":[],"product_cat":[234,202],"product_tag":[],"class_list":{"0":"post-5919","1":"product","2":"type-product","3":"status-publish","4":"has-post-thumbnail","6":"product_cat-insekticidi","7":"product_cat-zastita-bilja","9":"first","10":"instock","11":"shipping-taxable","12":"product-type-simple"},"_links":{"self":[{"href":"https:\/\/agrarpetrovic.rs\/en\/wp-json\/wp\/v2\/product\/5919","targetHints":{"allow":["GET"]}}],"collection":[{"href":"https:\/\/agrarpetrovic.rs\/en\/wp-json\/wp\/v2\/product"}],"about":[{"href":"https:\/\/agrarpetrovic.rs\/en\/wp-json\/wp\/v2\/types\/product"}],"wp:featuredmedia":[{"embeddable":true,"href":"https:\/\/agrarpetrovic.rs\/en\/wp-json\/wp\/v2\/media\/5949"}],"wp:attachment":[{"href":"https:\/\/agrarpetrovic.rs\/en\/wp-json\/wp\/v2\/media?parent=5919"}],"wp:term":[{"taxonomy":"product_brand","embeddable":true,"href":"https:\/\/agrarpetrovic.rs\/en\/wp-json\/wp\/v2\/product_brand?post=5919"},{"taxonomy":"product_cat","embeddable":true,"href":"https:\/\/agrarpetrovic.rs\/en\/wp-json\/wp\/v2\/product_cat?post=5919"},{"taxonomy":"product_tag","embeddable":true,"href":"https:\/\/agrarpetrovic.rs\/en\/wp-json\/wp\/v2\/product_tag?post=5919"}],"curies":[{"name":"wp","href":"https:\/\/api.w.org\/{rel}","templated":true}]}}