{"id":5920,"date":"2023-07-13T16:30:06","date_gmt":"2023-07-13T14:30:06","guid":{"rendered":"https:\/\/agrarpetrovic.rs\/?post_type=product&#038;p=5920"},"modified":"2023-07-13T16:30:31","modified_gmt":"2023-07-13T14:30:31","slug":"slavol","status":"publish","type":"product","link":"https:\/\/agrarpetrovic.rs\/en\/proizvod\/slavol\/","title":{"rendered":"SLAVOL"},"content":{"rendered":"<p>PREKO LISTA<\/p>\n<p>Folijarnom primenom Slavola, auksini (IAA) kroz stome (otvore na povr\u0161ini i nali\u010dju lista) ulaze u list i preko sun\u0111erastog tkiva dospevaju u floem. Preko floema auksini dospevaju u sve delove biljaka gde deluju na veliki broj fizioli\u0161kih procesa i to:<\/p>\n<ul>\n<li>Pospe\u0161uje rast biljaka<\/li>\n<li>Pove\u0107ava razvitak adventivnih i bo\u010dnih korenova<\/li>\n<li>Pove\u0107ava aktivnost korena<\/li>\n<li>Pove\u0107ava lisnu masu i aktivnost fotosinteze<\/li>\n<li>Na opra\u0161ivanje i razvoj ploda<\/li>\n<\/ul>\n<p>PREKO KORENA<\/p>\n<p>Primenom Slavol-a bakterije dospevaju do zemlji\u0161ta i korena. One imaju sposobnost kolonizacije (naseljavanja) korenovog sistema, gde uti\u010du pozitivno na porast biljaka na slede\u0107i na\u010din:<\/p>\n<p>&nbsp;<\/p>\n<div class=\"left50\">\n<p>DIREKTNO<\/p>\n<hr \/>\n<ul>\n<li>Ishrana biljaka azotom (azotofiksacija,mineralizacija azota)<\/li>\n<li>Ishrana biljaka fosforom<\/li>\n<li>Produkcija biljnih hormona<\/li>\n<li>Pobolj\u0161ana dostupnost gvo\u017e\u0111a i drugih mikroelemenata<\/li>\n<\/ul>\n<\/div>\n<div class=\"left50\">\n<p>INDIREKTNO<\/p>\n<hr \/>\n<ul>\n<li>Deluju inhibitorno na izaziva\u010de bolesti kod biljaka (sinteti\u0161u<br \/>\nantibiotike, kompeticija za prostor i hranu u ekolo\u0161kim ni\u0161ama)<\/li>\n<li>Pove\u0107avaju otpornost biljaka na bolesti i stres<\/li>\n<\/ul>\n<div class=\"left50\">\n<ul>\n<li>Pospe\u0161uje rast biljaka<\/li>\n<li>Pove\u0107ava razvitak adventivnih i bo\u010dnih korenova<\/li>\n<li>Pove\u0107ava aktivnost korena<\/li>\n<li>Pove\u0107ava lisnu masu i aktivnost fotosinteze<\/li>\n<li>Na opra\u0161ivanje i razvoj ploda<\/li>\n<\/ul>\n<\/div>\n<div class=\"left50\">\n<ul>\n<li>Na bolju iskori\u0161\u0107enost azota, fosfora, kalijuma i mikroelemenata<\/li>\n<li>Pove\u0107ava sadr\u017eaj mikrobiolo\u0161ke biomase u zemlj\u0161tu<\/li>\n<li>Elimini\u0161e negativan uticaj pesticida i mineralnih \u0111ubriva<\/li>\n<li>Pove\u0107ava otpornost biljaka na bolesti, niske temperature i su\u0161u<\/li>\n<\/ul>\n<\/div>\n<\/div>","protected":false},"excerpt":{"rendered":"<p><strong>SLAVOL<\/strong>\u00a0je te\u010dno mikrobiolo\u0161ko \u0111ubrivo stimulator rasta koje je sertifikovano za primenu u organskoj i tradicionalnoj poljoprivrednoj proizvodnji. Ovaj proizvod je bez hemijskih dodataka i pozitivno deluje na biljke, zemlji\u0161te i \u017eivotnu sredinu.<\/p>\n<p>Slavol se koristi za folijarnu prihranu<\/p>\n<p><strong>Slavol sadr\u017ei bakterije koje su izdvojene sa povr\u0161ine korena i umno\u017eene na odgovaraju\u0107im hranljivim podlogama. U procesu umno\u017eavanja kao sekundarne produkte metabolizma stvaraju auksine koji su potpuno prirodnog porekla kao i auksini koje sinteti\u0161e biljka.<\/strong><\/p>\n<p><span class=\"subtitle-26\">Slavol sadr\u017ei:<\/span><\/p>\n<hr \/>\n<ol>\n<li><strong>AZOTOFIKSATORE\u00a0<\/strong>\u00a0&#8211; bakterije koje obavljaju proces azotofiksacije odnosno atmosferski azota (kojeg u atmosferi ima oko 78%)\u00a0 prevode u pristupa\u010dne oblike koje na \u00a0korenovom \u00a0sistemu direktno \u00a0snabdevaju biljke azotom<\/li>\n<li><strong>FOSFOMINERALIZATORE\u00a0<\/strong>&#8211; \u00a0bakterije koje razla\u017eu organska jedinjenja fosfora (koja \u010dine od 50 \u2013 80% fosfora\u00a0 u zemlji\u0161tu) i prevode ih u pristupa\u010dan oblik (P<sub>2<\/sub>O<sub>5<\/sub>). Ove bakterije imaju sposobnost vezivanja za korenov sistem gde direktno snabdevaju biljke pristupa\u010dnm\u00a0 fosforom.<\/li>\n<li><strong>REGULATORE RASTA &#8211; AUKSINE.<\/strong>\u00a0Auksinska aktivnost odgovara aktivnosti indol \u2013 3- sir\u0107etne kiseline (IAA). Folijarnom primenom Slavola, ove materije prolaze kroz stome na listu, i preko sprovodnih sudova dospevaju do ostalih delova biljaka gde stimuli\u0161u fiziolo\u0161ke procese u biljkama.<\/li>\n<\/ol>","protected":false},"featured_media":5977,"template":"","meta":[],"product_brand":[],"product_cat":[307,200,303],"product_tag":[],"class_list":{"0":"post-5920","1":"product","2":"type-product","3":"status-publish","4":"has-post-thumbnail","6":"product_cat-folijarna-djubriva","7":"product_cat-ishrana-bilja","8":"product_cat-mikrobioloska-djubriva","10":"first","11":"instock","12":"shipping-taxable","13":"product-type-simple"},"_links":{"self":[{"href":"https:\/\/agrarpetrovic.rs\/en\/wp-json\/wp\/v2\/product\/5920","targetHints":{"allow":["GET"]}}],"collection":[{"href":"https:\/\/agrarpetrovic.rs\/en\/wp-json\/wp\/v2\/product"}],"about":[{"href":"https:\/\/agrarpetrovic.rs\/en\/wp-json\/wp\/v2\/types\/product"}],"wp:featuredmedia":[{"embeddable":true,"href":"https:\/\/agrarpetrovic.rs\/en\/wp-json\/wp\/v2\/media\/5977"}],"wp:attachment":[{"href":"https:\/\/agrarpetrovic.rs\/en\/wp-json\/wp\/v2\/media?parent=5920"}],"wp:term":[{"taxonomy":"product_brand","embeddable":true,"href":"https:\/\/agrarpetrovic.rs\/en\/wp-json\/wp\/v2\/product_brand?post=5920"},{"taxonomy":"product_cat","embeddable":true,"href":"https:\/\/agrarpetrovic.rs\/en\/wp-json\/wp\/v2\/product_cat?post=5920"},{"taxonomy":"product_tag","embeddable":true,"href":"https:\/\/agrarpetrovic.rs\/en\/wp-json\/wp\/v2\/product_tag?post=5920"}],"curies":[{"name":"wp","href":"https:\/\/api.w.org\/{rel}","templated":true}]}}