{"id":5921,"date":"2023-07-13T16:30:06","date_gmt":"2023-07-13T14:30:06","guid":{"rendered":"https:\/\/agrarpetrovic.rs\/?post_type=product&#038;p=5921"},"modified":"2023-07-13T16:30:32","modified_gmt":"2023-07-13T14:30:32","slug":"slavol-za-soju","status":"publish","type":"product","link":"https:\/\/agrarpetrovic.rs\/en\/proizvod\/slavol-za-soju\/","title":{"rendered":"SLAVOL ZA SOJU"},"content":{"rendered":"<p>Kod SLAVOLA ZA SOJU ove bakterije su nanete na tresetni nosa\u010d koji je u \u010dvrstom stanju. Inokulacija semena sa RIZOL-om ZA SOJU mo\u017ee da se izvede i vi\u0161e od 30 dana pre setve. Osu\u0161eno i tretirano seme se \u00a0\u010duva do setve.<b><\/b>Inokulisano seme je obojeno svetlo narand\u017eastom bojom.<\/p>\n<p>Sadr\u017eaj kesice rastvoriti u 250 ml vode ili 250 ml Slavola S i izme\u0161ati sa potrebnom koli\u010dinom semena soje za 1ha ( 100 kg ) neposredno pre setve.<\/p>\n<p>Preporu\u010duje se prskanje SLAVOL-om u fazi kada biljka obrazuje prva dva para troliska pa sve do faze obrazovanja mahuna.<\/p>\n<p><b>\u0160TA \u0106ETE DOBITI PRIMENOM SLAVOL-a ZA SOJU ?<\/b><\/p>\n<ul>\n<li>Pospe\u0161eno formiranje kvr\u017eica u korenu;<\/li>\n<li>Ve\u0107u klijavost semena;<\/li>\n<li>Pobolj\u0161ano usvajanje N,P i K;<\/li>\n<li>Razvijen korenov sistem;<\/li>\n<li>Pove\u0107an prinos;<\/li>\n<li>Obojeno inokulisano seme.<\/li>\n<\/ul>","protected":false},"excerpt":{"rendered":"<p><b>SLAVOL ZA SOJU <\/b>je\u00a0mikrobiolo\u0161ko \u0111ubrivo koje se koristi za inokulaciju semena soje bakterijama koje fiksiraju azot i obrazuju kvr\u017eice u korenu.<\/p>\n<p>SLAVOL ZA SOJU sadr\u017ei:<\/p>\n<p><b>\u00a0<\/b><\/p>\n<p><b>AZOTOFIKSATORE\u00a0<\/b>\u2013<b>\u00a0<\/b>obavljaju azotofiksaciju<b>\u00a0<\/b>i to:<b><\/b><\/p>\n<ul>\n<li><strong>Simbiozne:<\/strong>\u00a0<i>Bradyrhizobiu<\/i><i>m<\/i><i>\u00a0japonicum<\/i><i>\u00a0<\/i>\u2013<b>\u00a0<\/b>obrazuju kvr\u017eice u korenu soje.<\/li>\n<li><strong>Asocijativne:<\/strong>\u00a0<i>Azotobacter<\/i>\u00a0sp. \u2013 kolonizuju (naseljavaju) povr\u0161inu korena soje.<\/li>\n<\/ul>\n<p>&nbsp;<\/p>\n<p><b>FOSFOMINERALIZATORE<\/b>\u00a0\u2013<b>\u00a0<\/b>organska jedinjena fosfora prevode u mineralne oblike, kolonizuju koren, snabdevaju biljke fosforom u po\u010detnim fazama razvoja.<\/p>","protected":false},"featured_media":5978,"template":"","meta":[],"product_brand":[],"product_cat":[200,303],"product_tag":[],"class_list":{"0":"post-5921","1":"product","2":"type-product","3":"status-publish","4":"has-post-thumbnail","6":"product_cat-ishrana-bilja","7":"product_cat-mikrobioloska-djubriva","9":"first","10":"instock","11":"shipping-taxable","12":"product-type-simple"},"_links":{"self":[{"href":"https:\/\/agrarpetrovic.rs\/en\/wp-json\/wp\/v2\/product\/5921","targetHints":{"allow":["GET"]}}],"collection":[{"href":"https:\/\/agrarpetrovic.rs\/en\/wp-json\/wp\/v2\/product"}],"about":[{"href":"https:\/\/agrarpetrovic.rs\/en\/wp-json\/wp\/v2\/types\/product"}],"wp:featuredmedia":[{"embeddable":true,"href":"https:\/\/agrarpetrovic.rs\/en\/wp-json\/wp\/v2\/media\/5978"}],"wp:attachment":[{"href":"https:\/\/agrarpetrovic.rs\/en\/wp-json\/wp\/v2\/media?parent=5921"}],"wp:term":[{"taxonomy":"product_brand","embeddable":true,"href":"https:\/\/agrarpetrovic.rs\/en\/wp-json\/wp\/v2\/product_brand?post=5921"},{"taxonomy":"product_cat","embeddable":true,"href":"https:\/\/agrarpetrovic.rs\/en\/wp-json\/wp\/v2\/product_cat?post=5921"},{"taxonomy":"product_tag","embeddable":true,"href":"https:\/\/agrarpetrovic.rs\/en\/wp-json\/wp\/v2\/product_tag?post=5921"}],"curies":[{"name":"wp","href":"https:\/\/api.w.org\/{rel}","templated":true}]}}