{"id":5922,"date":"2023-07-13T16:30:06","date_gmt":"2023-07-13T14:30:06","guid":{"rendered":"https:\/\/agrarpetrovic.rs\/?post_type=product&#038;p=5922"},"modified":"2023-07-13T16:30:32","modified_gmt":"2023-07-13T14:30:32","slug":"slavol-vvl","status":"publish","type":"product","link":"https:\/\/agrarpetrovic.rs\/en\/proizvod\/slavol-vvl\/","title":{"rendered":"SLAVOL VVL"},"content":{"rendered":"<p>Slavol VVL se koristi za\u00a0<strong>sadnju vo\u0107a i vinove loze kao I folijarnu prihranu<\/strong>:<b><\/b><\/p>\n<ul>\n<li><strong>VO\u0106A<\/strong>: jabu\u010dastog, ko\u0161ti\u010davog, jagodastog i jezgrastog<\/li>\n<li><strong>VINOVE LOZE<\/strong><\/li>\n<li><strong>SADNICA I KALEMOVA<\/strong><\/li>\n<\/ul>\n<p>Biljke mogu da usvajaju materije iz spolja\u0161nje sredine preko korena i lista. Folijarno biljke usvajaju aktivne materije pesticida, sredstava za ishranu biljaka, biostimulatore. Folijarnom primenom auksini-indol-3-sir\u0107etna kiselina(IAA) koji se nalaze u preparatu SLAVOL VVL kroz stomine otvore,\u00a0 preko floema dospevaju do svih delova biljke gde pospe\u0161uju deobu \u0107elija i izdu\u017eivanje \u0107elija i organa. Obzirom da je IAA u ovim preparatima \u00a0prirodnog porekla nastala kao sekundarni metabolit bakterija,\u00a0 biljke\u00a0 na njega trenutno reaguju kao da je produkt njenog\u00a0 metabolizma. Auksini su regulatori rasta kod biljaka i u\u010destvuju u svim fiziolo\u0161kim procesima u biljci: obrazovanje bo\u010dnih i adventivnih korenova (rizogeneza), razvoj stabla, rast stabla u debljinu, razvoj listova, oplodnja, razvoj ploda. Kao efekat ovakvog dejstva hormona dolazi do br\u017eeg i masivnijeg razvoja bo\u010dnih u adventivnih korenova,\u00a0 br\u017ee i pravilnije diferencijacije pupoljaka, razvoja listova sa ve\u0107om lisnom povr\u0161inom za obavljanje procesa fotosinteze. Biljke koje su prskane SLAVOL-om VVL imaju ja\u010di koren, ve\u0107u lisnu masu, ujedna\u010dene plodove i ve\u0107e prinose.SLAVOL VVL spre\u010dava opadanje i pucanje plodova pred berbu, smanjuje napad saprofita u skladi\u0161tima.Tako\u0111e, koristi se u proizvodnji sadnog materijala za inicijaciju i formiranje adventivnih korenova podloge, br\u017ee zarastanje kontaktne povr\u0161ine izme\u0111u podloge i plemke.Koncentracije auksina u ovim preparatima su prilago\u0111ene potrebama biljaka za koje su namenjeni. U Slavolu VVL aktivnu materiju \u010dine i \u017eive \u0107elije bakterija koje kada do\u0111u u kontakt sa zemlji\u0161tem naseljavaju povr\u0161inu korena i pozitivno uti\u010du na ishranu biljaka azotom, fosforom, kalijumom, mikroelementima.<\/p>\n<div class=\"left50\">\n<p>AUKSINI DELUJU NA<\/p>\n<ul>\n<li>diferencijacija pupoljaka<\/li>\n<li>inhibicija starenja biljke<\/li>\n<li>pojava partenokarpije tj. plodova bez ko\u0161tica (krastavci, paradajza, jabuke)<\/li>\n<li>razvitak \u017eenskih (pistilatnih) delova cveta i plodova<\/li>\n<li>aktivnost enzima<\/li>\n<li>sinteza proteina i nukleinskih kiselina<\/li>\n<\/ul>\n<\/div>\n<div class=\"left50\">\n<p>AUKSINI ODLA\u017dU PO\u010cETAK OPADANJA LISTOVA I PLODOVA<\/p>\n<ul>\n<li>u ranim stadijumima apscizije auksin inhibira otpadanje listova<\/li>\n<li>u kasnijim stadijima ubrzava proces apscizije ( indukovanjem sinteze etilena )<\/li>\n<\/ul>\n<p>AUKSINI REGULI\u0160U RAZVOJ PLODOVA<\/p>\n<ul>\n<li>u prvim stadijumima rasta, plod auksinom opskrbljuje endosperm<\/li>\n<li>u kasnijim razvojnim stadijima embrion<\/li>\n<\/ul>\n<\/div>","protected":false},"excerpt":{"rendered":"<p><b>SLAVOL VVL<\/b>\u00a0je te\u010dno \u0111ubrivo, stimulator rasta koji je sertifikovan za primenu u organskoj i tradicionalnoj poljoprivrednoj proizvodnji.<\/p>\n<p><strong>Posebnim postupkom selekcije odabrane su bakterija\u00a0 koje produkuju indol-3-sir\u0107etnu kiselinu. Indol 3 sir\u0107etna kiselina koja se nalazi u SLAVOLU VVL je potpuno prirodnog porekla dobijena mikrobiolo\u0161kom fermentacijom. Osim nekih\u00a0 bakterija\u00a0 auksine sinteti\u0161u\u00a0 mlada tkiva biljaka\u00a0 \u2013 meristemi izdanaka, korena, mladi listovi i polen, plodovi koji se razvijaju, vrh korena.<\/strong><\/p>\n<ul>\n<li>Auksini se transportuju sprovodnim sudovima floemom i iz \u0107elije u \u0107eliju.<\/li>\n<li>Auksini\u00a0 spadaju u grupu biljnih hormona koji seluju stimulativno na sve fiziolo\u0161ke procese u biljkama.<\/li>\n<li>SLAVOL VVL sadr\u017ei mikroorganizme, stimulatore rasta koji u procesu fermentacije stvaraju AUKSINE. Indol \u2013 3 \u2013 sir\u0107etna kiselina (IAA)<\/li>\n<\/ul>\n<p class=\"subtitle-26\">BAKTERIJE:<\/p>\n<hr \/>\n<ol>\n<li>AZOTOFIKSATORI\u00a0\u2013 asocijativne bakterije koje fiksiraju azot.<\/li>\n<li>FOSFOMINERALIZATORI\u00a0\u2013 bakterije koje razla\u017eu organska jedinjenja fosfora.<\/li>\n<\/ol>","protected":false},"featured_media":5979,"template":"","meta":[],"product_brand":[],"product_cat":[200,303,285],"product_tag":[],"class_list":{"0":"post-5922","1":"product","2":"type-product","3":"status-publish","4":"has-post-thumbnail","6":"product_cat-ishrana-bilja","7":"product_cat-mikrobioloska-djubriva","8":"product_cat-tecna-djubriva","10":"first","11":"instock","12":"shipping-taxable","13":"product-type-simple"},"_links":{"self":[{"href":"https:\/\/agrarpetrovic.rs\/en\/wp-json\/wp\/v2\/product\/5922","targetHints":{"allow":["GET"]}}],"collection":[{"href":"https:\/\/agrarpetrovic.rs\/en\/wp-json\/wp\/v2\/product"}],"about":[{"href":"https:\/\/agrarpetrovic.rs\/en\/wp-json\/wp\/v2\/types\/product"}],"wp:featuredmedia":[{"embeddable":true,"href":"https:\/\/agrarpetrovic.rs\/en\/wp-json\/wp\/v2\/media\/5979"}],"wp:attachment":[{"href":"https:\/\/agrarpetrovic.rs\/en\/wp-json\/wp\/v2\/media?parent=5922"}],"wp:term":[{"taxonomy":"product_brand","embeddable":true,"href":"https:\/\/agrarpetrovic.rs\/en\/wp-json\/wp\/v2\/product_brand?post=5922"},{"taxonomy":"product_cat","embeddable":true,"href":"https:\/\/agrarpetrovic.rs\/en\/wp-json\/wp\/v2\/product_cat?post=5922"},{"taxonomy":"product_tag","embeddable":true,"href":"https:\/\/agrarpetrovic.rs\/en\/wp-json\/wp\/v2\/product_tag?post=5922"}],"curies":[{"name":"wp","href":"https:\/\/api.w.org\/{rel}","templated":true}]}}