{"id":5950,"date":"2023-07-13T16:30:28","date_gmt":"2023-07-13T14:30:28","guid":{"rendered":"https:\/\/agrarpetrovic.rs\/?post_type=product&#038;p=5950"},"modified":"2023-07-13T16:30:34","modified_gmt":"2023-07-13T14:30:34","slug":"slavol-s","status":"publish","type":"product","link":"https:\/\/agrarpetrovic.rs\/en\/proizvod\/slavol-s\/","title":{"rendered":"SLAVOL S"},"content":{"rendered":"<p>Nano\u0161enje SLAVOL-a S na seme biljaka stimuli\u0161e\u00a0 klijanje i nicanje, razvoj korenovog\u00a0 sistema i nadzemnog dela biljke. Indol-3-sir\u0107etna kiselina uti\u010de na izdu\u017eivanje \u0107elija i organa, rast stabljike, razvoj adventivnih i bo\u010dnih korenova, razvoj sprovodnog tkiva.<\/p>\n<p>Ujedna\u010deno nicanje biljaka olak\u0161ava primenu odgovaraju\u0107ih agrotehni\u010dkih mera (primena pesticida, \u0111ubrenje, kultivacija), jer biljke prolaze istovremeno kroz fenofaze.<\/p>\n<p>Ja\u010di korenov sistem ima ve\u0107u mo\u0107 usvajanja hranljivih elemenata iz zemlji\u0161ta \u0161to rezultira bolju ishranu biljaka, a ve\u0107a lisna povr\u0161ina omogu\u0107ava intenzivniji proces fotosinteze, ve\u0107u produkciju organske materije \u00a0\u0161to uti\u010de na bolji prinos.<\/p>\n<p>Potapanje reznica ukrasnog bilja u rastvor SLAVOL-a S deluje na rizogenezu \u2013 o\u017eiljavanje tj. formiranje korenovog sistema, razvoj bo\u010dnih i adventivnih korenova i grananje korena.<\/p>\n<p><b>\u0160TA \u0106ETE DOBITI PRIMENOM SLAVOL-a S?<\/b><\/p>\n<ul type=\"disc\">\n<li>Ve\u0107u snagu nicanja;<\/li>\n<li>Bolju klijavost semena;<\/li>\n<li>Ve\u0107u masu 1000 semena;<\/li>\n<li>Ve\u0107i prinos;<\/li>\n<li>Ve\u0107u lisnu masu i aktivnost fotosinteze;<\/li>\n<li>Obrazovanje bo\u010dnih i adventivnih korenova;<\/li>\n<li>O\u017eivljavanje reznica i kalemova.<\/li>\n<\/ul>","protected":false},"excerpt":{"rendered":"<p><b>SLAVOL S\u00a0<\/b>je te\u010dno \u0111ubrivo &#8211; stimulator rasta koji je sertifikovan za primenu u organskoj i tradicionalnoj poljoprivrednoj proizvodnji za:<\/p>\n<ul>\n<li><b>Tretman semena ratarskih i povrtarskih biljaka\u00a0<\/b>(kukuruz, p\u0161enica, soja, suncokret, paprika, itd)<\/li>\n<\/ul>\n<ul>\n<li><b>O\u017eiljavanje reznica ukrasnog bilja\u00a0<\/b>(sobnog i sezonskog cve\u0107a, perena, listopadnog i \u010detinarskog drve\u0107a i \u017ebunja)<\/li>\n<\/ul>\n<p>SLAVOL S sadr\u017ei auksin- indol-3-sir\u0107etnu kiselinu (IAA), esencijalni biljni hormon koji reguli\u0161e sve procese rasta i razvi\u0107a biljaka.<\/p>\n<p>Indol-3- sir\u0107etna kiselina u SLAVOL-u S je izolovana i indentifikovana metodama analiti\u010dke hemije. Ona je produkt metabolizma bakterija koje pospe\u0161uju rast biljka (PGP bakterija).<b>\u00a0<\/b>Indol-3- sir\u0107etna kiselina koja se nalazi u SLAVOL-u S je biolo\u0161ki aktivna.<\/p>\n<p>IAA stimuli\u0161e sve fiziolo\u0161ke procese u biljkama kao i auksin koji se sinteti\u0161e prirodno u biljnim \u0107elijama. Nano\u0161enjem egzogenog auksina (u Slavolu S) \u00a0na povr\u0161inu semena u optimalnim koncentracijama pove\u0107ava se koncentracija auksina pri klijanju i nicanju semena.<\/p>","protected":false},"featured_media":5980,"template":"","meta":[],"product_brand":[],"product_cat":[200,303,285],"product_tag":[],"class_list":{"0":"post-5950","1":"product","2":"type-product","3":"status-publish","4":"has-post-thumbnail","6":"product_cat-ishrana-bilja","7":"product_cat-mikrobioloska-djubriva","8":"product_cat-tecna-djubriva","10":"first","11":"instock","12":"shipping-taxable","13":"product-type-simple"},"_links":{"self":[{"href":"https:\/\/agrarpetrovic.rs\/en\/wp-json\/wp\/v2\/product\/5950","targetHints":{"allow":["GET"]}}],"collection":[{"href":"https:\/\/agrarpetrovic.rs\/en\/wp-json\/wp\/v2\/product"}],"about":[{"href":"https:\/\/agrarpetrovic.rs\/en\/wp-json\/wp\/v2\/types\/product"}],"wp:featuredmedia":[{"embeddable":true,"href":"https:\/\/agrarpetrovic.rs\/en\/wp-json\/wp\/v2\/media\/5980"}],"wp:attachment":[{"href":"https:\/\/agrarpetrovic.rs\/en\/wp-json\/wp\/v2\/media?parent=5950"}],"wp:term":[{"taxonomy":"product_brand","embeddable":true,"href":"https:\/\/agrarpetrovic.rs\/en\/wp-json\/wp\/v2\/product_brand?post=5950"},{"taxonomy":"product_cat","embeddable":true,"href":"https:\/\/agrarpetrovic.rs\/en\/wp-json\/wp\/v2\/product_cat?post=5950"},{"taxonomy":"product_tag","embeddable":true,"href":"https:\/\/agrarpetrovic.rs\/en\/wp-json\/wp\/v2\/product_tag?post=5950"}],"curies":[{"name":"wp","href":"https:\/\/api.w.org\/{rel}","templated":true}]}}