{"id":5951,"date":"2023-07-13T16:30:28","date_gmt":"2023-07-13T14:30:28","guid":{"rendered":"https:\/\/agrarpetrovic.rs\/?post_type=product&#038;p=5951"},"modified":"2023-07-13T16:30:35","modified_gmt":"2023-07-13T14:30:35","slug":"slavol-amiksol","status":"publish","type":"product","link":"https:\/\/agrarpetrovic.rs\/en\/proizvod\/slavol-amiksol\/","title":{"rendered":"SLAVOL AMIKSOL"},"content":{"rendered":"<p>Kada se biljka nalazi u stanju stresa usled visoke ili niske temperature, neadekvatnog vodnog re\u017eima, poreme\u0107ene ishrane, o\u0161te\u0107enja od grada, \u0161teto\u010dina, bolesti, sinteza aminokiselina i proteina je smanjena.\u00a0 Primenom\u00a0<b>AMIKSOLA<\/b>\u00a0slobodne L \u2013 aminokiseline, brzo prolaze kroz \u0107elijsku membranu i direktno se uklju\u010duju u sintezu proteina usled \u010dega se biljka\u00a0 brzo oporavlja.<\/p>\n<p>Aminokiseline koje se nalaze \u00a0u\u00a0<strong>AMIKSOL<\/strong>-u \u00a0se brzo apsorbuju \u00a0kroz stome i uklju\u010diju \u00a0u metabolizam biljke.<\/p>\n<p><strong>Amino kiseline direktno uti\u010du na:<\/strong><\/p>\n<ol>\n<li><strong>Sintezu proteina<\/strong>, jer su prekursori za njihovo formiranje. Sadr\u017ee i kiselu i baznu grupu pona\u0161aju\u0107i se kao puferi, tako da odr\u017eavaju pH biljne \u0107elije odgovaraju\u0107im. Izvor su azota za biljku, i to u obliku mnogo pristupa\u010dnijem nego neorganski azot.<\/li>\n<li><strong>Otpornost na stresne uslove<\/strong>\u00a0(kao sto su visoke, niske temperature, niska vla\u017enost vazduha, mrazevi, napadi insekata, poplave, jaki vetrovi). Nano\u0161enje pre, za vreme i posle stesnih uslova oporavlja i vra\u0107a u normalu fizolo\u0161ke funkcije).<\/li>\n<li><strong>Fotosintezu<\/strong>\u00a0(Amino kiseline su fundamentalne za formiranje vegetativnog tkiva i sintezu hlorofila. Ve\u0107a koncentracija hlorofila zna\u010di intezivnije procese fotosinteze. Visok nivo fotosinteze obezbe\u0111uje br\u017ei i ja\u010di rast biljke, a sa pove\u0107anom koncentracijom hlorofila i biljke su zelenije).<\/li>\n<li><strong>Pokrete stoma:\u00a0<\/strong>Stome reguli\u0161u vodeni re\u017eim biljke, apsorpciju mikro i makro elementa kao i razmenu gasova. Kada su\u00a0 stome zatvorene fotosinteza je na niskom nivou i transpiracija je redukovana. Metaboli\u010dki balans biljke je tada negativan. Aminokiseline favorizuju otvaranje stoma.<\/li>\n<li><strong>Polinaciju i formiranje plodova.\u00a0<\/strong>\u00a0Pove\u0107avaju klijavost polena i du\u017einu polenove tube.<\/li>\n<li><strong>Fitohormone-<\/strong>\u00a0Amino kiseline su prekursori i aktivatori\u00a0 fotohormona.<\/li>\n<\/ol>","protected":false},"excerpt":{"rendered":"<p><strong>Amiksol\u00a0<\/strong>je te\u010dno \u0111ubrivo koje sadr\u017ei L-amino kiseline biljnog porekla. Sertifikovano je za primenu u organskoj i tradicionalnoj poljoprivrednoj proizvodnji i koristi se u proizvodnji svih kultura<\/p>\n<p>AMIKSOL sadr\u017ei 16% slobodnih, biljnih L-aminokiselina. AMIKSOL je dobijen enzimskom hidrolizom visoko kvalitetnih biljnih proteina. U procesu hidrolize kori\u0161\u0107eni su enzimi PGP bakterija \u2013 proteinaze koje u procesu fermentacije razla\u017eu proteine do aminokiselina koje su u L- obliku. Ovaj tehnolo\u0161ki postupak ima niz prednosti u odnosu na hemijsku hidrolizu kada se koriste jake kiseline i proteini od \u017eivotinja ( meso, dlaka, perije, ko\u017ea) od kojih nastaju aminokiseline u L i D obliku. Biljne ne mogu da ugra\u0111uju u svoje proteine aminokiseline koje su u D &#8211; obliku i kao takve nisu korisne za biljke.<\/p>\n<p><b>AMIKSOL SE KORISTI FOLIJARNO ILI PREKO SISTEMA KAP PO KAP:<\/b><\/p>\n<p><b>1. RATARSKE KULTURE:<\/b>\u00a0u koli\u010dini 2-3 l\/ha u fazi intenzivnog rasta 2 puta u toku vegetacije. Mo\u017ee se mea\u0161ati s pesticidima.<\/p>\n<p><b>2. POVR\u0106E I CVE\u0106E:<\/b>\u00a0 u koli\u010dini 1-2 l\/ha svakih 10\u201315 dana.<\/p>\n<p><b>3. VO\u0106ARSTVO:\u00a0\u00a0<\/b>u koli\u010dini 2-3 l\/ha u slede\u0107im fenofazama:<\/p>\n<ul type=\"disc\">\n<li>Posle cvetanja.<\/li>\n<li>Po formiranju plodova veli\u010dine oraha.<\/li>\n<li>U fazi promene boje plodova.<\/li>\n<\/ul>\n<p><b>4. SISTEM KAP PO KAP:\u00a0<\/b>2-3 l\/ha putem sistema kap po kap,\u00a0 3 do 4 puta u toku vegetacije.<\/p>\n<p><b>5. U STRESNIM USLOVIMA: 3\u20134 l\/ha<\/b><\/p>","protected":false},"featured_media":5981,"template":"","meta":[],"product_brand":[],"product_cat":[200,303],"product_tag":[],"class_list":{"0":"post-5951","1":"product","2":"type-product","3":"status-publish","4":"has-post-thumbnail","6":"product_cat-ishrana-bilja","7":"product_cat-mikrobioloska-djubriva","9":"first","10":"instock","11":"shipping-taxable","12":"product-type-simple"},"_links":{"self":[{"href":"https:\/\/agrarpetrovic.rs\/en\/wp-json\/wp\/v2\/product\/5951","targetHints":{"allow":["GET"]}}],"collection":[{"href":"https:\/\/agrarpetrovic.rs\/en\/wp-json\/wp\/v2\/product"}],"about":[{"href":"https:\/\/agrarpetrovic.rs\/en\/wp-json\/wp\/v2\/types\/product"}],"wp:featuredmedia":[{"embeddable":true,"href":"https:\/\/agrarpetrovic.rs\/en\/wp-json\/wp\/v2\/media\/5981"}],"wp:attachment":[{"href":"https:\/\/agrarpetrovic.rs\/en\/wp-json\/wp\/v2\/media?parent=5951"}],"wp:term":[{"taxonomy":"product_brand","embeddable":true,"href":"https:\/\/agrarpetrovic.rs\/en\/wp-json\/wp\/v2\/product_brand?post=5951"},{"taxonomy":"product_cat","embeddable":true,"href":"https:\/\/agrarpetrovic.rs\/en\/wp-json\/wp\/v2\/product_cat?post=5951"},{"taxonomy":"product_tag","embeddable":true,"href":"https:\/\/agrarpetrovic.rs\/en\/wp-json\/wp\/v2\/product_tag?post=5951"}],"curies":[{"name":"wp","href":"https:\/\/api.w.org\/{rel}","templated":true}]}}