{"id":5954,"date":"2023-07-13T16:30:28","date_gmt":"2023-07-13T14:30:28","guid":{"rendered":"https:\/\/agrarpetrovic.rs\/?post_type=product&#038;p=5954"},"modified":"2023-07-13T16:30:37","modified_gmt":"2023-07-13T14:30:37","slug":"uniker","status":"publish","type":"product","link":"https:\/\/agrarpetrovic.rs\/en\/proizvod\/uniker\/","title":{"rendered":"UNIKER"},"content":{"rendered":"<p>Primenom UNIKER-a ubrzavaju se procesi transformacije \u017eetvenih ostataka<b>\u00a0<\/b>u zemlji\u0161tu. UNIKER spre\u010dava stvaranje azotne depresije (nedostatak pristupa\u010dnog azota u zemlji\u0161tu), jer sadr\u017ei lako hidrozibilnu organsku materiju koja se uz pomo\u0107 proteoliti\u010dkih bakterija razla\u017ee do pristupa\u010dnog azota (NH<sub>4<\/sub><sup>+<\/sup>) \u010dime se reguli\u0161e C\/N odnos. \u017detveni ostaci se pretvaraju u novu organsku materiju \u2013 humus. Humus spre\u010dava ispiranje hranljivih elemenata, pobolj\u0161ava vodno\u2013vazdu\u0161ni re\u017eim i strukturu zemlji\u0161ta. Primenom UNIKER-a \u017eetveni ostaci se br\u017ee razla\u017eu usled \u010dega je lak\u0161a\u00a0 predsetvena priprema zemlji\u0161ta i setva.<\/p>\n<p>U vo\u0107arstvu i vinogradarstvu UNIKER se koristi za prskanje opalog li\u0161\u0107a, gran\u010dica i kore drveta usled \u010dega se smanjuje inokulum patogena i infektivni potencijal za slede\u0107u godinu. Zemlji\u0161te se oboga\u0107uje novom organskom materijom koja pove\u0107ava plodnost zemlji\u0161ta.<\/p>\n<p>Kompostiranjem organskih ostataka nastaje stabilna organska materija sli\u010dna humusu \u2013 kompost.\u00a0 Kompost je kvalitetno organsko \u0111ubrivo koje se koristi za popravku fizi\u010dkih, hemijskih i biolo\u0161kih osobina zemlji\u0161ta, a mo\u017ee se proizvesti u svakom doma\u0107instvu kompostiranjem ostataka hrane, opalog li\u0161\u0107a, trave, gran\u010dica, sirovog stajskog \u0111ubriva.<\/p>\n<p><b>\u0160TA \u0106ETE DOBITI PRIMENOM UNIKER-a?<\/b><\/p>\n<ul>\n<li>Ve\u0107u plodnost zemlji\u0161ta;<\/li>\n<li>Ve\u0107i sadr\u017eaj organske materije u zemlji\u0161tu;<\/li>\n<li>Bolji vodno-vazdu\u0161ni i toplotni re\u017eim zemlji\u0161ta:<\/li>\n<li>Formiranje humusa;<\/li>\n<li>Spre\u010diti azotnu depresiju \u2013 nedostatak azota;<\/li>\n<li>Pobolj\u0161anu strukturu i mehani\u010dka svojstva zemlji\u0161ta;<\/li>\n<li>Pove\u0107anje mikrobne biomase u zemlji\u0161tu.<\/li>\n<\/ul>\n<p>&nbsp;<\/p>","protected":false},"excerpt":{"rendered":"<p>UNIKER je te\u010dno mikrobiolo\u0161ko \u0111ubrivo\u2013mobilizator hranljivih elemenata, koje je sertifikovano za primenu u organskoj i tradicionalnoj poljoprivrednoj proizvodnji u ratarstvu, povrtarstvu, vo\u0107arstvu i vinogradarstvu za razlaganje \u017eetvenih ostataka i kompostiranje.<\/p>\n<p>UNIKER se koristi u ratarstvu, povrtarstvu i vo\u0107arstvu za:<\/p>\n<ol>\n<li><a href=\"https:\/\/slavol.rs\/proizvodi\/uniker\/za-razlaganje-zetvenih-ostataka\">Razlaganje \u017eetvenih ostataka<\/a><\/li>\n<li><a href=\"https:\/\/slavol.rs\/proizvodi\/uniker\/kompositiranje\">Kompostiranje<\/a><\/li>\n<\/ol>\n<p>UNIKER sadr\u017ei:<\/p>\n<ul type=\"disc\">\n<li>Efektivne sojeve proteoliti\u010dkih i celuloliti\u010dkih bakterija koji razla\u017eu te\u0161ko rastvorljiva jedinjenja ugljenika, azota i fosfora i prevode ih u biljkama pristupa\u010dne oblike.<\/li>\n<li>Organsku materiju<b>\u00a0<\/b>koja se u zemlji\u0161tu transformi\u0161e do mineralnog azota (NH<sub>4<\/sub><sup>+<\/sup>) \u010dime se spre\u010dava stvaranje azotne depresije.<\/li>\n<\/ul>","protected":false},"featured_media":5984,"template":"","meta":[],"product_brand":[],"product_cat":[200,196,303],"product_tag":[],"class_list":{"0":"post-5954","1":"product","2":"type-product","3":"status-publish","4":"has-post-thumbnail","6":"product_cat-ishrana-bilja","7":"product_cat-ishrana-zivotinja","8":"product_cat-mikrobioloska-djubriva","10":"first","11":"instock","12":"shipping-taxable","13":"product-type-simple"},"_links":{"self":[{"href":"https:\/\/agrarpetrovic.rs\/en\/wp-json\/wp\/v2\/product\/5954","targetHints":{"allow":["GET"]}}],"collection":[{"href":"https:\/\/agrarpetrovic.rs\/en\/wp-json\/wp\/v2\/product"}],"about":[{"href":"https:\/\/agrarpetrovic.rs\/en\/wp-json\/wp\/v2\/types\/product"}],"wp:featuredmedia":[{"embeddable":true,"href":"https:\/\/agrarpetrovic.rs\/en\/wp-json\/wp\/v2\/media\/5984"}],"wp:attachment":[{"href":"https:\/\/agrarpetrovic.rs\/en\/wp-json\/wp\/v2\/media?parent=5954"}],"wp:term":[{"taxonomy":"product_brand","embeddable":true,"href":"https:\/\/agrarpetrovic.rs\/en\/wp-json\/wp\/v2\/product_brand?post=5954"},{"taxonomy":"product_cat","embeddable":true,"href":"https:\/\/agrarpetrovic.rs\/en\/wp-json\/wp\/v2\/product_cat?post=5954"},{"taxonomy":"product_tag","embeddable":true,"href":"https:\/\/agrarpetrovic.rs\/en\/wp-json\/wp\/v2\/product_tag?post=5954"}],"curies":[{"name":"wp","href":"https:\/\/api.w.org\/{rel}","templated":true}]}}