{"id":5955,"date":"2023-07-13T16:30:28","date_gmt":"2023-07-13T14:30:28","guid":{"rendered":"https:\/\/agrarpetrovic.rs\/?post_type=product&#038;p=5955"},"modified":"2023-07-13T16:30:37","modified_gmt":"2023-07-13T14:30:37","slug":"unistart","status":"publish","type":"product","link":"https:\/\/agrarpetrovic.rs\/en\/proizvod\/unistart\/","title":{"rendered":"UNISTART"},"content":{"rendered":"<p>UNISTART sadr\u017ei efektivne sojeve proteoliti\u010dkih i celuloliti\u010dkih bakterija koji razla\u017eu te\u0161ko rastvorljiva jedinjenja ugljenika, azota i fosfora i prevode ih u biljkama pristupa\u010dne oblike. Primenjuje se pre ili posle setve, a pre nicanja biljaka, zajedno sa zemlji\u0161nim herbicidima prskanjem po povr\u0161ini zemlji\u0161ta ili preko sistema\u201d kap po kap\u201d. Bakterije koje se nalaze u UNISTART-u dospevaju na korenov sistem biljke koja ni\u010de I direktno joj predaju biljne asimilative.<\/p>\n<p>Bakterije na povr\u0161ini korena formiraju tanku sluzavu navlaku, grade\u0107i vrlo \u010dvrstu vezu sa biljkom gde se uspostavlja specifi\u010dan oblik zajednice koja se naziva asocijacija.\u00a0Na korenovom sistemu bakterije mineralizuju organska jedinjenja azota, fosfora, sumpora, produkuju kiseline koje osloba\u0111aju K, Mg, Ca, Fe, Zn, B, Al, Mo, Mn i ostale mikroelemente iz te\u0161ko rastvorljivih jedinjenja i direktno ih predaju biljkama.\u00a0Na taj na\u010din biljke se dodatno snabdevaju hranljivim elementima koji se ve\u0107 nalaze u zemlji\u0161tu.<\/p>","protected":false},"excerpt":{"rendered":"<p><strong>Unistart<\/strong>\u00a0je te\u010dno mikrobiolo\u0161ko \u0111ubrivo \u2013 mobilizator hranljivih elemenata, koje je sertifikovano za primenu u organskoj i tradicionalnoj poljoprivrednoj proizvodnji.<\/p>\n<p>&nbsp;<\/p>\n<p><b>RATARSTVO:\u00a0<\/b>UNISTART se primenjuje u dozi od 3 l\/ha uz potro\u0161nju u 200-300l vode, prskati po povr\u0161ini zemlji\u0161ta. Mo\u017ee se me\u0161ati sa pesticidima. Pre setve, posle setve a pre nicanja biljaka.<\/p>\n<p><b>VO\u0106ARSTVO I VINOGRADARSTVO:\u00a0<\/b>(Pred start vegetacije za aktivaciju korena, Po\u010detak vegetacije i formiranje lisne\u00a0mase, Intezivni porast i cvetanje, Po\u010detak zametanja plodova, Intezivni porast plodova)<\/p>\n<p>1. Sistem kap po kap: 0,1-0,2 % ili 1-2 litre Unistarta na 1.000 litara vode. Mo\u017ee se me\u0161ati sa pesticidima;<\/p>\n<p>2. Prskanjem u trake du\u017e redova\u00a0Unistarta 3 l\/ha.<\/p>\n<p><b>POVRTARSTVO:\u00a0<\/b><\/p>\n<p>1. Izno\u0161enje rasada: UNISTART 3 l\/ha isprskati po povr\u0161ini zemlji\u0161ta.<\/p>\n<p>2.Sistem kap po kap: UNISTART 1 litar na 10 ari pu\u0161tati kroz sistem na 7-10 dana<\/p>","protected":false},"featured_media":5985,"template":"","meta":[],"product_brand":[],"product_cat":[200,303],"product_tag":[],"class_list":{"0":"post-5955","1":"product","2":"type-product","3":"status-publish","4":"has-post-thumbnail","6":"product_cat-ishrana-bilja","7":"product_cat-mikrobioloska-djubriva","9":"first","10":"instock","11":"shipping-taxable","12":"product-type-simple"},"_links":{"self":[{"href":"https:\/\/agrarpetrovic.rs\/en\/wp-json\/wp\/v2\/product\/5955","targetHints":{"allow":["GET"]}}],"collection":[{"href":"https:\/\/agrarpetrovic.rs\/en\/wp-json\/wp\/v2\/product"}],"about":[{"href":"https:\/\/agrarpetrovic.rs\/en\/wp-json\/wp\/v2\/types\/product"}],"wp:featuredmedia":[{"embeddable":true,"href":"https:\/\/agrarpetrovic.rs\/en\/wp-json\/wp\/v2\/media\/5985"}],"wp:attachment":[{"href":"https:\/\/agrarpetrovic.rs\/en\/wp-json\/wp\/v2\/media?parent=5955"}],"wp:term":[{"taxonomy":"product_brand","embeddable":true,"href":"https:\/\/agrarpetrovic.rs\/en\/wp-json\/wp\/v2\/product_brand?post=5955"},{"taxonomy":"product_cat","embeddable":true,"href":"https:\/\/agrarpetrovic.rs\/en\/wp-json\/wp\/v2\/product_cat?post=5955"},{"taxonomy":"product_tag","embeddable":true,"href":"https:\/\/agrarpetrovic.rs\/en\/wp-json\/wp\/v2\/product_tag?post=5955"}],"curies":[{"name":"wp","href":"https:\/\/api.w.org\/{rel}","templated":true}]}}