{"id":5957,"date":"2023-07-13T16:30:28","date_gmt":"2023-07-13T14:30:28","guid":{"rendered":"https:\/\/agrarpetrovic.rs\/?post_type=product&#038;p=5957"},"modified":"2023-07-13T16:30:39","modified_gmt":"2023-07-13T14:30:39","slug":"silko-za-lucerku","status":"publish","type":"product","link":"https:\/\/agrarpetrovic.rs\/en\/proizvod\/silko-za-lucerku\/","title":{"rendered":"SILKO ZA LUCERKU"},"content":{"rendered":"<p>Savremena proizvodnja u govedarstvu ne mo\u017ee se zamisliti bez kori\u0161\u0107enja sila\u017ee. Cilj konzervisanja zelenih biljaka siliranjem je da se maksimalno o\u010duva njihova hranljiva vrednost u \u0161to du\u017eem periodu i da se za \u017eivotinje dobije ukusna i zdrava hrana, kao i obezbedi stabilna proizvodnja mleka i mesa. Sila\u017ea je proizvod koji nastaje u postupku konzervisanja sto\u010dne hrane metodom siliranja putem prirodne mikroflore ili dodatih inokuliranih, odabranih sojeva bakterija mle\u010dno \u2013 kiselinskog vrenja. Obzirom da su mle\u010dno-kiselinskih\u00a0 bakterija\u00a0 u veoma malom broju sa li\u0161\u0107a i da \u0161e\u0107ere fermenti\u0161u po heterofermentativnom tipu, tok fermentacije je nekontrolisan, a sila\u017ea obi\u010dno nije zadovoljavaju\u0107eg kvaliteta, nema lep ukus i miris i \u017eivotinje je nerado konzumiraju. Iz tog razloga se preporu\u010duje kori\u0161\u0107enje inokulanata, odnosno specijalnih dodataka na bazi homofermentativnih mle\u010dnih bakterija, jer se u startu posti\u017ee visoka brojnost ovih bakterija. Za uspe\u0161no pripremanje sila\u017ee neophodno je obezbediti anaerobne uslove sabijanjem\u00a0 \u010dime se spre\u010dava rast aerobnih mikroorganizama, kao \u0161to su kvasci, plesni i trule\u017ene bakterije koje lo\u0161e uti\u010du na kvalitet sila\u017ee i zdravlje \u017eivotinja.\u00a0<strong>SILKO ZA LUCERKU<\/strong>\u00a0sadr\u017ei homofermentativne mle\u010dne bakterije koje produkuju enzyme koji hidrolizuju polisaharide do monosaharida i na taj na\u010din umanjuju deficit \u0161e\u0107era u lucerki.\u00a0 Koristi se za pripremanje sila\u017ee i senaze lucerke.Tako\u0111e, sadr\u017ei konzorcijum homofermentativnih mle\u010dnih bakterija koje su aktivne na razli\u010ditim pH. Koristi se za pripremanje sila\u017ee i sena\u017ea lucerke.<\/p>\n<p><strong>EFEKTI PRIMENE<\/strong><\/p>\n<ul>\n<li>Ubrzana fermentacija;<\/li>\n<li>Pove\u0107ana aerobna stabilnost sila\u017ee;<\/li>\n<li>Pobolj\u0161ana svarljivost NDF-a i ADF-a ( svarljivost vlakana);<\/li>\n<li>O\u010duvanje proteina u prirodnom obliku;<\/li>\n<li>Pove\u0107anje dnevnog prinosa mleka i prirasta;<\/li>\n<li>Smanjena upotreba koncentrata;<\/li>\n<li>Sni\u017een procenat sir\u0107etne i buterne kiseline;<\/li>\n<li>Ve\u0107a hranljiva vrednost sila\u017ee.<\/li>\n<\/ul>","protected":false},"excerpt":{"rendered":"<p>Specijalizovani proizvod namenjen za pripremanje sila\u017ee\/sena\u017ee lucerke<\/p>\n<p><b>SILKO ZA LUCERKU<\/b>\u00a0sadr\u017ei\u00a0<i>Lactobacilius plantarum i Peciococcus sp.<\/i>\u00a0Lucerka zbog svog hemijskog sastava se te\u0161ko silira jer sadr\u017ei samo 7% \u0161e\u0107era. Homofermentativne mle\u010dne bakterije produkuju enzime koji hidrolizuju polisaharide i osloba\u0111aju \u0161e\u0107ere koji se tokom mle\u010dno-kiselinske fermentacije pretvarau u kiseline koje sni\u017eavaju pH.\u00a0<i>Lactobacillus plantarum<\/i>\u00a0je aktivan na pH 6, a Pediococcus sp. na pH 5, koji dodatno sni\u017eava pH sila\u017ee na 4. Sve ovo uti\u010de na pobolj\u0161anje svarljivosti vlakana NDF-a i ADF-a i o\u010duvanje proteina u prirodnom obliku usled \u010dega se pove\u0107ava hranljiva vrednost sila\u017ee.<\/p>\n<p><strong>PRIMENA SILKA ZA LUCERKU<\/strong><\/p>\n<p><strong>ZA 20 t SILA\u017dE LUCERKE :\u00a0<\/strong>100 ml Silka za lucerku sipati u 20 l vode \u2013 za pripremanje 20 t sila\u017ee<\/p>\n<p><strong>ZA 50 t SILA\u017dE LUCERKE :<\/strong>\u00a0250 ml Silka za lucerku sipati u 50 l vode \u2013 za pripremanje 50 t sila\u017ee<\/p>\n<p><strong>ZA 200 t SILA\u017dE LUCERKE :<\/strong>\u00a01 litar Silka za lucerku sipati u 200 l vode \u2013 za pripremanje 200 t sila\u017ee<\/p>\n<p>SILA\u017dU SPREMATI STANDARDNOM TEHNOLOGIJOM, BILJNA MASA MORA BITI DOBRO SABIJENA I ZATVORENA OD ULASKA VAZDUHA U SILOS ILI U BALE.<\/p>","protected":false},"featured_media":5987,"template":"","meta":[],"product_brand":[],"product_cat":[196,303,199],"product_tag":[],"class_list":{"0":"post-5957","1":"product","2":"type-product","3":"status-publish","4":"has-post-thumbnail","6":"product_cat-ishrana-zivotinja","7":"product_cat-mikrobioloska-djubriva","8":"product_cat-stocarstvo","10":"first","11":"instock","12":"shipping-taxable","13":"product-type-simple"},"_links":{"self":[{"href":"https:\/\/agrarpetrovic.rs\/en\/wp-json\/wp\/v2\/product\/5957","targetHints":{"allow":["GET"]}}],"collection":[{"href":"https:\/\/agrarpetrovic.rs\/en\/wp-json\/wp\/v2\/product"}],"about":[{"href":"https:\/\/agrarpetrovic.rs\/en\/wp-json\/wp\/v2\/types\/product"}],"wp:featuredmedia":[{"embeddable":true,"href":"https:\/\/agrarpetrovic.rs\/en\/wp-json\/wp\/v2\/media\/5987"}],"wp:attachment":[{"href":"https:\/\/agrarpetrovic.rs\/en\/wp-json\/wp\/v2\/media?parent=5957"}],"wp:term":[{"taxonomy":"product_brand","embeddable":true,"href":"https:\/\/agrarpetrovic.rs\/en\/wp-json\/wp\/v2\/product_brand?post=5957"},{"taxonomy":"product_cat","embeddable":true,"href":"https:\/\/agrarpetrovic.rs\/en\/wp-json\/wp\/v2\/product_cat?post=5957"},{"taxonomy":"product_tag","embeddable":true,"href":"https:\/\/agrarpetrovic.rs\/en\/wp-json\/wp\/v2\/product_tag?post=5957"}],"curies":[{"name":"wp","href":"https:\/\/api.w.org\/{rel}","templated":true}]}}