{"id":5959,"date":"2023-07-13T16:30:29","date_gmt":"2023-07-13T14:30:29","guid":{"rendered":"https:\/\/agrarpetrovic.rs\/?post_type=product&#038;p=5959"},"modified":"2023-07-13T16:30:40","modified_gmt":"2023-07-13T14:30:40","slug":"rizol-za-lucerku","status":"publish","type":"product","link":"https:\/\/agrarpetrovic.rs\/en\/proizvod\/rizol-za-lucerku\/","title":{"rendered":"RIZOL ZA LUCERKU"},"content":{"rendered":"<p><strong>BIOFERTILIZACIJA ZA TRETMAN SEMENA SIMBIOZNIM AZOTOFIKSATORIMA<\/strong><\/p>\n<p><strong>AZOTOFIKSACIJA\u00a0<\/strong>je proces prevo\u0111enja atmosferskog azota iz atmosfere koji je nepristupa\u010dan<strong>\u00a0<\/strong>u pristupa\u010dne(NH4)kojeg mogu da koriste svi ostali organizmi na Zemlji.Azot kojeg ima u atmosferi oko 78% postaje dostupan ostalom \u017eivom svetu zahvaljuju\u0107i azotofiksatorima, mikoorganizmima koji jedino mogu da koriste gasoviti azot iz atmosfere i da ga prevedu u amonijak.<\/p>\n<p><strong>SIMBIOZNI AZOTOFIKSATORI<\/strong>\u00a0su bakterije koje obrazuju kvr\u017eice u korenu leguminoznih biljaka(soja, lucerka, gra\u0161ak, pasulj, detelina i sl.)gde obavljaju azotofiksaciju.Ove bakterije su strogo specifi\u010dne za odre\u0111enu biljnu vrstu tako da jedna vrsta\u00a0 bakterija obrazuje kvr\u017eice samo na(jednoj)odgovaraju\u0107oj biljnoj vrsti.Izme\u0111u bakterije i biljke uspostavljaja se simbioza-oblik zajednice u kojoj bakterije direktno predaju pristupa\u010dan azot biljkama, dok biljke snabdevaju bakterijama asimilativima(hranljivim materijama koje je stvorila u procesu fotosinteze).<\/p>\n<p>Primenom biofertilizatora koji sadr\u017ee odgovaraju\u0107e simbiozne azotofiksatore tj.nano\u0161enjem ovih bakterija na seme leguminoznih biljaka pospe\u0161uje se obra\u017eovanje kvr\u017eica u korenu.<\/p>\n<p>Bakterije simbiozni azotofiksatori preko korenskih dla\u010dica dospevaju u unutra\u0161njost korena(parenhima)gde po\u010dinju ubrzano da se dele,usled \u010dega se formira kvr\u017eica u kojoj ove bakterije fiksiraju azot.<\/p>\n<p>Osim simbioznih azotofiksatora ovi preparati sadr\u017ee i asocijattivne azotofiksatore i fosfomineralizatore koji nakon primene biofertilizatora naseljavaju povr\u0161inu korena.<\/p>\n<p>Pospe\u0161eno formiranje kvr\u017eica u korenu;<\/p>\n<p>&#8211; Ve\u0107u klijavost semena, energiju klijanja, snagu nicanja;<\/p>\n<p>&#8211; Bolji rast i razvoj korenovog sistema i nadzemnog dela biljke;<\/p>\n<p>&#8211; Pobolj\u0161anu ishranu biljaka N, P, i K;<\/p>\n<p>&#8211; Ve\u0107i prinos.<\/p>\n<hr \/>","protected":false},"excerpt":{"rendered":"<p><strong>Rizol za lucerku<\/strong>\u00a0je mikrobiolo\u0161ko \u0111ubrivo za inokulaciju semena lucerke.<\/p>\n<p>Rizol za lucerku sadr\u017ei efektivne sojeve simbioznih azotofiksatora\u00a0<em>Rhizobium (Sinorhizobium) meliloti<\/em>, asocijativne azotofiksatore i stimulatore rasta nanete na specijalne nosa\u010de u te\u010dnom stanju. Simbiozni azotofiksatori\u00a0 preko korenskih dla\u010dica dospevaju u unutra\u0161njost korena, gde se ubrzano dele, usled \u010dega se formira kvr\u017eica u kojoj ove bakterije fiksiraju azot.<\/p>\n<p><strong>Proizvod sadr\u017ei zemlji\u0161ne bakterije<\/strong>:<\/p>\n<hr \/>\n<ol>\n<li><strong>AZOTOFIKSATORE<\/strong>\u00a0(simbiozne i asocijativne)\u2013min 10<sup>9<\/sup>cfu\/cm\u00a0<sup>3<\/sup><\/li>\n<li><strong>STIMULATORE RASTA<\/strong>\u00a0\u2013min 10<sup>7<\/sup>cfu\/cm\u00a0<sup>3<\/sup><\/li>\n<\/ol>\n<p>RIZOL ZA LUCERKU (200 ml) pome\u0161ati sa hektarskom normom semena lucerke ostaviti da se prosu\u0161i i sejati. Po potrebi mo\u017ee se dodati malo vode ili Slavola S. sejati. Tretman semena se mo\u017ee izvesti nekoliko dana pre setve.Preporu\u010duje se prskanje Slavolom u fazi kada biljka obrazuje prva dva para trolistaka pa seve do faze obrazovanja mahuna, kao i posle svakog otkosa lucerke.<\/p>","protected":false},"featured_media":5989,"template":"","meta":[],"product_brand":[],"product_cat":[200,303],"product_tag":[],"class_list":{"0":"post-5959","1":"product","2":"type-product","3":"status-publish","4":"has-post-thumbnail","6":"product_cat-ishrana-bilja","7":"product_cat-mikrobioloska-djubriva","9":"first","10":"instock","11":"shipping-taxable","12":"product-type-simple"},"_links":{"self":[{"href":"https:\/\/agrarpetrovic.rs\/en\/wp-json\/wp\/v2\/product\/5959","targetHints":{"allow":["GET"]}}],"collection":[{"href":"https:\/\/agrarpetrovic.rs\/en\/wp-json\/wp\/v2\/product"}],"about":[{"href":"https:\/\/agrarpetrovic.rs\/en\/wp-json\/wp\/v2\/types\/product"}],"wp:featuredmedia":[{"embeddable":true,"href":"https:\/\/agrarpetrovic.rs\/en\/wp-json\/wp\/v2\/media\/5989"}],"wp:attachment":[{"href":"https:\/\/agrarpetrovic.rs\/en\/wp-json\/wp\/v2\/media?parent=5959"}],"wp:term":[{"taxonomy":"product_brand","embeddable":true,"href":"https:\/\/agrarpetrovic.rs\/en\/wp-json\/wp\/v2\/product_brand?post=5959"},{"taxonomy":"product_cat","embeddable":true,"href":"https:\/\/agrarpetrovic.rs\/en\/wp-json\/wp\/v2\/product_cat?post=5959"},{"taxonomy":"product_tag","embeddable":true,"href":"https:\/\/agrarpetrovic.rs\/en\/wp-json\/wp\/v2\/product_tag?post=5959"}],"curies":[{"name":"wp","href":"https:\/\/api.w.org\/{rel}","templated":true}]}}