{"id":5961,"date":"2023-07-13T16:30:29","date_gmt":"2023-07-13T14:30:29","guid":{"rendered":"https:\/\/agrarpetrovic.rs\/?post_type=product&#038;p=5961"},"modified":"2023-07-13T16:30:41","modified_gmt":"2023-07-13T14:30:41","slug":"bistrol","status":"publish","type":"product","link":"https:\/\/agrarpetrovic.rs\/en\/proizvod\/bistrol\/","title":{"rendered":"BISTROL"},"content":{"rendered":"<p>BISTROL pomo\u0107u mikrobnih enzima i biosurfaktanata transformi\u0161e proteine, celulozu, masti i ulja pri \u010demu rastvara \u010dvrsti sloj taloga i pre\u010di\u0161\u0107ava otpadnu vodu.<\/p>\n<p>Bistrol elimi\u0161e amonijak i ostale neprijatne mirise, smanjuje zaga\u0111enje odlaze\u0107e vode kao i koli\u010dinu sedimentiranog taloga na dnu. BISTROL odr\u017eava prirodni biolo\u0161ki rad sto\u010darskih laguna, spre\u010dava za\u010depljenje i curenje, olak\u0161ava pra\u017enjenje.<\/p>\n<ul>\n<li>Biolo\u0161ko aktiviranje razlaganja.<\/li>\n<li>Eliminisanje neprijatnih mirisa i \u0161tetnih gasova.<\/li>\n<li>Smanjenu koli\u010dinu \u010dvrstih materija.<\/li>\n<li>Odr\u017eavanje prirodnog biolo\u0161kog rada sto\u010darskih laguna<\/li>\n<li>Spre\u010davanje za\u010depljenja i curenja<\/li>\n<li>\u010ci\u0161\u0107enje celog sistema.<\/li>\n<\/ul>\n<p>&nbsp;<\/p>","protected":false},"excerpt":{"rendered":"<p>Bistrol &#8211; Za tretman otpadnih voda iz sto\u010darskih farmi.<\/p>\n<p>Bistrol sadr\u017ei konzorcijum aerobnih i anaerobnih saprofitnih bakterija, koje produkuju povr\u0161inski aktivne materije \u2013 biosurfaktante I enzime(proteaze, celulaze, lipaze), koji u\u010destvuju u formiranju biofilmova i razgradnji organskog otpada iz sto\u010darskih jama.<\/p>\n<ol>\n<li><strong>Zatvorene<\/strong>\u00a0&#8211; 1 litar Bistrola na 8-10 m<sup>3<\/sup>\u00a0 vode, sipati u lagunu kroz re\u0161etku na podu.<\/li>\n<li><strong>Otvorene<\/strong>\u00a0&#8211; 1 litar\u00a0 Bistrola na 8-10 m<sup>3<\/sup>\u00a0 vode sa svih strana sipati direktno u lagunu.<\/li>\n<\/ol>","protected":false},"featured_media":5991,"template":"","meta":[],"product_brand":[],"product_cat":[337],"product_tag":[],"class_list":{"0":"post-5961","1":"product","2":"type-product","3":"status-publish","4":"has-post-thumbnail","6":"product_cat-sredstva-za-higijenu-na-farmi-i-domacinstvu","8":"first","9":"instock","10":"shipping-taxable","11":"product-type-simple"},"_links":{"self":[{"href":"https:\/\/agrarpetrovic.rs\/en\/wp-json\/wp\/v2\/product\/5961","targetHints":{"allow":["GET"]}}],"collection":[{"href":"https:\/\/agrarpetrovic.rs\/en\/wp-json\/wp\/v2\/product"}],"about":[{"href":"https:\/\/agrarpetrovic.rs\/en\/wp-json\/wp\/v2\/types\/product"}],"wp:featuredmedia":[{"embeddable":true,"href":"https:\/\/agrarpetrovic.rs\/en\/wp-json\/wp\/v2\/media\/5991"}],"wp:attachment":[{"href":"https:\/\/agrarpetrovic.rs\/en\/wp-json\/wp\/v2\/media?parent=5961"}],"wp:term":[{"taxonomy":"product_brand","embeddable":true,"href":"https:\/\/agrarpetrovic.rs\/en\/wp-json\/wp\/v2\/product_brand?post=5961"},{"taxonomy":"product_cat","embeddable":true,"href":"https:\/\/agrarpetrovic.rs\/en\/wp-json\/wp\/v2\/product_cat?post=5961"},{"taxonomy":"product_tag","embeddable":true,"href":"https:\/\/agrarpetrovic.rs\/en\/wp-json\/wp\/v2\/product_tag?post=5961"}],"curies":[{"name":"wp","href":"https:\/\/api.w.org\/{rel}","templated":true}]}}