{"id":5962,"date":"2023-07-13T16:30:29","date_gmt":"2023-07-13T14:30:29","guid":{"rendered":"https:\/\/agrarpetrovic.rs\/?post_type=product&#038;p=5962"},"modified":"2023-07-13T16:30:41","modified_gmt":"2023-07-13T14:30:41","slug":"bistrol-home","status":"publish","type":"product","link":"https:\/\/agrarpetrovic.rs\/en\/proizvod\/bistrol-home\/","title":{"rendered":"BISTROL HOME"},"content":{"rendered":"<p>BISTROL HOME pomo\u0107u mikrobnih enzima, biosurfaktanata i formiranih biofilmova aktivira biolo\u0161ko razlaganje organiskog otpada, smanjuje koli\u010dinu mulja, rastvara i mineralizuje \u010dvrsti sloj taloga, smanjuje hemijsku i biolo\u0161ku potro\u0161nju kiseonika (COD- Chemical Oxygen Demand i BOD- Biological Oxygen Demand). Tako\u0111e elimini\u0161e amonijak i ostale neprijatne mirise, smanjuje zaga\u0111enje odlaze\u0107e vode kao i koli\u010dinu sedimentiranog taloga na dnu. BISTROL HOME odr\u017eava prirodni biolo\u0161ki rad septi\u010dkih ama, spra\u010dava za\u010depljenje i curenje, olak\u0161ava pra\u017eenjenje septi\u010dkih jama i ne o\u0161te\u0107uje kanalizacione cevi.<\/p>\n<p class=\"style1\"><b>\u0160TA \u0106ETE DOBITI PRIMENOM BISTROLA HOME?<\/b><\/p>\n<ul>\n<li>Pre\u010di\u0161\u0107avanje septi\u010dke jame<b>\u00a0<\/b>prirodnim putem;<\/li>\n<li>Otklanjanje neprijatnih mirisa iz kanalizacije, sudopera, lavaboa;<\/li>\n<li>Spre\u010davanje za\u010depljenja i curenja;<\/li>\n<li>Lak\u0161e pra\u017enjenje septi\u010dkih jama.<\/li>\n<\/ul>\n<p>&nbsp;<\/p>","protected":false},"excerpt":{"rendered":"<p>Bistrol Home je preparat za pre\u010di\u0161\u0107avanje septi\u010dkih jama prirodnim putem.\u00a0Koristi se za otklanjanje neprijatnih mirisa iz kanalizacije preko lavaboa, sudopera, septi\u010dkih jama i WC \u0161olja.<\/p>\n<p>ISTROL HOME sadr\u017ei aerobne i anaerobne saprofitne bakterije, koje razla\u017eu proteine, celulozu i masti i ulja. Bakterije produkuju enzime &#8211; \u00a0proteaze, celulaze i lipaze, kojima \u00a0razgra\u0111uju mulj u septi\u010dkim jamama. Ove bakterije produkuju i povr\u0161inski aktivne metabolite &#8211; biosurfaktante koji u\u010destvuju u formiranju biofilmova, emulgovanju, degradaciji i transformaciji organskog otpada u mulju i vodi koja se nalazi u septi\u010dkoj jami.<\/p>\n<p><b>POTREBA:<\/b><\/p>\n<p><b>SEPTI\u010cKE JAME ZAPREMINE OD 8-10 m<sup>3\u00a0<\/sup>:<\/b><\/p>\n<p><b>1.<\/b><b>ZA ZAPU\u0160TENE SEPTI\u010cKE JAME :<\/b><\/p>\n<p><b><\/b>Sipajte 1 L BISTROL HOME-a direktno u WC \u0161olju, lavabo ili u septi\u010dku jamu. Prethodno promu\u0107kajte sadr\u017eaj.<\/p>\n<p><b>2.ZA REDOVNO ODR\u017dAVANJE SEPTI\u010cKIH JAMA:<\/b><\/p>\n<p>Sipati 250 ml na svakih 7 dana u wc \u0161olju, sudoperu i lavabo i druge odvode ili direktno u septi\u010dku jamu.<\/p>","protected":false},"featured_media":5992,"template":"","meta":[],"product_brand":[],"product_cat":[337],"product_tag":[],"class_list":{"0":"post-5962","1":"product","2":"type-product","3":"status-publish","4":"has-post-thumbnail","6":"product_cat-sredstva-za-higijenu-na-farmi-i-domacinstvu","8":"first","9":"instock","10":"shipping-taxable","11":"product-type-simple"},"_links":{"self":[{"href":"https:\/\/agrarpetrovic.rs\/en\/wp-json\/wp\/v2\/product\/5962","targetHints":{"allow":["GET"]}}],"collection":[{"href":"https:\/\/agrarpetrovic.rs\/en\/wp-json\/wp\/v2\/product"}],"about":[{"href":"https:\/\/agrarpetrovic.rs\/en\/wp-json\/wp\/v2\/types\/product"}],"wp:featuredmedia":[{"embeddable":true,"href":"https:\/\/agrarpetrovic.rs\/en\/wp-json\/wp\/v2\/media\/5992"}],"wp:attachment":[{"href":"https:\/\/agrarpetrovic.rs\/en\/wp-json\/wp\/v2\/media?parent=5962"}],"wp:term":[{"taxonomy":"product_brand","embeddable":true,"href":"https:\/\/agrarpetrovic.rs\/en\/wp-json\/wp\/v2\/product_brand?post=5962"},{"taxonomy":"product_cat","embeddable":true,"href":"https:\/\/agrarpetrovic.rs\/en\/wp-json\/wp\/v2\/product_cat?post=5962"},{"taxonomy":"product_tag","embeddable":true,"href":"https:\/\/agrarpetrovic.rs\/en\/wp-json\/wp\/v2\/product_tag?post=5962"}],"curies":[{"name":"wp","href":"https:\/\/api.w.org\/{rel}","templated":true}]}}