{"id":5963,"date":"2023-07-13T16:30:29","date_gmt":"2023-07-13T14:30:29","guid":{"rendered":"https:\/\/agrarpetrovic.rs\/?post_type=product&#038;p=5963"},"modified":"2023-07-13T16:30:42","modified_gmt":"2023-07-13T14:30:42","slug":"sem-psenica-syngenta-ingenio","status":"publish","type":"product","link":"https:\/\/agrarpetrovic.rs\/en\/proizvod\/sem-psenica-syngenta-ingenio\/","title":{"rendered":"SEM. P\u0160ENICA SYNGENTA INGENIO"},"content":{"rendered":"","protected":false},"excerpt":{"rendered":"<p>I prinos i kvalitet<br \/>\nSorta ozime p\u0161enice CCB Ingenio pru\u017ea standardno visok<br \/>\nprinos, kvalitet i sigurnost!<br \/>\nKarakteristike<br \/>\n\u2022 Visokokvalitetna sorta stabilnog prinosa i kvaliteta zrna<br \/>\n\u2022 Preporu\u010deni rok setve 15-25. oktobar\u00a0(dobro podnosi kasnije rokove setve)<br \/>\n\u2022 Preporu\u010dena gustina setve (broj klijavih zrna po m2) je od\u00a0400 -450 (orijentaciono od 220 do 240 kg)<br \/>\n\u2022 Srednje rana sorta izuzetno dobrog bokorenja u prole\u0107e<br \/>\n\u2022 Visoke tolerantnosti na bolesti stabla i lista<br \/>\n\u2022 Stablo prose\u010dne visine 95 cm<br \/>\n\u2022 Sorta sa osjem, srednje otpornosti na izmrzavanje<br \/>\n\u2022 Pogodna za podru\u010dja u kojima se u fazi nalivanja zrna \u010desto javlja su\u0161a<br \/>\n\u2022 Stablo \u010dvrsto,visoke otpornosti na poleganje<br \/>\n\u2022 Zrno B1 do A2 kvaliteta sa visokim sadr\u017eajem proteina<br \/>\n\u2022 Najbolje rezultate daje u intenzivnim uslovima proizvodnje<\/p>","protected":false},"featured_media":5993,"template":"","meta":[],"product_brand":[],"product_cat":[340,335],"product_tag":[],"class_list":{"0":"post-5963","1":"product","2":"type-product","3":"status-publish","4":"has-post-thumbnail","6":"product_cat-seme-strnih-zita","7":"product_cat-semenska-roba","9":"first","10":"instock","11":"shipping-taxable","12":"product-type-simple"},"_links":{"self":[{"href":"https:\/\/agrarpetrovic.rs\/en\/wp-json\/wp\/v2\/product\/5963","targetHints":{"allow":["GET"]}}],"collection":[{"href":"https:\/\/agrarpetrovic.rs\/en\/wp-json\/wp\/v2\/product"}],"about":[{"href":"https:\/\/agrarpetrovic.rs\/en\/wp-json\/wp\/v2\/types\/product"}],"wp:featuredmedia":[{"embeddable":true,"href":"https:\/\/agrarpetrovic.rs\/en\/wp-json\/wp\/v2\/media\/5993"}],"wp:attachment":[{"href":"https:\/\/agrarpetrovic.rs\/en\/wp-json\/wp\/v2\/media?parent=5963"}],"wp:term":[{"taxonomy":"product_brand","embeddable":true,"href":"https:\/\/agrarpetrovic.rs\/en\/wp-json\/wp\/v2\/product_brand?post=5963"},{"taxonomy":"product_cat","embeddable":true,"href":"https:\/\/agrarpetrovic.rs\/en\/wp-json\/wp\/v2\/product_cat?post=5963"},{"taxonomy":"product_tag","embeddable":true,"href":"https:\/\/agrarpetrovic.rs\/en\/wp-json\/wp\/v2\/product_tag?post=5963"}],"curies":[{"name":"wp","href":"https:\/\/api.w.org\/{rel}","templated":true}]}}