{"id":5964,"date":"2023-07-13T16:30:29","date_gmt":"2023-07-13T14:30:29","guid":{"rendered":"https:\/\/agrarpetrovic.rs\/?post_type=product&#038;p=5964"},"modified":"2023-07-13T16:30:42","modified_gmt":"2023-07-13T14:30:42","slug":"sem-psenica-syngenta-falado","status":"publish","type":"product","link":"https:\/\/agrarpetrovic.rs\/en\/proizvod\/sem-psenica-syngenta-falado\/","title":{"rendered":"SEM. P\u0160ENICA SYNGENTA FALADO"},"content":{"rendered":"","protected":false},"excerpt":{"rendered":"<h3>Sna\u017ena sorta i tokom zime<\/h3>\n<p>\u2714 Rana ozima p\u0161enica sa osjem, odli\u010dnog\u00a0odnosa prinosa i kvaliteta<br \/>\n\u2714 Niska do srednje visoka sorta (78-85cm)<br \/>\n\u2714 Vrlo brz pocetni porast<br \/>\n\u2714 Veliki \u0161iroki tamnozeleni listovi<br \/>\n\u2714 Sna\u017ena sorta, vrlo dobrog sadr\u017eaja i kvaliteta\u00a0proteina<br \/>\n\u2714\u00a0Srednje otpornosti na mraz<br \/>\n\u2714 Tolerantna na najva\u017enije bolesti, narocito na\u00a0<em>Fusarium<\/em><br \/>\n\u2714 Preporu\u010dujemo proizvoa\u010dima koji tra\u017ee\u00a0vrhunske prinose i dobar kvalitet zrna<br \/>\n\u2714 Sorta za setvu na svim tipovima zemlji\u0161ta<br \/>\n\u2714 Setvena norma 400 \u2013 450 broj klijavih zrna\u00a0po m2 (220-250 kg\/ha)<\/p>\n<div class=\"file file-download\"><a class=\"file-download-link\" href=\"https:\/\/www.syngenta.rs\/file\/7121\/download\">Sorte p\u0161enice<\/a>\u00a0<span class=\"file-size\">2.74 mb<\/span><\/div>","protected":false},"featured_media":5994,"template":"","meta":[],"product_brand":[],"product_cat":[340,335],"product_tag":[],"class_list":{"0":"post-5964","1":"product","2":"type-product","3":"status-publish","4":"has-post-thumbnail","6":"product_cat-seme-strnih-zita","7":"product_cat-semenska-roba","9":"first","10":"instock","11":"shipping-taxable","12":"product-type-simple"},"_links":{"self":[{"href":"https:\/\/agrarpetrovic.rs\/en\/wp-json\/wp\/v2\/product\/5964","targetHints":{"allow":["GET"]}}],"collection":[{"href":"https:\/\/agrarpetrovic.rs\/en\/wp-json\/wp\/v2\/product"}],"about":[{"href":"https:\/\/agrarpetrovic.rs\/en\/wp-json\/wp\/v2\/types\/product"}],"wp:featuredmedia":[{"embeddable":true,"href":"https:\/\/agrarpetrovic.rs\/en\/wp-json\/wp\/v2\/media\/5994"}],"wp:attachment":[{"href":"https:\/\/agrarpetrovic.rs\/en\/wp-json\/wp\/v2\/media?parent=5964"}],"wp:term":[{"taxonomy":"product_brand","embeddable":true,"href":"https:\/\/agrarpetrovic.rs\/en\/wp-json\/wp\/v2\/product_brand?post=5964"},{"taxonomy":"product_cat","embeddable":true,"href":"https:\/\/agrarpetrovic.rs\/en\/wp-json\/wp\/v2\/product_cat?post=5964"},{"taxonomy":"product_tag","embeddable":true,"href":"https:\/\/agrarpetrovic.rs\/en\/wp-json\/wp\/v2\/product_tag?post=5964"}],"curies":[{"name":"wp","href":"https:\/\/api.w.org\/{rel}","templated":true}]}}