{"id":5965,"date":"2023-07-13T16:30:29","date_gmt":"2023-07-13T14:30:29","guid":{"rendered":"https:\/\/agrarpetrovic.rs\/?post_type=product&#038;p=5965"},"modified":"2023-07-13T16:30:42","modified_gmt":"2023-07-13T14:30:42","slug":"sem-psenica-syngenta-illico","status":"publish","type":"product","link":"https:\/\/agrarpetrovic.rs\/en\/proizvod\/sem-psenica-syngenta-illico\/","title":{"rendered":"SEM. P\u0160ENICA SYNGENTA ILLICO"},"content":{"rendered":"","protected":false},"excerpt":{"rendered":"<p>Visoka tolerantanost\u00a0na Fusarium<br \/>\nKarakteristike<br \/>\n\u2022 Visokoprinosna i kvalitetna sorta p\u0161enice bez osja sa<br \/>\nizra\u017eenom vo\u0161tanom prevlakom<br \/>\n\u2022 Preporu\u010deni rok setve 15-25. oktobar<br \/>\n(dobro podnosi kasnije rokove setve)<br \/>\n\u2022 Preporu\u010dena gustina setve (broj klijavih zrna po m2)<br \/>\nod 400 do 450 (orijentaciono od 190 do 210 kg)<br \/>\n\u2022 Rana do srednje rana sorta izuzetno dobrog bokorenja<br \/>\nu prole\u0107e<br \/>\n\u2022 Stablo prose\u010dne visine 95-100 cm<br \/>\n\u2022 Izuzetno visoke tolerancije na Fusarium klasa<br \/>\n\u2022 Standardno posti\u017ee B1 grupu kvaliteta uz visok sadr\u017eaj proteina,<br \/>\nhlebna p\u0161enica<br \/>\n\u2022 Odlikuje ga srednje tvrdo zrno visoke hektolitarske mase<br \/>\n\u2022 Na nekim lokalitetima postizao karakteristike na nivou sorte<br \/>\npobolj\u0161iva\u010da<br \/>\n\u2022 Dobra otpornost na izmrzavanje<br \/>\n\u2022 Dobre rezultate daje i u manje intenzivnim uslovima proizvodnje kao i<br \/>\nkod kra\u0107ih plodoreda (p\u0161enica-kukuruz-p\u0161enica)<\/p>","protected":false},"featured_media":5995,"template":"","meta":[],"product_brand":[],"product_cat":[340,335],"product_tag":[],"class_list":{"0":"post-5965","1":"product","2":"type-product","3":"status-publish","4":"has-post-thumbnail","6":"product_cat-seme-strnih-zita","7":"product_cat-semenska-roba","9":"first","10":"instock","11":"shipping-taxable","12":"product-type-simple"},"_links":{"self":[{"href":"https:\/\/agrarpetrovic.rs\/en\/wp-json\/wp\/v2\/product\/5965","targetHints":{"allow":["GET"]}}],"collection":[{"href":"https:\/\/agrarpetrovic.rs\/en\/wp-json\/wp\/v2\/product"}],"about":[{"href":"https:\/\/agrarpetrovic.rs\/en\/wp-json\/wp\/v2\/types\/product"}],"wp:featuredmedia":[{"embeddable":true,"href":"https:\/\/agrarpetrovic.rs\/en\/wp-json\/wp\/v2\/media\/5995"}],"wp:attachment":[{"href":"https:\/\/agrarpetrovic.rs\/en\/wp-json\/wp\/v2\/media?parent=5965"}],"wp:term":[{"taxonomy":"product_brand","embeddable":true,"href":"https:\/\/agrarpetrovic.rs\/en\/wp-json\/wp\/v2\/product_brand?post=5965"},{"taxonomy":"product_cat","embeddable":true,"href":"https:\/\/agrarpetrovic.rs\/en\/wp-json\/wp\/v2\/product_cat?post=5965"},{"taxonomy":"product_tag","embeddable":true,"href":"https:\/\/agrarpetrovic.rs\/en\/wp-json\/wp\/v2\/product_tag?post=5965"}],"curies":[{"name":"wp","href":"https:\/\/api.w.org\/{rel}","templated":true}]}}