{"id":5968,"date":"2023-07-13T16:30:29","date_gmt":"2023-07-13T14:30:29","guid":{"rendered":"https:\/\/agrarpetrovic.rs\/?post_type=product&#038;p=5968"},"modified":"2023-07-13T16:30:46","modified_gmt":"2023-07-13T14:30:46","slug":"sem-psenica-syngenta-gabrio","status":"publish","type":"product","link":"https:\/\/agrarpetrovic.rs\/en\/proizvod\/sem-psenica-syngenta-gabrio\/","title":{"rendered":"SEM. P\u0160ENICA SYNGENTA GABRIO"},"content":{"rendered":"","protected":false},"excerpt":{"rendered":"<h3>Stabilni prinosi i u stresnijim uslovima<\/h3>\n<p>Rana sorta ozime p\u0161enice<br \/>\n\u2022\u00a0Preporu\u010deni rok setve 15-25. Oktobar<br \/>\n\u2022\u00a0Dobre tolerantnosti na poleganje<br \/>\n\u2022\u00a0Visok potencijal za prinos i kvalitet zrna<br \/>\n\u2022\u00a0Srednje otpornosti na mraz, a tolerantna na su\u0161u i stress<br \/>\n\u2022\u00a0Preporu\u010dena gustina setve je (broj klijavih zrna po m2) od 400 do 450 (orijentaciono od 220 do 240 kg)<br \/>\n\u2022\u00a0Sorta dobrih karakteristika u jugoisto\u010dnoj Evropi<br \/>\n\u2022\u00a0Stabilna u razli\u010ditim sredinama,\u010dak i na siroma\u0161nijim tipovima zemlji\u0161tima<br \/>\n\u2022\u00a0Srednja tolerantnost prema\u00a0Fusarium<\/p>","protected":false},"featured_media":5998,"template":"","meta":[],"product_brand":[],"product_cat":[340,335],"product_tag":[],"class_list":{"0":"post-5968","1":"product","2":"type-product","3":"status-publish","4":"has-post-thumbnail","6":"product_cat-seme-strnih-zita","7":"product_cat-semenska-roba","9":"first","10":"instock","11":"shipping-taxable","12":"product-type-simple"},"_links":{"self":[{"href":"https:\/\/agrarpetrovic.rs\/en\/wp-json\/wp\/v2\/product\/5968","targetHints":{"allow":["GET"]}}],"collection":[{"href":"https:\/\/agrarpetrovic.rs\/en\/wp-json\/wp\/v2\/product"}],"about":[{"href":"https:\/\/agrarpetrovic.rs\/en\/wp-json\/wp\/v2\/types\/product"}],"wp:featuredmedia":[{"embeddable":true,"href":"https:\/\/agrarpetrovic.rs\/en\/wp-json\/wp\/v2\/media\/5998"}],"wp:attachment":[{"href":"https:\/\/agrarpetrovic.rs\/en\/wp-json\/wp\/v2\/media?parent=5968"}],"wp:term":[{"taxonomy":"product_brand","embeddable":true,"href":"https:\/\/agrarpetrovic.rs\/en\/wp-json\/wp\/v2\/product_brand?post=5968"},{"taxonomy":"product_cat","embeddable":true,"href":"https:\/\/agrarpetrovic.rs\/en\/wp-json\/wp\/v2\/product_cat?post=5968"},{"taxonomy":"product_tag","embeddable":true,"href":"https:\/\/agrarpetrovic.rs\/en\/wp-json\/wp\/v2\/product_tag?post=5968"}],"curies":[{"name":"wp","href":"https:\/\/api.w.org\/{rel}","templated":true}]}}