{"id":5970,"date":"2023-07-13T16:30:29","date_gmt":"2023-07-13T14:30:29","guid":{"rendered":"https:\/\/agrarpetrovic.rs\/?post_type=product&#038;p=5970"},"modified":"2023-07-13T16:30:49","modified_gmt":"2023-07-13T14:30:49","slug":"seme-uljane-repice-syngenta-marten","status":"publish","type":"product","link":"https:\/\/agrarpetrovic.rs\/en\/proizvod\/seme-uljane-repice-syngenta-marten\/","title":{"rendered":"SEME ULJANE REPICE SYNGENTA MARTEN"},"content":{"rendered":"","protected":false},"excerpt":{"rendered":"<h3><strong>Visok prinos ulja<\/strong><\/h3>\n<p>\u2022 Srednje rani\/kasni hibrid visokog potencijala prinosa<br \/>\n\u2022 Prilago\u0111en na\u0161im agroekolo\u0161kim uslovima proizvodnje<br \/>\n\u2022 Dobro prezimljava u na\u0161im uslovima proizvodnje, dobra\u00a0tolerantnost na izmrzavanje,<br \/>\n\u2022 Brzo kretanje vegetacije u prole\u0107e<br \/>\n\u2022 Srednje vreme cvetanja<br \/>\n\u2022 Biljke srednje do ni\u017ee, \u010dvrsto stablo dobe otpornosti na\u00a0poleganje<br \/>\n\u2022 Odli\u010dna stabilnost prinosa u razli\u010ditim uslovima proizvodnje\u00a0(agrotehnika)<br \/>\n\u2022 Odli\u010dna stabilnost prinosa u su\u0161nijim uslovima proizvodnje<br \/>\n\u2022 Visok sadr\u017eaj i prinos ulja<br \/>\n\u2022 Visoka apsolutna masa 1000 zrna<br \/>\n\u2022 Visoka tolerantnost na pucanje mahuna u \u017eetvi<\/p>","protected":false},"featured_media":6000,"template":"","meta":[],"product_brand":[],"product_cat":[341,335],"product_tag":[],"class_list":{"0":"post-5970","1":"product","2":"type-product","3":"status-publish","4":"has-post-thumbnail","6":"product_cat-seme-uljane-repice","7":"product_cat-semenska-roba","9":"first","10":"instock","11":"shipping-taxable","12":"product-type-simple"},"_links":{"self":[{"href":"https:\/\/agrarpetrovic.rs\/en\/wp-json\/wp\/v2\/product\/5970","targetHints":{"allow":["GET"]}}],"collection":[{"href":"https:\/\/agrarpetrovic.rs\/en\/wp-json\/wp\/v2\/product"}],"about":[{"href":"https:\/\/agrarpetrovic.rs\/en\/wp-json\/wp\/v2\/types\/product"}],"wp:featuredmedia":[{"embeddable":true,"href":"https:\/\/agrarpetrovic.rs\/en\/wp-json\/wp\/v2\/media\/6000"}],"wp:attachment":[{"href":"https:\/\/agrarpetrovic.rs\/en\/wp-json\/wp\/v2\/media?parent=5970"}],"wp:term":[{"taxonomy":"product_brand","embeddable":true,"href":"https:\/\/agrarpetrovic.rs\/en\/wp-json\/wp\/v2\/product_brand?post=5970"},{"taxonomy":"product_cat","embeddable":true,"href":"https:\/\/agrarpetrovic.rs\/en\/wp-json\/wp\/v2\/product_cat?post=5970"},{"taxonomy":"product_tag","embeddable":true,"href":"https:\/\/agrarpetrovic.rs\/en\/wp-json\/wp\/v2\/product_tag?post=5970"}],"curies":[{"name":"wp","href":"https:\/\/api.w.org\/{rel}","templated":true}]}}