{"id":5973,"date":"2023-07-13T16:30:29","date_gmt":"2023-07-13T14:30:29","guid":{"rendered":"https:\/\/agrarpetrovic.rs\/?post_type=product&#038;p=5973"},"modified":"2023-07-13T16:30:54","modified_gmt":"2023-07-13T14:30:54","slug":"seme-uljane-repice-pioneer-pt240cl","status":"publish","type":"product","link":"https:\/\/agrarpetrovic.rs\/en\/proizvod\/seme-uljane-repice-pioneer-pt240cl\/","title":{"rendered":"SEME ULJANE REPICE PIONEER PT240CL"},"content":{"rendered":"<p><img fetchpriority=\"high\" decoding=\"async\" class=\"alignnone  wp-image-6716\" src=\"http:\/\/media1.agrarpetrovic.rs\/2019\/08\/Canola-288x300.png\" alt=\"\" width=\"519\" height=\"541\" \/><\/p>","protected":false},"excerpt":{"rendered":"<p>Novi hibrid tolerantan na herbicide iz grupe imidazilinona. Ima visok potencijal prinosa sa odli\u010dnim sadr\u017eajem ulja u zrnu (oko 46%). Izrazito nizak sadr\u017eaj glukozinata. Ima stablo prose\u010dne visine oko 167cm i mahune otporne na pucanje.<\/p>\n<p>Odli\u010dne tolerancije na sve na sve zna\u010dajnije bolesti repice. Odli\u010dna tolerantnost na niske temperature. Prose\u010dan prinos u dve godine komisije za priznavanje sorti iznosio je 4083 kg\/ha ili 2,2% vi\u0161e od standarda PT200CL.<\/p>","protected":false},"featured_media":6029,"template":"","meta":[],"product_brand":[],"product_cat":[341,335],"product_tag":[],"class_list":{"0":"post-5973","1":"product","2":"type-product","3":"status-publish","4":"has-post-thumbnail","6":"product_cat-seme-uljane-repice","7":"product_cat-semenska-roba","9":"first","10":"instock","11":"shipping-taxable","12":"product-type-simple"},"_links":{"self":[{"href":"https:\/\/agrarpetrovic.rs\/en\/wp-json\/wp\/v2\/product\/5973","targetHints":{"allow":["GET"]}}],"collection":[{"href":"https:\/\/agrarpetrovic.rs\/en\/wp-json\/wp\/v2\/product"}],"about":[{"href":"https:\/\/agrarpetrovic.rs\/en\/wp-json\/wp\/v2\/types\/product"}],"wp:featuredmedia":[{"embeddable":true,"href":"https:\/\/agrarpetrovic.rs\/en\/wp-json\/wp\/v2\/media\/6029"}],"wp:attachment":[{"href":"https:\/\/agrarpetrovic.rs\/en\/wp-json\/wp\/v2\/media?parent=5973"}],"wp:term":[{"taxonomy":"product_brand","embeddable":true,"href":"https:\/\/agrarpetrovic.rs\/en\/wp-json\/wp\/v2\/product_brand?post=5973"},{"taxonomy":"product_cat","embeddable":true,"href":"https:\/\/agrarpetrovic.rs\/en\/wp-json\/wp\/v2\/product_cat?post=5973"},{"taxonomy":"product_tag","embeddable":true,"href":"https:\/\/agrarpetrovic.rs\/en\/wp-json\/wp\/v2\/product_tag?post=5973"}],"curies":[{"name":"wp","href":"https:\/\/api.w.org\/{rel}","templated":true}]}}