{"id":5974,"date":"2023-07-13T16:30:29","date_gmt":"2023-07-13T14:30:29","guid":{"rendered":"https:\/\/agrarpetrovic.rs\/?post_type=product&#038;p=5974"},"modified":"2023-07-13T16:30:54","modified_gmt":"2023-07-13T14:30:54","slug":"seme-uljane-repice-pioneer-pr46w15","status":"publish","type":"product","link":"https:\/\/agrarpetrovic.rs\/en\/proizvod\/seme-uljane-repice-pioneer-pr46w15\/","title":{"rendered":"SEME ULJANE REPICE PIONEER PR46W15"},"content":{"rendered":"<p><img fetchpriority=\"high\" decoding=\"async\" class=\"alignnone wp-image-6716\" src=\"http:\/\/media1.agrarpetrovic.rs\/2019\/08\/Canola-288x300.png\" alt=\"\" width=\"525\" height=\"547\" \/><\/p>","protected":false},"excerpt":{"rendered":"<p>Novi visokorodni hibrid sa visokim sadr\u017eajem ulja u zrnu. Spada u srednje ranu grupu zrenja a visina mu je oko 165cm. Dobra otpornost na zimu i vlagu. Sadr\u017eaj ulja je vrlo visok i kre\u0107e se preko 47%.<\/p>\n<p>Ima vrlo nizak sadr\u017eaj glukozinata. Dobre je tolerantnosti na bolesti, vrlo ujedna\u010deno dozreva, \u0161to zna\u010dajno sni\u017eava gubitke u \u017eetvi.<\/p>","protected":false},"featured_media":6030,"template":"","meta":[],"product_brand":[],"product_cat":[341,335],"product_tag":[],"class_list":{"0":"post-5974","1":"product","2":"type-product","3":"status-publish","4":"has-post-thumbnail","6":"product_cat-seme-uljane-repice","7":"product_cat-semenska-roba","9":"first","10":"instock","11":"shipping-taxable","12":"product-type-simple"},"_links":{"self":[{"href":"https:\/\/agrarpetrovic.rs\/en\/wp-json\/wp\/v2\/product\/5974","targetHints":{"allow":["GET"]}}],"collection":[{"href":"https:\/\/agrarpetrovic.rs\/en\/wp-json\/wp\/v2\/product"}],"about":[{"href":"https:\/\/agrarpetrovic.rs\/en\/wp-json\/wp\/v2\/types\/product"}],"wp:featuredmedia":[{"embeddable":true,"href":"https:\/\/agrarpetrovic.rs\/en\/wp-json\/wp\/v2\/media\/6030"}],"wp:attachment":[{"href":"https:\/\/agrarpetrovic.rs\/en\/wp-json\/wp\/v2\/media?parent=5974"}],"wp:term":[{"taxonomy":"product_brand","embeddable":true,"href":"https:\/\/agrarpetrovic.rs\/en\/wp-json\/wp\/v2\/product_brand?post=5974"},{"taxonomy":"product_cat","embeddable":true,"href":"https:\/\/agrarpetrovic.rs\/en\/wp-json\/wp\/v2\/product_cat?post=5974"},{"taxonomy":"product_tag","embeddable":true,"href":"https:\/\/agrarpetrovic.rs\/en\/wp-json\/wp\/v2\/product_tag?post=5974"}],"curies":[{"name":"wp","href":"https:\/\/api.w.org\/{rel}","templated":true}]}}