{"id":5975,"date":"2023-07-13T16:30:29","date_gmt":"2023-07-13T14:30:29","guid":{"rendered":"https:\/\/agrarpetrovic.rs\/?post_type=product&#038;p=5975"},"modified":"2023-07-13T16:30:55","modified_gmt":"2023-07-13T14:30:55","slug":"seme-uljane-repice-pioneer-px113","status":"publish","type":"product","link":"https:\/\/agrarpetrovic.rs\/en\/proizvod\/seme-uljane-repice-pioneer-px113\/","title":{"rendered":"SEME ULJANE REPICE PIONEER PX113"},"content":{"rendered":"<p><img fetchpriority=\"high\" decoding=\"async\" class=\"alignnone  wp-image-6716\" src=\"http:\/\/media1.agrarpetrovic.rs\/2019\/08\/Canola-288x300.png\" alt=\"\" width=\"517\" height=\"538\" \/><\/p>","protected":false},"excerpt":{"rendered":"<p>Najnoviji polupatuljasti hibrid u MAXIMUS grupi. Jedan od najprinosnijih hibrida. Sa dobrom tehnologijom proizvodnje prose\u010dni prinosi su preko 4t\/ha. Sadr\u017eaj ulja u zrnu se kre\u0107e oko 46%. Ima vrlo nizak sadr\u017eaj glukozinata.<\/p>\n<p>Poseduje vrlo mo\u0107an koren i otpornost n aizmrzavanje. Podnosi sve tipove zemlji\u0161ta.<\/p>","protected":false},"featured_media":6031,"template":"","meta":[],"product_brand":[],"product_cat":[341,335],"product_tag":[],"class_list":{"0":"post-5975","1":"product","2":"type-product","3":"status-publish","4":"has-post-thumbnail","6":"product_cat-seme-uljane-repice","7":"product_cat-semenska-roba","9":"first","10":"instock","11":"shipping-taxable","12":"product-type-simple"},"_links":{"self":[{"href":"https:\/\/agrarpetrovic.rs\/en\/wp-json\/wp\/v2\/product\/5975","targetHints":{"allow":["GET"]}}],"collection":[{"href":"https:\/\/agrarpetrovic.rs\/en\/wp-json\/wp\/v2\/product"}],"about":[{"href":"https:\/\/agrarpetrovic.rs\/en\/wp-json\/wp\/v2\/types\/product"}],"wp:featuredmedia":[{"embeddable":true,"href":"https:\/\/agrarpetrovic.rs\/en\/wp-json\/wp\/v2\/media\/6031"}],"wp:attachment":[{"href":"https:\/\/agrarpetrovic.rs\/en\/wp-json\/wp\/v2\/media?parent=5975"}],"wp:term":[{"taxonomy":"product_brand","embeddable":true,"href":"https:\/\/agrarpetrovic.rs\/en\/wp-json\/wp\/v2\/product_brand?post=5975"},{"taxonomy":"product_cat","embeddable":true,"href":"https:\/\/agrarpetrovic.rs\/en\/wp-json\/wp\/v2\/product_cat?post=5975"},{"taxonomy":"product_tag","embeddable":true,"href":"https:\/\/agrarpetrovic.rs\/en\/wp-json\/wp\/v2\/product_tag?post=5975"}],"curies":[{"name":"wp","href":"https:\/\/api.w.org\/{rel}","templated":true}]}}