{"id":5976,"date":"2023-07-13T16:30:29","date_gmt":"2023-07-13T14:30:29","guid":{"rendered":"https:\/\/agrarpetrovic.rs\/?post_type=product&#038;p=5976"},"modified":"2023-07-13T16:30:55","modified_gmt":"2023-07-13T14:30:55","slug":"seme-uljane-repice-pioneer-pt231","status":"publish","type":"product","link":"https:\/\/agrarpetrovic.rs\/en\/proizvod\/seme-uljane-repice-pioneer-pt231\/","title":{"rendered":"SEME ULJANE REPICE PIONEER PT231"},"content":{"rendered":"","protected":false},"excerpt":{"rendered":"<p>Nova generacija visoko rodnog hibrida visine stabljike oko 170cm. Prose\u010dan sadr\u017eaj ulja u zrnu kre\u0107e se preko 46%. Vrlo dobre tolerancije na niske temperature. Sadr\u017eaj glukozinata je nizak.<\/p>\n<p>Veoma tolerantan na standardne bolesti repice i ekstremno visokog prinosa.<\/p>","protected":false},"featured_media":6032,"template":"","meta":[],"product_brand":[],"product_cat":[341,335],"product_tag":[],"class_list":{"0":"post-5976","1":"product","2":"type-product","3":"status-publish","4":"has-post-thumbnail","6":"product_cat-seme-uljane-repice","7":"product_cat-semenska-roba","9":"first","10":"instock","11":"shipping-taxable","12":"product-type-simple"},"_links":{"self":[{"href":"https:\/\/agrarpetrovic.rs\/en\/wp-json\/wp\/v2\/product\/5976","targetHints":{"allow":["GET"]}}],"collection":[{"href":"https:\/\/agrarpetrovic.rs\/en\/wp-json\/wp\/v2\/product"}],"about":[{"href":"https:\/\/agrarpetrovic.rs\/en\/wp-json\/wp\/v2\/types\/product"}],"wp:featuredmedia":[{"embeddable":true,"href":"https:\/\/agrarpetrovic.rs\/en\/wp-json\/wp\/v2\/media\/6032"}],"wp:attachment":[{"href":"https:\/\/agrarpetrovic.rs\/en\/wp-json\/wp\/v2\/media?parent=5976"}],"wp:term":[{"taxonomy":"product_brand","embeddable":true,"href":"https:\/\/agrarpetrovic.rs\/en\/wp-json\/wp\/v2\/product_brand?post=5976"},{"taxonomy":"product_cat","embeddable":true,"href":"https:\/\/agrarpetrovic.rs\/en\/wp-json\/wp\/v2\/product_cat?post=5976"},{"taxonomy":"product_tag","embeddable":true,"href":"https:\/\/agrarpetrovic.rs\/en\/wp-json\/wp\/v2\/product_tag?post=5976"}],"curies":[{"name":"wp","href":"https:\/\/api.w.org\/{rel}","templated":true}]}}