{"id":6003,"date":"2023-07-13T16:30:52","date_gmt":"2023-07-13T14:30:52","guid":{"rendered":"https:\/\/agrarpetrovic.rs\/?post_type=product&#038;p=6003"},"modified":"2023-07-13T16:30:55","modified_gmt":"2023-07-13T14:30:55","slug":"seme-uljane-repice-dekalb-exstorm","status":"publish","type":"product","link":"https:\/\/agrarpetrovic.rs\/en\/proizvod\/seme-uljane-repice-dekalb-exstorm\/","title":{"rendered":"SEME ULJANE REPICE DEKALB EXSTORM"},"content":{"rendered":"<div class=\"span2\">\n<div class=\"titleAtt\">Potencijal za prinos:<\/div>\n<p><img decoding=\"async\" src=\"https:\/\/www.dekalb.co.rs\/documents\/62807\/266602\/harvest_icon.jpg\/c967a83b-371f-40da-bb0e-c8306e66f40a?t=1426689407800\" \/>\u00a0<span class=\"textRating\">10<\/span><\/div>\n<div class=\"span2\">\n<div class=\"titleAtt\">Pocetni porast:<\/div>\n<p><img decoding=\"async\" src=\"https:\/\/www.dekalb.co.rs\/documents\/62807\/266602\/earlygrowth_icon.jpg\/e314854c-f42c-4898-9da1-8875aa8576fe?t=1426688322136\" \/>\u00a0<span class=\"textRating\">9<\/span><\/div>\n<div class=\"span2\">\n<div class=\"titleAtt\">Pucanje mahune:<\/div>\n<p><img decoding=\"async\" src=\"https:\/\/www.dekalb.co.rs\/documents\/62807\/266602\/podshatter_icon.jpg\/2f6afe4b-ee40-4c49-87fc-5162bad0269f?t=1426688191512\" \/>\u00a0<span class=\"textRating\">10<\/span><\/div>\n<div class=\"span2\">\n<div class=\"titleAtt\">Otpornost na bolesti:<\/div>\n<p><img decoding=\"async\" src=\"https:\/\/www.dekalb.co.rs\/documents\/62807\/266602\/disease_icon.jpg\/a23c6aa5-d842-4aea-a705-a361293a81c4?t=1426688044585\" \/>\u00a0<span class=\"textRating\">9<\/span><\/div>\n<div class=\"span2\">\n<div class=\"titleAtt\">Prezimljavanje:<\/div>\n<p><img decoding=\"async\" src=\"https:\/\/www.dekalb.co.rs\/documents\/62807\/266602\/cold_icon.jpg\/b7be5ab6-0907-455a-94d3-eac9c7373b09?t=1426687877404\" \/>\u00a0<span class=\"textRating\">10<\/span><\/div>","protected":false},"excerpt":{"rendered":"<p><span class=\"productTitle\">DK Exstorm<\/span><span class=\"productSubtitle\">Za sve uslove gajenja<\/span><span class=\"ProductSummary\">DK Exstorm ima veoma visoku tolerantnost na pucanje mahune, dobru otpornost na niske temperature i dvostruku otpornost na bolesti. Ukoliko se desi gubitak sklopa hibrid DK Exstorm ga nadomesti grananjem. Hibrid za sve uslove proizvodnje, stabilan sa odli\u010dnom fleksibilno\u0161\u0107u na stresne uslove tokom celog ciklusa proizvodnje, izuzetno dobro reaguje na intenzivnu proizvodnju. Zahvaljuju\u0107i RLM 7 genu ima visoku tolerantnost na bolesti. Preporu\u010deni sklop u setvi je od 450.000 do 550.000 biljaka\/ha.<\/span><\/p>\n<div class=\"row-fluid\">\n<div class=\"span6\">\n<div class=\"titleAtt\">Stasnost<\/div>\n<div class=\"ProductSummary\">srednje-stasni<\/div>\n<div><\/div>\n<\/div>\n<div class=\"span6\">\n<div class=\"titleAtt\">Visina biljke<\/div>\n<div class=\"ProductSummary\">srednja<\/div>\n<\/div>\n<\/div>\n<div class=\"row-fluid\">\n<div class=\"span12\"><\/div>\n<\/div>","protected":false},"featured_media":6033,"template":"","meta":[],"product_brand":[],"product_cat":[341,335],"product_tag":[],"class_list":{"0":"post-6003","1":"product","2":"type-product","3":"status-publish","4":"has-post-thumbnail","6":"product_cat-seme-uljane-repice","7":"product_cat-semenska-roba","9":"first","10":"instock","11":"shipping-taxable","12":"product-type-simple"},"_links":{"self":[{"href":"https:\/\/agrarpetrovic.rs\/en\/wp-json\/wp\/v2\/product\/6003","targetHints":{"allow":["GET"]}}],"collection":[{"href":"https:\/\/agrarpetrovic.rs\/en\/wp-json\/wp\/v2\/product"}],"about":[{"href":"https:\/\/agrarpetrovic.rs\/en\/wp-json\/wp\/v2\/types\/product"}],"wp:featuredmedia":[{"embeddable":true,"href":"https:\/\/agrarpetrovic.rs\/en\/wp-json\/wp\/v2\/media\/6033"}],"wp:attachment":[{"href":"https:\/\/agrarpetrovic.rs\/en\/wp-json\/wp\/v2\/media?parent=6003"}],"wp:term":[{"taxonomy":"product_brand","embeddable":true,"href":"https:\/\/agrarpetrovic.rs\/en\/wp-json\/wp\/v2\/product_brand?post=6003"},{"taxonomy":"product_cat","embeddable":true,"href":"https:\/\/agrarpetrovic.rs\/en\/wp-json\/wp\/v2\/product_cat?post=6003"},{"taxonomy":"product_tag","embeddable":true,"href":"https:\/\/agrarpetrovic.rs\/en\/wp-json\/wp\/v2\/product_tag?post=6003"}],"curies":[{"name":"wp","href":"https:\/\/api.w.org\/{rel}","templated":true}]}}