{"id":6005,"date":"2023-07-13T16:30:53","date_gmt":"2023-07-13T14:30:53","guid":{"rendered":"https:\/\/agrarpetrovic.rs\/?post_type=product&#038;p=6005"},"modified":"2023-07-13T16:30:56","modified_gmt":"2023-07-13T14:30:56","slug":"seme-uljane-repice-dekalb-exalte","status":"publish","type":"product","link":"https:\/\/agrarpetrovic.rs\/en\/proizvod\/seme-uljane-repice-dekalb-exalte\/","title":{"rendered":"SEME ULJANE REPICE DEKALB EXALTE"},"content":{"rendered":"<div class=\"span2\">\n<div class=\"titleAtt\">Potencijal za prinos:<\/div>\n<p><img decoding=\"async\" src=\"https:\/\/www.dekalb.co.rs\/documents\/62807\/266602\/harvest_icon.jpg\/c967a83b-371f-40da-bb0e-c8306e66f40a?t=1426689407800\" \/>\u00a0<span class=\"textRating\">10<\/span><\/p>\n<\/div>\n<div class=\"span2\">\n<div class=\"titleAtt\">Pocetni porast:<\/div>\n<p><img decoding=\"async\" src=\"https:\/\/www.dekalb.co.rs\/documents\/62807\/266602\/earlygrowth_icon.jpg\/e314854c-f42c-4898-9da1-8875aa8576fe?t=1426688322136\" \/>\u00a0<span class=\"textRating\">10<\/span><\/p>\n<\/div>\n<div class=\"span2\">\n<div class=\"titleAtt\">Pucanje mahune:<\/div>\n<p><img decoding=\"async\" src=\"https:\/\/www.dekalb.co.rs\/documents\/62807\/266602\/podshatter_icon.jpg\/2f6afe4b-ee40-4c49-87fc-5162bad0269f?t=1426688191512\" \/>\u00a0<span class=\"textRating\">10<\/span><\/p>\n<\/div>\n<div class=\"span2\">\n<div class=\"titleAtt\">Otpornost na bolesti:<\/div>\n<p><img decoding=\"async\" src=\"https:\/\/www.dekalb.co.rs\/documents\/62807\/266602\/disease_icon.jpg\/a23c6aa5-d842-4aea-a705-a361293a81c4?t=1426688044585\" \/>\u00a0<span class=\"textRating\">10<\/span><\/p>\n<\/div>\n<div class=\"span2\">\n<div class=\"titleAtt\">Prezimljavanje:<\/div>\n<p><img decoding=\"async\" src=\"https:\/\/www.dekalb.co.rs\/documents\/62807\/266602\/cold_icon.jpg\/b7be5ab6-0907-455a-94d3-eac9c7373b09?t=1426687877404\" \/>\u00a0<span class=\"textRating\">10<\/span><\/p>\n<\/div>","protected":false},"excerpt":{"rendered":"<p><span class=\"productTitle\">DK Exalte<\/span><span class=\"productSubtitle\">Otporan i prinosan<\/span><span class=\"ProductSummary\">DK Exalte je sposoban za veoma visoke prinose s vrlo visokim sadr\u017eajem ulja. Karakteri\u0161e ga tolerantnost na osipanje zrna, brzi jesenji i prole\u0107ni razvoj i rano dospe\u0107e. Trenutno jedan od najtolerantnijih hibrida na bolesti.<\/span><\/p>\n<div class=\"row-fluid\">\n<div class=\"span6\">\n<div class=\"titleAtt\">Stasnost<\/div>\n<div class=\"ProductSummary\">srednje &#8211; rani<\/div>\n<div><\/div>\n<\/div>\n<div class=\"span6\">\n<div class=\"titleAtt\">Visina biljke<\/div>\n<div class=\"ProductSummary\">visoka<\/div>\n<\/div>\n<\/div>\n<div class=\"row-fluid\">\n<div class=\"span12\"><\/div>\n<\/div>","protected":false},"featured_media":6035,"template":"","meta":[],"product_brand":[],"product_cat":[341,335],"product_tag":[],"class_list":{"0":"post-6005","1":"product","2":"type-product","3":"status-publish","4":"has-post-thumbnail","6":"product_cat-seme-uljane-repice","7":"product_cat-semenska-roba","9":"first","10":"instock","11":"shipping-taxable","12":"product-type-simple"},"_links":{"self":[{"href":"https:\/\/agrarpetrovic.rs\/en\/wp-json\/wp\/v2\/product\/6005","targetHints":{"allow":["GET"]}}],"collection":[{"href":"https:\/\/agrarpetrovic.rs\/en\/wp-json\/wp\/v2\/product"}],"about":[{"href":"https:\/\/agrarpetrovic.rs\/en\/wp-json\/wp\/v2\/types\/product"}],"wp:featuredmedia":[{"embeddable":true,"href":"https:\/\/agrarpetrovic.rs\/en\/wp-json\/wp\/v2\/media\/6035"}],"wp:attachment":[{"href":"https:\/\/agrarpetrovic.rs\/en\/wp-json\/wp\/v2\/media?parent=6005"}],"wp:term":[{"taxonomy":"product_brand","embeddable":true,"href":"https:\/\/agrarpetrovic.rs\/en\/wp-json\/wp\/v2\/product_brand?post=6005"},{"taxonomy":"product_cat","embeddable":true,"href":"https:\/\/agrarpetrovic.rs\/en\/wp-json\/wp\/v2\/product_cat?post=6005"},{"taxonomy":"product_tag","embeddable":true,"href":"https:\/\/agrarpetrovic.rs\/en\/wp-json\/wp\/v2\/product_tag?post=6005"}],"curies":[{"name":"wp","href":"https:\/\/api.w.org\/{rel}","templated":true}]}}