{"id":6009,"date":"2023-07-13T16:30:53","date_gmt":"2023-07-13T14:30:53","guid":{"rendered":"https:\/\/agrarpetrovic.rs\/?post_type=product&#038;p=6009"},"modified":"2023-07-13T16:30:58","modified_gmt":"2023-07-13T14:30:58","slug":"seme-uljane-repice-lg-anniston","status":"publish","type":"product","link":"https:\/\/agrarpetrovic.rs\/en\/proizvod\/seme-uljane-repice-lg-anniston\/","title":{"rendered":"SEME ULJANE REPICE LG ANNISTON"},"content":{"rendered":"","protected":false},"excerpt":{"rendered":"<h2>Osobine<\/h2>\n<p><strong>Intenzivan po\u010detni porast\u00a0<\/strong><br \/>\nPogodan i za kasnije setvene rokove. Veoma dobro prezimljava. U slu\u010daju veoma rane setve i povoljnih uslova za razvoj, bi trebalo primeniti regulator rasta.<br \/>\n<strong>Odli\u010dnog zdravstvenog stanja\u00a0<\/strong><br \/>\nPoseduje RLM 7 gen za pouzdanu za\u0161titu od Phome. Pored toga, otporan je i na TuYV virus i generalno dobrog profila prema ostalim bolestima.<br \/>\n<strong>Du\u017ei optimalni period za \u017eetvu\u00a0<\/strong><br \/>\nUjedna\u010deno sazrevanje i otpornost na pucanje mahuna osiguravaju prinos i \u010dine \u017eetvu jednostavnijom.<\/p>","protected":false},"featured_media":6038,"template":"","meta":[],"product_brand":[],"product_cat":[341,335],"product_tag":[],"class_list":{"0":"post-6009","1":"product","2":"type-product","3":"status-publish","4":"has-post-thumbnail","6":"product_cat-seme-uljane-repice","7":"product_cat-semenska-roba","9":"first","10":"instock","11":"shipping-taxable","12":"product-type-simple"},"_links":{"self":[{"href":"https:\/\/agrarpetrovic.rs\/en\/wp-json\/wp\/v2\/product\/6009","targetHints":{"allow":["GET"]}}],"collection":[{"href":"https:\/\/agrarpetrovic.rs\/en\/wp-json\/wp\/v2\/product"}],"about":[{"href":"https:\/\/agrarpetrovic.rs\/en\/wp-json\/wp\/v2\/types\/product"}],"wp:featuredmedia":[{"embeddable":true,"href":"https:\/\/agrarpetrovic.rs\/en\/wp-json\/wp\/v2\/media\/6038"}],"wp:attachment":[{"href":"https:\/\/agrarpetrovic.rs\/en\/wp-json\/wp\/v2\/media?parent=6009"}],"wp:term":[{"taxonomy":"product_brand","embeddable":true,"href":"https:\/\/agrarpetrovic.rs\/en\/wp-json\/wp\/v2\/product_brand?post=6009"},{"taxonomy":"product_cat","embeddable":true,"href":"https:\/\/agrarpetrovic.rs\/en\/wp-json\/wp\/v2\/product_cat?post=6009"},{"taxonomy":"product_tag","embeddable":true,"href":"https:\/\/agrarpetrovic.rs\/en\/wp-json\/wp\/v2\/product_tag?post=6009"}],"curies":[{"name":"wp","href":"https:\/\/api.w.org\/{rel}","templated":true}]}}