{"id":6010,"date":"2023-07-13T16:30:53","date_gmt":"2023-07-13T14:30:53","guid":{"rendered":"https:\/\/agrarpetrovic.rs\/?post_type=product&#038;p=6010"},"modified":"2023-07-13T16:30:58","modified_gmt":"2023-07-13T14:30:58","slug":"seme-uljane-repice-lg-conrad-cl","status":"publish","type":"product","link":"https:\/\/agrarpetrovic.rs\/en\/proizvod\/seme-uljane-repice-lg-conrad-cl\/","title":{"rendered":"SEME ULJANE REPICE LG CONRAD CL"},"content":{"rendered":"","protected":false},"excerpt":{"rendered":"<h2>Osobine<\/h2>\n<p><strong>Hibrid pogodan za &#8222;prljave&#8220; njive\u00a0<\/strong><br \/>\nClearfield\u00ae tehnologija za uspe\u0161nu proizvodnju i na ne\u0161to zakorovljenijim parcelama.<br \/>\n<strong>Visoka produktvinost\u00a0<\/strong><br \/>\nOdli\u010dan balans du\u017eine vegetacije i potencijala prinosa. Veoma dobro prezimljava i brzo se regenri\u0161e na prole\u0107e.<br \/>\n<strong>Vi\u0161e vremena u \u017eetvi\u00a0<\/strong><br \/>\nNe\u0161to kra\u0107a vegetacija i otpornost na pucanje mahuna. Sa Conradom CL u setvenoj strukturi, dobijate na vremenu.<\/p>","protected":false},"featured_media":6038,"template":"","meta":[],"product_brand":[],"product_cat":[341,335],"product_tag":[],"class_list":{"0":"post-6010","1":"product","2":"type-product","3":"status-publish","4":"has-post-thumbnail","6":"product_cat-seme-uljane-repice","7":"product_cat-semenska-roba","9":"first","10":"instock","11":"shipping-taxable","12":"product-type-simple"},"_links":{"self":[{"href":"https:\/\/agrarpetrovic.rs\/en\/wp-json\/wp\/v2\/product\/6010","targetHints":{"allow":["GET"]}}],"collection":[{"href":"https:\/\/agrarpetrovic.rs\/en\/wp-json\/wp\/v2\/product"}],"about":[{"href":"https:\/\/agrarpetrovic.rs\/en\/wp-json\/wp\/v2\/types\/product"}],"wp:featuredmedia":[{"embeddable":true,"href":"https:\/\/agrarpetrovic.rs\/en\/wp-json\/wp\/v2\/media\/6038"}],"wp:attachment":[{"href":"https:\/\/agrarpetrovic.rs\/en\/wp-json\/wp\/v2\/media?parent=6010"}],"wp:term":[{"taxonomy":"product_brand","embeddable":true,"href":"https:\/\/agrarpetrovic.rs\/en\/wp-json\/wp\/v2\/product_brand?post=6010"},{"taxonomy":"product_cat","embeddable":true,"href":"https:\/\/agrarpetrovic.rs\/en\/wp-json\/wp\/v2\/product_cat?post=6010"},{"taxonomy":"product_tag","embeddable":true,"href":"https:\/\/agrarpetrovic.rs\/en\/wp-json\/wp\/v2\/product_tag?post=6010"}],"curies":[{"name":"wp","href":"https:\/\/api.w.org\/{rel}","templated":true}]}}