{"id":6011,"date":"2023-07-13T16:30:53","date_gmt":"2023-07-13T14:30:53","guid":{"rendered":"https:\/\/agrarpetrovic.rs\/?post_type=product&#038;p=6011"},"modified":"2023-07-13T16:30:58","modified_gmt":"2023-07-13T14:30:58","slug":"seme-uljane-repice-lg-arsenal","status":"publish","type":"product","link":"https:\/\/agrarpetrovic.rs\/en\/proizvod\/seme-uljane-repice-lg-arsenal\/","title":{"rendered":"SEME ULJANE REPICE LG ARSENAL"},"content":{"rendered":"","protected":false},"excerpt":{"rendered":"<h2>Osobine<\/h2>\n<p><strong>Nov, prakti\u010dan i rodan hibrid<\/strong><br \/>\nVisok potencijal prinosa. Tolerantan na niske temperature, fleksibilni rokovi setve.<\/p>\n<p><strong>Besprekornog zdravstvenog stanja<\/strong><br \/>\nPresti\u017ena RLM 7 genetika pru\u017ea dvostruku za\u017etitu od Phome! Zdrava biljka do \u017eetve.<\/p>\n<p><strong>Veoma lak za \u017eetvu<\/strong><br \/>\nUjedna\u010deno sazrevanje mahuna i su\u0161enje stabla. Visoka tolerancija na pucanje mahuna.<\/p>","protected":false},"featured_media":6038,"template":"","meta":[],"product_brand":[],"product_cat":[341,335],"product_tag":[],"class_list":{"0":"post-6011","1":"product","2":"type-product","3":"status-publish","4":"has-post-thumbnail","6":"product_cat-seme-uljane-repice","7":"product_cat-semenska-roba","9":"first","10":"instock","11":"shipping-taxable","12":"product-type-simple"},"_links":{"self":[{"href":"https:\/\/agrarpetrovic.rs\/en\/wp-json\/wp\/v2\/product\/6011","targetHints":{"allow":["GET"]}}],"collection":[{"href":"https:\/\/agrarpetrovic.rs\/en\/wp-json\/wp\/v2\/product"}],"about":[{"href":"https:\/\/agrarpetrovic.rs\/en\/wp-json\/wp\/v2\/types\/product"}],"wp:featuredmedia":[{"embeddable":true,"href":"https:\/\/agrarpetrovic.rs\/en\/wp-json\/wp\/v2\/media\/6038"}],"wp:attachment":[{"href":"https:\/\/agrarpetrovic.rs\/en\/wp-json\/wp\/v2\/media?parent=6011"}],"wp:term":[{"taxonomy":"product_brand","embeddable":true,"href":"https:\/\/agrarpetrovic.rs\/en\/wp-json\/wp\/v2\/product_brand?post=6011"},{"taxonomy":"product_cat","embeddable":true,"href":"https:\/\/agrarpetrovic.rs\/en\/wp-json\/wp\/v2\/product_cat?post=6011"},{"taxonomy":"product_tag","embeddable":true,"href":"https:\/\/agrarpetrovic.rs\/en\/wp-json\/wp\/v2\/product_tag?post=6011"}],"curies":[{"name":"wp","href":"https:\/\/api.w.org\/{rel}","templated":true}]}}