{"id":6024,"date":"2023-07-13T16:30:54","date_gmt":"2023-07-13T14:30:54","guid":{"rendered":"https:\/\/agrarpetrovic.rs\/?post_type=product&#038;p=6024"},"modified":"2023-07-13T16:31:04","modified_gmt":"2023-07-13T14:31:04","slug":"sem-psenica-donau-balaton","status":"publish","type":"product","link":"https:\/\/agrarpetrovic.rs\/en\/proizvod\/sem-psenica-donau-balaton\/","title":{"rendered":"SEM. P\u0160ENICA DONAU BALATON"},"content":{"rendered":"","protected":false},"excerpt":{"rendered":"<div>Spada me\u0111u tri najprinosnije sorte p\u0161enice registrovane u Republici Srbiji.<\/div>\n<ul>\n<li>Visoki i stabilni prinosi<\/li>\n<li>Odli\u010dan za mlinsku i pekarsku industriju<\/li>\n<li>Srednje u\u010de\u0161\u0107e proteina<\/li>\n<li>Odli\u010dan kvalitet proteina<\/li>\n<li>Odli\u010dan pekarski kvalitet<\/li>\n<li>Odli\u010dna otpornost na poleganje<\/li>\n<li>Odli\u010dna otpornost na bolesti<\/li>\n<li>Za setvu je dovoljno od 170-200 kg semena po ha, odnosno oko 400 klijavih zrna po metru kvadratnom, \u0161to znatno smanjuje tro\u0161kove semena i setve<\/li>\n<li>Optimalni rok setve je od 10.10. &#8211; 25.10.<\/li>\n<\/ul>","protected":false},"featured_media":6043,"template":"","meta":[],"product_brand":[],"product_cat":[340,335],"product_tag":[],"class_list":{"0":"post-6024","1":"product","2":"type-product","3":"status-publish","4":"has-post-thumbnail","6":"product_cat-seme-strnih-zita","7":"product_cat-semenska-roba","9":"first","10":"instock","11":"shipping-taxable","12":"product-type-simple"},"_links":{"self":[{"href":"https:\/\/agrarpetrovic.rs\/en\/wp-json\/wp\/v2\/product\/6024","targetHints":{"allow":["GET"]}}],"collection":[{"href":"https:\/\/agrarpetrovic.rs\/en\/wp-json\/wp\/v2\/product"}],"about":[{"href":"https:\/\/agrarpetrovic.rs\/en\/wp-json\/wp\/v2\/types\/product"}],"wp:featuredmedia":[{"embeddable":true,"href":"https:\/\/agrarpetrovic.rs\/en\/wp-json\/wp\/v2\/media\/6043"}],"wp:attachment":[{"href":"https:\/\/agrarpetrovic.rs\/en\/wp-json\/wp\/v2\/media?parent=6024"}],"wp:term":[{"taxonomy":"product_brand","embeddable":true,"href":"https:\/\/agrarpetrovic.rs\/en\/wp-json\/wp\/v2\/product_brand?post=6024"},{"taxonomy":"product_cat","embeddable":true,"href":"https:\/\/agrarpetrovic.rs\/en\/wp-json\/wp\/v2\/product_cat?post=6024"},{"taxonomy":"product_tag","embeddable":true,"href":"https:\/\/agrarpetrovic.rs\/en\/wp-json\/wp\/v2\/product_tag?post=6024"}],"curies":[{"name":"wp","href":"https:\/\/api.w.org\/{rel}","templated":true}]}}