{"id":6048,"date":"2023-07-13T16:31:07","date_gmt":"2023-07-13T14:31:07","guid":{"rendered":"https:\/\/agrarpetrovic.rs\/?post_type=product&#038;p=6048"},"modified":"2023-07-13T16:31:09","modified_gmt":"2023-07-13T14:31:09","slug":"sem-jecam-raiffeisen-azrah","status":"publish","type":"product","link":"https:\/\/agrarpetrovic.rs\/en\/proizvod\/sem-jecam-raiffeisen-azrah\/","title":{"rendered":"SEM. JE\u010cAM RAIFFEISEN AZRAH"},"content":{"rendered":"","protected":false},"excerpt":{"rendered":"<p>Azrah je \u0161estoredi sto\u010dni je\u010dam sa<br \/>\nizuzetno visokim potencijalom prinosa.<\/p>\n<p>\u0160estoredi sto\u010dni je\u010dam<br \/>\nSrednje rani<br \/>\nBiljka je srednje visine. U intenzivnoj proizvodnji<br \/>\npotrebno je primeniti regulator rasta<br \/>\nTolerantna na poleganje<br \/>\nVrlo visok prinos zrna<br \/>\nKrupno zrno sa visokom hektolitarskom masom<br \/>\nVeoma dobra tolerantnost na mre\u017eastu pegavost<br \/>\ni sivu pegavost je\u010dma<br \/>\nDobra otpornost na su\u0161u<br \/>\nOptimalni rok setve 20.09. &#8211; 15.10.<br \/>\nNorma setve 300-350 klijavih zrna\/m2<br \/>\n(170-190 kg\/ha)<\/p>","protected":false},"featured_media":6044,"template":"","meta":[],"product_brand":[],"product_cat":[340,335],"product_tag":[],"class_list":{"0":"post-6048","1":"product","2":"type-product","3":"status-publish","4":"has-post-thumbnail","6":"product_cat-seme-strnih-zita","7":"product_cat-semenska-roba","9":"first","10":"instock","11":"shipping-taxable","12":"product-type-simple"},"_links":{"self":[{"href":"https:\/\/agrarpetrovic.rs\/en\/wp-json\/wp\/v2\/product\/6048","targetHints":{"allow":["GET"]}}],"collection":[{"href":"https:\/\/agrarpetrovic.rs\/en\/wp-json\/wp\/v2\/product"}],"about":[{"href":"https:\/\/agrarpetrovic.rs\/en\/wp-json\/wp\/v2\/types\/product"}],"wp:featuredmedia":[{"embeddable":true,"href":"https:\/\/agrarpetrovic.rs\/en\/wp-json\/wp\/v2\/media\/6044"}],"wp:attachment":[{"href":"https:\/\/agrarpetrovic.rs\/en\/wp-json\/wp\/v2\/media?parent=6048"}],"wp:term":[{"taxonomy":"product_brand","embeddable":true,"href":"https:\/\/agrarpetrovic.rs\/en\/wp-json\/wp\/v2\/product_brand?post=6048"},{"taxonomy":"product_cat","embeddable":true,"href":"https:\/\/agrarpetrovic.rs\/en\/wp-json\/wp\/v2\/product_cat?post=6048"},{"taxonomy":"product_tag","embeddable":true,"href":"https:\/\/agrarpetrovic.rs\/en\/wp-json\/wp\/v2\/product_tag?post=6048"}],"curies":[{"name":"wp","href":"https:\/\/api.w.org\/{rel}","templated":true}]}}