{"id":6052,"date":"2023-07-13T16:31:08","date_gmt":"2023-07-13T14:31:08","guid":{"rendered":"https:\/\/agrarpetrovic.rs\/?post_type=product&#038;p=6052"},"modified":"2023-07-13T16:31:10","modified_gmt":"2023-07-13T14:31:10","slug":"sem-psenica-raiffeisen-graindor","status":"publish","type":"product","link":"https:\/\/agrarpetrovic.rs\/en\/proizvod\/sem-psenica-raiffeisen-graindor\/","title":{"rendered":"SEM. P\u0160ENICA RAIFFEISEN GRAINDOR"},"content":{"rendered":"<p>TOLERANTNOST NA BOLESTI<br \/>\nPEPELNICA srednje dobra<br \/>\nSEPTORIA TRIT srednje<br \/>\nLISNA R\u0110A naro\u010dito dobra<br \/>\n\u017dUTA R\u0110A naro\u010dito dobra<br \/>\nFUSARIUM SPP veoma dobr<\/p>","protected":false},"excerpt":{"rendered":"<p>Graindor je veoma prinosna p\u0161enica<br \/>\nnamenjena za intenzivnu proizvodnju.<br \/>\nPoseduje visoku toleranciju na<br \/>\nFusarium i ostale bolesti p\u0161enice<\/p>\n<p>Kvalitetna grupa: B1<br \/>\nSorta bez osja<br \/>\nVisina biljke oko 90 cm<br \/>\nOtpornost poleganje je dobra<br \/>\nOtpornost na proklijavanje je dobra<br \/>\nHektolitarska te\u017eina je prose\u010dna<br \/>\nSadr\u017eaj proteina je prose\u010dan<br \/>\nMasa 1000 zrna u proseku iznosi oko 46g<br \/>\nOtpimalni rok setve 11.10.-31.10.<br \/>\nSetvena norma 380-420 klijavih zrna\/m2<br \/>\n(200-210 kg)<\/p>","protected":false},"featured_media":6044,"template":"","meta":[],"product_brand":[],"product_cat":[340,335],"product_tag":[],"class_list":{"0":"post-6052","1":"product","2":"type-product","3":"status-publish","4":"has-post-thumbnail","6":"product_cat-seme-strnih-zita","7":"product_cat-semenska-roba","9":"first","10":"instock","11":"shipping-taxable","12":"product-type-simple"},"_links":{"self":[{"href":"https:\/\/agrarpetrovic.rs\/en\/wp-json\/wp\/v2\/product\/6052","targetHints":{"allow":["GET"]}}],"collection":[{"href":"https:\/\/agrarpetrovic.rs\/en\/wp-json\/wp\/v2\/product"}],"about":[{"href":"https:\/\/agrarpetrovic.rs\/en\/wp-json\/wp\/v2\/types\/product"}],"wp:featuredmedia":[{"embeddable":true,"href":"https:\/\/agrarpetrovic.rs\/en\/wp-json\/wp\/v2\/media\/6044"}],"wp:attachment":[{"href":"https:\/\/agrarpetrovic.rs\/en\/wp-json\/wp\/v2\/media?parent=6052"}],"wp:term":[{"taxonomy":"product_brand","embeddable":true,"href":"https:\/\/agrarpetrovic.rs\/en\/wp-json\/wp\/v2\/product_brand?post=6052"},{"taxonomy":"product_cat","embeddable":true,"href":"https:\/\/agrarpetrovic.rs\/en\/wp-json\/wp\/v2\/product_cat?post=6052"},{"taxonomy":"product_tag","embeddable":true,"href":"https:\/\/agrarpetrovic.rs\/en\/wp-json\/wp\/v2\/product_tag?post=6052"}],"curies":[{"name":"wp","href":"https:\/\/api.w.org\/{rel}","templated":true}]}}