{"id":6053,"date":"2023-07-13T16:31:08","date_gmt":"2023-07-13T14:31:08","guid":{"rendered":"https:\/\/agrarpetrovic.rs\/?post_type=product&#038;p=6053"},"modified":"2023-07-13T16:31:10","modified_gmt":"2023-07-13T14:31:10","slug":"sem-psenica-raiffeisen-lennox","status":"publish","type":"product","link":"https:\/\/agrarpetrovic.rs\/en\/proizvod\/sem-psenica-raiffeisen-lennox\/","title":{"rendered":"SEM. P\u0160ENICA RAIFFEISEN LENNOX"},"content":{"rendered":"<p>TOLERANTNOST NA BOLESTI ozime p\u0161enice.<br \/>\nPEPELNICA dobra<br \/>\nSEPTORIA TRIT srednje dobra<br \/>\nLISNA R\u0110A dobra<br \/>\n\u017dUTA R\u0110A naro\u010dito dobra<br \/>\nFUSARIUM SPP srednje<\/p>","protected":false},"excerpt":{"rendered":"<p>Fakultativna ozimo jara p\u0161enica<br \/>\nLennox je fakultativna p\u0161enica<br \/>\nkoja mo\u017ee da se seje u jesen<br \/>\nkao i u rano prole\u0107e.<\/p>\n<p>Kvalitetna grupa: E<br \/>\nSorta bez osja<br \/>\nNiska sorta, izuzetno otporna na poleganje<br \/>\nVeoma otporna na lisne bolesti<br \/>\nHektolitarska te\u017eina je dobra<br \/>\nSad\u017eaj proteina je prose\u010dan<br \/>\nSetvena norma: 380-450 klijavih zrna\/m2<\/p>","protected":false},"featured_media":6044,"template":"","meta":[],"product_brand":[],"product_cat":[340,335],"product_tag":[],"class_list":{"0":"post-6053","1":"product","2":"type-product","3":"status-publish","4":"has-post-thumbnail","6":"product_cat-seme-strnih-zita","7":"product_cat-semenska-roba","9":"first","10":"instock","11":"shipping-taxable","12":"product-type-simple"},"_links":{"self":[{"href":"https:\/\/agrarpetrovic.rs\/en\/wp-json\/wp\/v2\/product\/6053","targetHints":{"allow":["GET"]}}],"collection":[{"href":"https:\/\/agrarpetrovic.rs\/en\/wp-json\/wp\/v2\/product"}],"about":[{"href":"https:\/\/agrarpetrovic.rs\/en\/wp-json\/wp\/v2\/types\/product"}],"wp:featuredmedia":[{"embeddable":true,"href":"https:\/\/agrarpetrovic.rs\/en\/wp-json\/wp\/v2\/media\/6044"}],"wp:attachment":[{"href":"https:\/\/agrarpetrovic.rs\/en\/wp-json\/wp\/v2\/media?parent=6053"}],"wp:term":[{"taxonomy":"product_brand","embeddable":true,"href":"https:\/\/agrarpetrovic.rs\/en\/wp-json\/wp\/v2\/product_brand?post=6053"},{"taxonomy":"product_cat","embeddable":true,"href":"https:\/\/agrarpetrovic.rs\/en\/wp-json\/wp\/v2\/product_cat?post=6053"},{"taxonomy":"product_tag","embeddable":true,"href":"https:\/\/agrarpetrovic.rs\/en\/wp-json\/wp\/v2\/product_tag?post=6053"}],"curies":[{"name":"wp","href":"https:\/\/api.w.org\/{rel}","templated":true}]}}