{"id":6066,"date":"2023-07-13T16:31:08","date_gmt":"2023-07-13T14:31:08","guid":{"rendered":"https:\/\/agrarpetrovic.rs\/?post_type=product&#038;p=6066"},"modified":"2023-07-13T16:31:11","modified_gmt":"2023-07-13T14:31:11","slug":"sem-psenica-lg-airbus","status":"publish","type":"product","link":"https:\/\/agrarpetrovic.rs\/en\/proizvod\/sem-psenica-lg-airbus\/","title":{"rendered":"SEM. P\u0160ENICA LG AIRBUS"},"content":{"rendered":"","protected":false},"excerpt":{"rendered":"<h2>Osobine<\/h2>\n<p>Sorta visokih prinosa, usev mo\u0107nog izgleda! Odli\u010dno se bokori i formira dodatne bokore iste visine. Pri adekvatnoj upotrebi \u0111ubriva, listovi su mu upadljivo tamno zelene boje. Adaptibilna sorta pogodna za sve regione gajenja. Formira velike dobro razvijene osate klasove piramidalnog oblika. Stablo je srednje visine. Optimalan spoj potencijala prinosa i pekarskih osobina. Veoma je tolerantan na bolesti lista, posebno na mrku r\u0111u. Preporu\u010duje se za\u0161tita od bolesti klasa.<\/p>","protected":false},"featured_media":6038,"template":"","meta":[],"product_brand":[],"product_cat":[340,335],"product_tag":[],"class_list":{"0":"post-6066","1":"product","2":"type-product","3":"status-publish","4":"has-post-thumbnail","6":"product_cat-seme-strnih-zita","7":"product_cat-semenska-roba","9":"first","10":"instock","11":"shipping-taxable","12":"product-type-simple"},"_links":{"self":[{"href":"https:\/\/agrarpetrovic.rs\/en\/wp-json\/wp\/v2\/product\/6066","targetHints":{"allow":["GET"]}}],"collection":[{"href":"https:\/\/agrarpetrovic.rs\/en\/wp-json\/wp\/v2\/product"}],"about":[{"href":"https:\/\/agrarpetrovic.rs\/en\/wp-json\/wp\/v2\/types\/product"}],"wp:featuredmedia":[{"embeddable":true,"href":"https:\/\/agrarpetrovic.rs\/en\/wp-json\/wp\/v2\/media\/6038"}],"wp:attachment":[{"href":"https:\/\/agrarpetrovic.rs\/en\/wp-json\/wp\/v2\/media?parent=6066"}],"wp:term":[{"taxonomy":"product_brand","embeddable":true,"href":"https:\/\/agrarpetrovic.rs\/en\/wp-json\/wp\/v2\/product_brand?post=6066"},{"taxonomy":"product_cat","embeddable":true,"href":"https:\/\/agrarpetrovic.rs\/en\/wp-json\/wp\/v2\/product_cat?post=6066"},{"taxonomy":"product_tag","embeddable":true,"href":"https:\/\/agrarpetrovic.rs\/en\/wp-json\/wp\/v2\/product_tag?post=6066"}],"curies":[{"name":"wp","href":"https:\/\/api.w.org\/{rel}","templated":true}]}}