{"id":6067,"date":"2023-07-13T16:31:08","date_gmt":"2023-07-13T14:31:08","guid":{"rendered":"https:\/\/agrarpetrovic.rs\/?post_type=product&#038;p=6067"},"modified":"2023-07-13T16:31:11","modified_gmt":"2023-07-13T14:31:11","slug":"sem-psenica-lg-armstrong","status":"publish","type":"product","link":"https:\/\/agrarpetrovic.rs\/en\/proizvod\/sem-psenica-lg-armstrong\/","title":{"rendered":"SEM. P\u0160ENICA LG ARMSTRONG"},"content":{"rendered":"","protected":false},"excerpt":{"rendered":"<h2>Osobine<\/h2>\n<p>Odli\u010dan kompromis prinosa i kvaliteta! Visok potencijal prinosa zahvaljuju\u0107i intenzivnom bokorenju. Primenom preporu\u010dene agrotehnike i u odgovaraju\u0107im vremenskim uslovima sadr\u017eaj proteina ve\u0107i od 12 % uz izuzetne pekarske osobine (W=300) i pove\u0107ano upijanje vode (oko 63% na nivou proteina 13 %, dok prose\u010dne sorte ostvaruju oko 58 %). Ove osobine je svrstavaju u odli\u010dnu hlebnu sortu p\u0161enice. Srednje niska sorta, visoke tolerancije na poleganje. Sorta p\u0161enice sa osatom formom klasa. Otporna je na \u017eutu r\u0111u. Da se ne bi izgubio kvalitet zrna, treba obratiti pa\u017enju na pravovremenu za\u0161titu od bolesti klasa.<\/p>","protected":false},"featured_media":6038,"template":"","meta":[],"product_brand":[],"product_cat":[340,335],"product_tag":[],"class_list":{"0":"post-6067","1":"product","2":"type-product","3":"status-publish","4":"has-post-thumbnail","6":"product_cat-seme-strnih-zita","7":"product_cat-semenska-roba","9":"first","10":"instock","11":"shipping-taxable","12":"product-type-simple"},"_links":{"self":[{"href":"https:\/\/agrarpetrovic.rs\/en\/wp-json\/wp\/v2\/product\/6067","targetHints":{"allow":["GET"]}}],"collection":[{"href":"https:\/\/agrarpetrovic.rs\/en\/wp-json\/wp\/v2\/product"}],"about":[{"href":"https:\/\/agrarpetrovic.rs\/en\/wp-json\/wp\/v2\/types\/product"}],"wp:featuredmedia":[{"embeddable":true,"href":"https:\/\/agrarpetrovic.rs\/en\/wp-json\/wp\/v2\/media\/6038"}],"wp:attachment":[{"href":"https:\/\/agrarpetrovic.rs\/en\/wp-json\/wp\/v2\/media?parent=6067"}],"wp:term":[{"taxonomy":"product_brand","embeddable":true,"href":"https:\/\/agrarpetrovic.rs\/en\/wp-json\/wp\/v2\/product_brand?post=6067"},{"taxonomy":"product_cat","embeddable":true,"href":"https:\/\/agrarpetrovic.rs\/en\/wp-json\/wp\/v2\/product_cat?post=6067"},{"taxonomy":"product_tag","embeddable":true,"href":"https:\/\/agrarpetrovic.rs\/en\/wp-json\/wp\/v2\/product_tag?post=6067"}],"curies":[{"name":"wp","href":"https:\/\/api.w.org\/{rel}","templated":true}]}}