{"id":6068,"date":"2023-07-13T16:31:09","date_gmt":"2023-07-13T14:31:09","guid":{"rendered":"https:\/\/agrarpetrovic.rs\/?post_type=product&#038;p=6068"},"modified":"2023-07-13T16:31:11","modified_gmt":"2023-07-13T14:31:11","slug":"sem-psenica-lg-aplico","status":"publish","type":"product","link":"https:\/\/agrarpetrovic.rs\/en\/proizvod\/sem-psenica-lg-aplico\/","title":{"rendered":"SEM. P\u0160ENICA LG APLICO"},"content":{"rendered":"","protected":false},"excerpt":{"rendered":"<h2>Osobine<\/h2>\n<p>&#8222;Nova sorta visokih i stabilnih prinosa! List zastavi\u010dar je veoma \u0161irok \u0161to omogu\u0107ava intenzivniju fotosintezu, odnosno bolje i du\u017ee nalivanje zrna. Srednje visoka sorta p\u0161enice, odli\u010dne tolerancije na poleganje. Obrazuje velik, popunjen klas. Po kvalitetu zrna spada u hlebne sorte. Genetski je otporna na \u017eutu r\u0111u i poseduje dobru toleranciju na ostale bolesti. U stresnim uslovima \u2013 veliko kolebanje izme\u0111u dnevnih i no\u0107nih temperatura mogu\u0107a je pojava \u017eutih &#8222;&#8220;fiziolo\u0161kih&#8220;&#8220; pega na listovima, sli\u010dno sorti Avenue, koje ne uti\u010du na zdravstveno stanje i prinos !&#8220;<\/p>","protected":false},"featured_media":6038,"template":"","meta":[],"product_brand":[],"product_cat":[340,335],"product_tag":[],"class_list":{"0":"post-6068","1":"product","2":"type-product","3":"status-publish","4":"has-post-thumbnail","6":"product_cat-seme-strnih-zita","7":"product_cat-semenska-roba","9":"first","10":"instock","11":"shipping-taxable","12":"product-type-simple"},"_links":{"self":[{"href":"https:\/\/agrarpetrovic.rs\/en\/wp-json\/wp\/v2\/product\/6068","targetHints":{"allow":["GET"]}}],"collection":[{"href":"https:\/\/agrarpetrovic.rs\/en\/wp-json\/wp\/v2\/product"}],"about":[{"href":"https:\/\/agrarpetrovic.rs\/en\/wp-json\/wp\/v2\/types\/product"}],"wp:featuredmedia":[{"embeddable":true,"href":"https:\/\/agrarpetrovic.rs\/en\/wp-json\/wp\/v2\/media\/6038"}],"wp:attachment":[{"href":"https:\/\/agrarpetrovic.rs\/en\/wp-json\/wp\/v2\/media?parent=6068"}],"wp:term":[{"taxonomy":"product_brand","embeddable":true,"href":"https:\/\/agrarpetrovic.rs\/en\/wp-json\/wp\/v2\/product_brand?post=6068"},{"taxonomy":"product_cat","embeddable":true,"href":"https:\/\/agrarpetrovic.rs\/en\/wp-json\/wp\/v2\/product_cat?post=6068"},{"taxonomy":"product_tag","embeddable":true,"href":"https:\/\/agrarpetrovic.rs\/en\/wp-json\/wp\/v2\/product_tag?post=6068"}],"curies":[{"name":"wp","href":"https:\/\/api.w.org\/{rel}","templated":true}]}}