{"id":6069,"date":"2023-07-13T16:31:09","date_gmt":"2023-07-13T14:31:09","guid":{"rendered":"https:\/\/agrarpetrovic.rs\/?post_type=product&#038;p=6069"},"modified":"2023-07-13T16:31:11","modified_gmt":"2023-07-13T14:31:11","slug":"sem-psenica-lg-alcantara","status":"publish","type":"product","link":"https:\/\/agrarpetrovic.rs\/en\/proizvod\/sem-psenica-lg-alcantara\/","title":{"rendered":"SEM. P\u0160ENICA LG ALCANTARA"},"content":{"rendered":"","protected":false},"excerpt":{"rendered":"<h2>Osobine<\/h2>\n<p><strong>Visok potencijal prinosa<\/strong><br \/>\nNisko stablo, dobro se bokori i formira veoma krupno zrno.<br \/>\n<strong>\u0160iroka adaptibilnost\u00a0<\/strong><br \/>\nProduktivna sorta u ve\u0107ini proizvodnih uslova, tolerantna na su\u0161u i stres.<br \/>\n<strong>Dobrog zdravstvenog stanja\u00a0<\/strong><br \/>\nVeoma tolerantan na ve\u0107inu bolesti tokom \u010ditave du\u017eine vegetacije: i lisne mase i klasa.<\/p>","protected":false},"featured_media":6038,"template":"","meta":[],"product_brand":[],"product_cat":[340,335],"product_tag":[],"class_list":{"0":"post-6069","1":"product","2":"type-product","3":"status-publish","4":"has-post-thumbnail","6":"product_cat-seme-strnih-zita","7":"product_cat-semenska-roba","9":"first","10":"instock","11":"shipping-taxable","12":"product-type-simple"},"_links":{"self":[{"href":"https:\/\/agrarpetrovic.rs\/en\/wp-json\/wp\/v2\/product\/6069","targetHints":{"allow":["GET"]}}],"collection":[{"href":"https:\/\/agrarpetrovic.rs\/en\/wp-json\/wp\/v2\/product"}],"about":[{"href":"https:\/\/agrarpetrovic.rs\/en\/wp-json\/wp\/v2\/types\/product"}],"wp:featuredmedia":[{"embeddable":true,"href":"https:\/\/agrarpetrovic.rs\/en\/wp-json\/wp\/v2\/media\/6038"}],"wp:attachment":[{"href":"https:\/\/agrarpetrovic.rs\/en\/wp-json\/wp\/v2\/media?parent=6069"}],"wp:term":[{"taxonomy":"product_brand","embeddable":true,"href":"https:\/\/agrarpetrovic.rs\/en\/wp-json\/wp\/v2\/product_brand?post=6069"},{"taxonomy":"product_cat","embeddable":true,"href":"https:\/\/agrarpetrovic.rs\/en\/wp-json\/wp\/v2\/product_cat?post=6069"},{"taxonomy":"product_tag","embeddable":true,"href":"https:\/\/agrarpetrovic.rs\/en\/wp-json\/wp\/v2\/product_tag?post=6069"}],"curies":[{"name":"wp","href":"https:\/\/api.w.org\/{rel}","templated":true}]}}