{"id":6071,"date":"2023-07-13T16:31:09","date_gmt":"2023-07-13T14:31:09","guid":{"rendered":"https:\/\/agrarpetrovic.rs\/?post_type=product&#038;p=6071"},"modified":"2023-07-13T16:31:11","modified_gmt":"2023-07-13T14:31:11","slug":"sem-psenica-lg-apache","status":"publish","type":"product","link":"https:\/\/agrarpetrovic.rs\/en\/proizvod\/sem-psenica-lg-apache\/","title":{"rendered":"SEM. P\u0160ENICA LG APACHE"},"content":{"rendered":"","protected":false},"excerpt":{"rendered":"<h2>Osobine<\/h2>\n<p>Apache je sorta koja je posle du\u017eeg niza godina uvela inovacije u proizvodnji p\u0161enice. To se pre svega odnosi na koli\u010dinu semena u setvi. Zahvaljuju\u0107i visokom koeficijentu bokorenja, Apache ostvaruje visoke prinose sa setvenom normom od oko 200 kg\/ha. U optimalnom setvenom roku, na dobro pripremljenoj parceli, dovoljno je i 180 kg semena\/ha. Apache je sorta niskog, \u010dvrstog stabla visoke tolerancije na poleganje. Internodije u donjem delu stabla su kra\u0107e, \u0161to daje dodatnu \u010dvrstinu. Te osobne omogu\u0107avaju poja\u010danu prihranu azotom na prole\u0107e, bez bojazni od poleganja, \u0161to se pozitivno odra\u017eava na prinos i kvalitet.<\/p>","protected":false},"featured_media":6038,"template":"","meta":[],"product_brand":[],"product_cat":[340,335],"product_tag":[],"class_list":{"0":"post-6071","1":"product","2":"type-product","3":"status-publish","4":"has-post-thumbnail","6":"product_cat-seme-strnih-zita","7":"product_cat-semenska-roba","9":"first","10":"instock","11":"shipping-taxable","12":"product-type-simple"},"_links":{"self":[{"href":"https:\/\/agrarpetrovic.rs\/en\/wp-json\/wp\/v2\/product\/6071","targetHints":{"allow":["GET"]}}],"collection":[{"href":"https:\/\/agrarpetrovic.rs\/en\/wp-json\/wp\/v2\/product"}],"about":[{"href":"https:\/\/agrarpetrovic.rs\/en\/wp-json\/wp\/v2\/types\/product"}],"wp:featuredmedia":[{"embeddable":true,"href":"https:\/\/agrarpetrovic.rs\/en\/wp-json\/wp\/v2\/media\/6038"}],"wp:attachment":[{"href":"https:\/\/agrarpetrovic.rs\/en\/wp-json\/wp\/v2\/media?parent=6071"}],"wp:term":[{"taxonomy":"product_brand","embeddable":true,"href":"https:\/\/agrarpetrovic.rs\/en\/wp-json\/wp\/v2\/product_brand?post=6071"},{"taxonomy":"product_cat","embeddable":true,"href":"https:\/\/agrarpetrovic.rs\/en\/wp-json\/wp\/v2\/product_cat?post=6071"},{"taxonomy":"product_tag","embeddable":true,"href":"https:\/\/agrarpetrovic.rs\/en\/wp-json\/wp\/v2\/product_tag?post=6071"}],"curies":[{"name":"wp","href":"https:\/\/api.w.org\/{rel}","templated":true}]}}