{"id":6072,"date":"2023-07-13T16:31:09","date_gmt":"2023-07-13T14:31:09","guid":{"rendered":"https:\/\/agrarpetrovic.rs\/?post_type=product&#038;p=6072"},"modified":"2023-07-13T16:31:11","modified_gmt":"2023-07-13T14:31:11","slug":"sem-psenica-lg-avenue","status":"publish","type":"product","link":"https:\/\/agrarpetrovic.rs\/en\/proizvod\/sem-psenica-lg-avenue\/","title":{"rendered":"SEM. P\u0160ENICA LG AVENUE"},"content":{"rendered":"","protected":false},"excerpt":{"rendered":"<h2>Osobine<\/h2>\n<p>Avenue je sorta izrazito kratke vegetacije sa veoma stabilnim prinosima. Stablo je veoma nisko, \u010dvrsto, visoke tolerancije na poleganje. Kapacitet bokorenja je veoma visok. Veoma kratka vegetacija joj omogu\u0107ava izbegavanje ranih toplotnih udara. Klas dobro razvijen, bez osja. Avenue poseduje dobru toleranciju na najzna\u010dajnije bolesti, a \u0161to se tehnolo\u0161kog kvaliteta ti\u010de, spada u hlebne sorte.<\/p>","protected":false},"featured_media":6038,"template":"","meta":[],"product_brand":[],"product_cat":[340,335],"product_tag":[],"class_list":{"0":"post-6072","1":"product","2":"type-product","3":"status-publish","4":"has-post-thumbnail","6":"product_cat-seme-strnih-zita","7":"product_cat-semenska-roba","9":"first","10":"instock","11":"shipping-taxable","12":"product-type-simple"},"_links":{"self":[{"href":"https:\/\/agrarpetrovic.rs\/en\/wp-json\/wp\/v2\/product\/6072","targetHints":{"allow":["GET"]}}],"collection":[{"href":"https:\/\/agrarpetrovic.rs\/en\/wp-json\/wp\/v2\/product"}],"about":[{"href":"https:\/\/agrarpetrovic.rs\/en\/wp-json\/wp\/v2\/types\/product"}],"wp:featuredmedia":[{"embeddable":true,"href":"https:\/\/agrarpetrovic.rs\/en\/wp-json\/wp\/v2\/media\/6038"}],"wp:attachment":[{"href":"https:\/\/agrarpetrovic.rs\/en\/wp-json\/wp\/v2\/media?parent=6072"}],"wp:term":[{"taxonomy":"product_brand","embeddable":true,"href":"https:\/\/agrarpetrovic.rs\/en\/wp-json\/wp\/v2\/product_brand?post=6072"},{"taxonomy":"product_cat","embeddable":true,"href":"https:\/\/agrarpetrovic.rs\/en\/wp-json\/wp\/v2\/product_cat?post=6072"},{"taxonomy":"product_tag","embeddable":true,"href":"https:\/\/agrarpetrovic.rs\/en\/wp-json\/wp\/v2\/product_tag?post=6072"}],"curies":[{"name":"wp","href":"https:\/\/api.w.org\/{rel}","templated":true}]}}