{"id":6073,"date":"2023-07-13T16:31:09","date_gmt":"2023-07-13T14:31:09","guid":{"rendered":"https:\/\/agrarpetrovic.rs\/?post_type=product&#038;p=6073"},"modified":"2023-07-13T16:31:11","modified_gmt":"2023-07-13T14:31:11","slug":"sem-jecam-lg-paso","status":"publish","type":"product","link":"https:\/\/agrarpetrovic.rs\/en\/proizvod\/sem-jecam-lg-paso\/","title":{"rendered":"SEM. JE\u010cAM LG PASO"},"content":{"rendered":"","protected":false},"excerpt":{"rendered":"<h2>Osobine<\/h2>\n<p>Jedan nov proizvod u na\u0161oj paleti. U pitanju je sorta ozimog \u0161estoredog je\u010dma, namenjena za ishranu stoke. Formira ne\u0161to kra\u0107e stablo veoma tolerantno na poleganje. Veoma dobro se bokori. Poseduje visok potencijal prinosa. U registracionim ogledima ostvario je fantasti\u010dne rezultate. Sorta dobro reaguje na razli\u010dite uslove proizvodnje, a u uslovima intenzivne agrotehnike daje rekordne prinose. Zrno je ne\u0161to sitnije, ali ima dobru specifi\u010dnu masu. Paso je veoma tolerantan na plamenja\u010du i r\u0111u, a otporan je na virus mozaika.<\/p>","protected":false},"featured_media":6038,"template":"","meta":[],"product_brand":[],"product_cat":[340,335],"product_tag":[],"class_list":{"0":"post-6073","1":"product","2":"type-product","3":"status-publish","4":"has-post-thumbnail","6":"product_cat-seme-strnih-zita","7":"product_cat-semenska-roba","9":"first","10":"instock","11":"shipping-taxable","12":"product-type-simple"},"_links":{"self":[{"href":"https:\/\/agrarpetrovic.rs\/en\/wp-json\/wp\/v2\/product\/6073","targetHints":{"allow":["GET"]}}],"collection":[{"href":"https:\/\/agrarpetrovic.rs\/en\/wp-json\/wp\/v2\/product"}],"about":[{"href":"https:\/\/agrarpetrovic.rs\/en\/wp-json\/wp\/v2\/types\/product"}],"wp:featuredmedia":[{"embeddable":true,"href":"https:\/\/agrarpetrovic.rs\/en\/wp-json\/wp\/v2\/media\/6038"}],"wp:attachment":[{"href":"https:\/\/agrarpetrovic.rs\/en\/wp-json\/wp\/v2\/media?parent=6073"}],"wp:term":[{"taxonomy":"product_brand","embeddable":true,"href":"https:\/\/agrarpetrovic.rs\/en\/wp-json\/wp\/v2\/product_brand?post=6073"},{"taxonomy":"product_cat","embeddable":true,"href":"https:\/\/agrarpetrovic.rs\/en\/wp-json\/wp\/v2\/product_cat?post=6073"},{"taxonomy":"product_tag","embeddable":true,"href":"https:\/\/agrarpetrovic.rs\/en\/wp-json\/wp\/v2\/product_tag?post=6073"}],"curies":[{"name":"wp","href":"https:\/\/api.w.org\/{rel}","templated":true}]}}