{"id":6075,"date":"2023-07-13T16:31:13","date_gmt":"2023-07-13T14:31:13","guid":{"rendered":"https:\/\/agrarpetrovic.rs\/?post_type=product&#038;p=6075"},"modified":"2023-07-13T16:31:15","modified_gmt":"2023-07-13T14:31:15","slug":"sem-jecam-lg-zebra","status":"publish","type":"product","link":"https:\/\/agrarpetrovic.rs\/en\/proizvod\/sem-jecam-lg-zebra\/","title":{"rendered":"SEM. JE\u010cAM LG ZEBRA"},"content":{"rendered":"","protected":false},"excerpt":{"rendered":"<h2>Osobine<\/h2>\n<p>Srednje visoka sorta je\u010dma, tolerantna na poleganje. U dvogodi\u0161njem periodu ispitivanja sorte ostvario je izuzetno visoke i stabilne prinose. Tolerantan je na niske temperature u toku zimskog perioda. Formira krupno zrno, visoke hektolitarske mase. Prvi registrovani LG je\u010dam otporan na BYDV &#8211; virus \u017eute patuljavosti je\u010dma, koji prenose lisne va\u017ei i cikade. Ovo prakti\u010dno zna\u010di da nema potrebe za insekticidnim tretmanom semena!<\/p>","protected":false},"featured_media":6038,"template":"","meta":[],"product_brand":[],"product_cat":[340,335],"product_tag":[],"class_list":{"0":"post-6075","1":"product","2":"type-product","3":"status-publish","4":"has-post-thumbnail","6":"product_cat-seme-strnih-zita","7":"product_cat-semenska-roba","9":"first","10":"instock","11":"shipping-taxable","12":"product-type-simple"},"_links":{"self":[{"href":"https:\/\/agrarpetrovic.rs\/en\/wp-json\/wp\/v2\/product\/6075","targetHints":{"allow":["GET"]}}],"collection":[{"href":"https:\/\/agrarpetrovic.rs\/en\/wp-json\/wp\/v2\/product"}],"about":[{"href":"https:\/\/agrarpetrovic.rs\/en\/wp-json\/wp\/v2\/types\/product"}],"wp:featuredmedia":[{"embeddable":true,"href":"https:\/\/agrarpetrovic.rs\/en\/wp-json\/wp\/v2\/media\/6038"}],"wp:attachment":[{"href":"https:\/\/agrarpetrovic.rs\/en\/wp-json\/wp\/v2\/media?parent=6075"}],"wp:term":[{"taxonomy":"product_brand","embeddable":true,"href":"https:\/\/agrarpetrovic.rs\/en\/wp-json\/wp\/v2\/product_brand?post=6075"},{"taxonomy":"product_cat","embeddable":true,"href":"https:\/\/agrarpetrovic.rs\/en\/wp-json\/wp\/v2\/product_cat?post=6075"},{"taxonomy":"product_tag","embeddable":true,"href":"https:\/\/agrarpetrovic.rs\/en\/wp-json\/wp\/v2\/product_tag?post=6075"}],"curies":[{"name":"wp","href":"https:\/\/api.w.org\/{rel}","templated":true}]}}