{"id":6080,"date":"2023-07-13T16:31:13","date_gmt":"2023-07-13T14:31:13","guid":{"rendered":"https:\/\/agrarpetrovic.rs\/?post_type=product&#038;p=6080"},"modified":"2023-07-13T16:31:16","modified_gmt":"2023-07-13T14:31:16","slug":"sem-psenica-ns-ns40s","status":"publish","type":"product","link":"https:\/\/agrarpetrovic.rs\/en\/proizvod\/sem-psenica-ns-ns40s\/","title":{"rendered":"SEM. P\u0160ENICA NS NS40S"},"content":{"rendered":"<div class=\"fusion-builder-row fusion-builder-row-inner fusion-row\">\n<div class=\"fusion-layout-column fusion_builder_column fusion_builder_column_1_1  fusion-one-full fusion-column-first fusion-column-last 1_1\">\n<div class=\"fusion-column-wrapper\" data-bg-url=\"\">\n<div class=\"fusion-text\">\n<h4 data-fontsize=\"35\" data-lineheight=\"49\">OSOBINE ZRNA I TEHNOLO\u0160KI KVALITET<\/h4>\n<\/div>\n<\/div>\n<\/div>\n<\/div>\n<div class=\"fusion-sep-clear\"><\/div>\n<div class=\"fusion-separator fusion-full-width-sep sep-single sep-solid\"><\/div>\n<ul class=\"fusion-checklist fusion-checklist-5 ul-biljne-vrste\">\n<li class=\"fusion-li-item\">\n<div class=\"fusion-li-item-content\">Masa 1000 zrna: 35\u201340 g<\/div>\n<\/li>\n<li class=\"fusion-li-item\">\n<div class=\"fusion-li-item-content\">Hektolitarska masa: 78\u201382 kg<\/div>\n<\/li>\n<li class=\"fusion-li-item\">\n<div class=\"fusion-li-item-content\">Sadr\u017eaj proteina: 11\u201313%<\/div>\n<\/li>\n<li class=\"fusion-li-item\">\n<div class=\"fusion-li-item-content\">Sadr\u017eaj vla\u017enog glutena: 24\u201330%<\/div>\n<\/li>\n<li class=\"fusion-li-item\">\n<div class=\"fusion-li-item-content\">Kvalitetna klasa (Farinogram): B1-B2<\/div>\n<\/li>\n<li class=\"fusion-li-item\">\n<div class=\"fusion-li-item-content\">Broj padanja: 300\u2013320 sec<\/div>\n<\/li>\n<\/ul>\n<div class=\"fusion-builder-row fusion-builder-row-inner fusion-row\">\n<div class=\"fusion-layout-column fusion_builder_column fusion_builder_column_1_1  fusion-one-full fusion-column-first fusion-column-last 1_1\">\n<div class=\"fusion-column-wrapper\" data-bg-url=\"\">\n<div class=\"fusion-text\">\n<h4 data-fontsize=\"35\" data-lineheight=\"49\">AGROTEHNIKA I PRINOS ZRNA<\/h4>\n<\/div>\n<\/div>\n<\/div>\n<\/div>\n<div class=\"fusion-sep-clear\"><\/div>\n<div class=\"fusion-separator fusion-full-width-sep sep-single sep-solid\"><\/div>\n<ul class=\"fusion-checklist fusion-checklist-6 ul-biljne-vrste\">\n<li class=\"fusion-li-item\">\n<div class=\"fusion-li-item-content\">Optimalna gustina setve 500 kl. zrna\/m<sup>2<\/sup><\/div>\n<\/li>\n<li class=\"fusion-li-item\">\n<div class=\"fusion-li-item-content\">Optimalna setva 10\u201330. oktobra<\/div>\n<\/li>\n<li class=\"fusion-li-item\">\n<div class=\"fusion-li-item-content\">Potencijal prinosa u proizvodnji (t\/ha):<\/div>\n<\/li>\n<li class=\"fusion-li-item\">\n<div class=\"fusion-li-item-content\">u lo\u0161im uslovima 4\u20136 t\/ha<\/div>\n<\/li>\n<li class=\"fusion-li-item\">\n<div class=\"fusion-li-item-content\">u dobrim uslovima 7\u20139 t\/ha<\/div>\n<\/li>\n<li class=\"fusion-li-item\">\n<div class=\"fusion-li-item-content\">\n<p>u odli\u010dnim uslovima preko 10 t\/ha<\/p>\n<\/div>\n<\/li>\n<\/ul>","protected":false},"excerpt":{"rendered":"<div class=\"fusion-builder-row fusion-builder-row-inner fusion-row\">\n<div class=\"fusion-layout-column fusion_builder_column fusion_builder_column_1_1  fusion-one-full fusion-column-first fusion-column-last 1_1\">\n<div class=\"fusion-column-wrapper\" data-bg-url=\"\">\n<div class=\"fusion-text\">\n<h4 data-fontsize=\"35\" data-lineheight=\"49\">BIOLO\u0160KO-PRODUKTIVNE OSOBINE<\/h4>\n<\/div>\n<\/div>\n<\/div>\n<\/div>\n<div class=\"fusion-sep-clear\"><\/div>\n<div class=\"fusion-separator fusion-full-width-sep sep-single sep-solid\"><\/div>\n<ul class=\"fusion-checklist fusion-checklist-4 ul-biljne-vrste\">\n<li class=\"fusion-li-item\">\n<div class=\"fusion-li-item-content\">Otpornost na zimu: vrlo dobra<\/div>\n<\/li>\n<li class=\"fusion-li-item\">\n<div class=\"fusion-li-item-content\">Visina stabla: 80\u201385 cm<\/div>\n<\/li>\n<li class=\"fusion-li-item\">\n<div class=\"fusion-li-item-content\">Vreme stasavanja: srednje kasna sorta<\/div>\n<\/li>\n<li class=\"fusion-li-item\">\n<div class=\"fusion-li-item-content\">Otpornost na pepelnicu: vrlo dobra<\/div>\n<\/li>\n<li class=\"fusion-li-item\">\n<div class=\"fusion-li-item-content\">Tolerantnost na \u017eutu r\u0111u: odli\u010dna<\/div>\n<\/li>\n<li class=\"fusion-li-item\">\n<div class=\"fusion-li-item-content\">Otpornost na poleganje: vrlo dobra<\/div>\n<\/li>\n<\/ul>","protected":false},"featured_media":6108,"template":"","meta":[],"product_brand":[],"product_cat":[340,335],"product_tag":[],"class_list":{"0":"post-6080","1":"product","2":"type-product","3":"status-publish","4":"has-post-thumbnail","6":"product_cat-seme-strnih-zita","7":"product_cat-semenska-roba","9":"first","10":"instock","11":"shipping-taxable","12":"product-type-simple"},"_links":{"self":[{"href":"https:\/\/agrarpetrovic.rs\/en\/wp-json\/wp\/v2\/product\/6080","targetHints":{"allow":["GET"]}}],"collection":[{"href":"https:\/\/agrarpetrovic.rs\/en\/wp-json\/wp\/v2\/product"}],"about":[{"href":"https:\/\/agrarpetrovic.rs\/en\/wp-json\/wp\/v2\/types\/product"}],"wp:featuredmedia":[{"embeddable":true,"href":"https:\/\/agrarpetrovic.rs\/en\/wp-json\/wp\/v2\/media\/6108"}],"wp:attachment":[{"href":"https:\/\/agrarpetrovic.rs\/en\/wp-json\/wp\/v2\/media?parent=6080"}],"wp:term":[{"taxonomy":"product_brand","embeddable":true,"href":"https:\/\/agrarpetrovic.rs\/en\/wp-json\/wp\/v2\/product_brand?post=6080"},{"taxonomy":"product_cat","embeddable":true,"href":"https:\/\/agrarpetrovic.rs\/en\/wp-json\/wp\/v2\/product_cat?post=6080"},{"taxonomy":"product_tag","embeddable":true,"href":"https:\/\/agrarpetrovic.rs\/en\/wp-json\/wp\/v2\/product_tag?post=6080"}],"curies":[{"name":"wp","href":"https:\/\/api.w.org\/{rel}","templated":true}]}}