{"id":6100,"date":"2023-07-13T16:31:14","date_gmt":"2023-07-13T14:31:14","guid":{"rendered":"https:\/\/agrarpetrovic.rs\/?post_type=product&#038;p=6100"},"modified":"2023-07-13T16:31:17","modified_gmt":"2023-07-13T14:31:17","slug":"sem-raz-ns-savo","status":"publish","type":"product","link":"https:\/\/agrarpetrovic.rs\/en\/proizvod\/sem-raz-ns-savo\/","title":{"rendered":"SEM. RA\u017d NS SAVO"},"content":{"rendered":"<div class=\"fusion-builder-row fusion-builder-row-inner fusion-row\">\n<div class=\"fusion-layout-column fusion_builder_column fusion_builder_column_1_1  fusion-one-full fusion-column-first fusion-column-last 1_1\">\n<div class=\"fusion-column-wrapper\" data-bg-url=\"\">\n<div class=\"fusion-text\">\n<h4 data-fontsize=\"35\" data-lineheight=\"49\">OSOBINE ZRNA<\/h4>\n<\/div>\n<\/div>\n<\/div>\n<\/div>\n<div class=\"fusion-sep-clear\"><\/div>\n<div class=\"fusion-separator fusion-full-width-sep sep-single sep-solid\"><\/div>\n<ul class=\"fusion-checklist fusion-checklist-2 ul-biljne-vrste\">\n<li class=\"fusion-li-item\">\n<div class=\"fusion-li-item-content\">Masa 1000 zrna: 28\u201330 g<\/div>\n<\/li>\n<li class=\"fusion-li-item\">\n<div class=\"fusion-li-item-content\">Hektolitarska masa: 75\u201380 kg<\/div>\n<\/li>\n<li class=\"fusion-li-item\">\n<div class=\"fusion-li-item-content\">Sadr\u017eaj proteina: 10\u201311%<\/div>\n<\/li>\n<li class=\"fusion-li-item\">\n<div class=\"fusion-li-item-content\">Zrno je bogato ugljenim hidratima, biljnim vlaknima, mineralnim materijama i vitaminima<\/div>\n<\/li>\n<\/ul>\n<div class=\"fusion-builder-row fusion-builder-row-inner fusion-row\">\n<div class=\"fusion-layout-column fusion_builder_column fusion_builder_column_1_1  fusion-one-full fusion-column-first fusion-column-last 1_1\">\n<div class=\"fusion-column-wrapper\" data-bg-url=\"\">\n<div class=\"fusion-text\">\n<h4 data-fontsize=\"35\" data-lineheight=\"49\">AGROTEHNIKA<\/h4>\n<\/div>\n<\/div>\n<\/div>\n<\/div>\n<div class=\"fusion-sep-clear\"><\/div>\n<div class=\"fusion-separator fusion-full-width-sep sep-single sep-solid\"><\/div>\n<ul class=\"fusion-checklist fusion-checklist-3 ul-biljne-vrste\">\n<li class=\"fusion-li-item\">\n<div class=\"fusion-li-item-content\">Optimalna gustina setve 500 kl. zrna\/m<sup>2<\/sup><\/div>\n<\/li>\n<li class=\"fusion-li-item\">\n<div class=\"fusion-li-item-content\">Zbog du\u017eeg perioda jarovizacije u odnosu na ostala strna \u017eita, preporu\u010duje se setva u u ranijim rokovima, 20.09\u20135.10.<\/div>\n<\/li>\n<\/ul>","protected":false},"excerpt":{"rendered":"<div class=\"fusion-builder-row fusion-builder-row-inner fusion-row\">\n<div class=\"fusion-layout-column fusion_builder_column fusion_builder_column_1_1  fusion-one-full fusion-column-first fusion-column-last 1_1\">\n<div class=\"fusion-column-wrapper\" data-bg-url=\"\">\n<div class=\"fusion-text\">\n<h3 data-fontsize=\"40\" data-lineheight=\"56\">Visoka nutritivna vrednost<\/h3>\n<\/div>\n<\/div>\n<\/div>\n<\/div>\n<div class=\"fusion-builder-row fusion-builder-row-inner fusion-row\">\n<div class=\"fusion-layout-column fusion_builder_column fusion_builder_column_1_1  fusion-one-full fusion-column-first fusion-column-last 1_1\">\n<div class=\"fusion-column-wrapper\" data-bg-url=\"\">\n<div class=\"fusion-text\">\n<h4 data-fontsize=\"35\" data-lineheight=\"49\">BIOLO\u0160KO-PRODUKTIVNE OSOBINE<\/h4>\n<\/div>\n<\/div>\n<\/div>\n<\/div>\n<div class=\"fusion-sep-clear\"><\/div>\n<div class=\"fusion-separator fusion-full-width-sep sep-single sep-solid\"><\/div>\n<ul class=\"fusion-checklist fusion-checklist-1 ul-biljne-vrste\">\n<li class=\"fusion-li-item\">\n<div class=\"fusion-li-item-content\">Otpornost na zimu: odli\u010dna<\/div>\n<\/li>\n<li class=\"fusion-li-item\">\n<div class=\"fusion-li-item-content\">Visina stabla: 125\u2013130 cm<\/div>\n<\/li>\n<li class=\"fusion-li-item\">\n<div class=\"fusion-li-item-content\">Vreme stasavanja: srednje kasna sorta<\/div>\n<\/li>\n<li class=\"fusion-li-item\">\n<div class=\"fusion-li-item-content\">Otpornost na bolesti: vrlo dobra<\/div>\n<\/li>\n<li class=\"fusion-li-item\">\n<div class=\"fusion-li-item-content\">Otpornost na poleganje: vrlo dobra<\/div>\n<\/li>\n<\/ul>","protected":false},"featured_media":6108,"template":"","meta":[],"product_brand":[],"product_cat":[340,335],"product_tag":[],"class_list":{"0":"post-6100","1":"product","2":"type-product","3":"status-publish","4":"has-post-thumbnail","6":"product_cat-seme-strnih-zita","7":"product_cat-semenska-roba","9":"first","10":"instock","11":"shipping-taxable","12":"product-type-simple"},"_links":{"self":[{"href":"https:\/\/agrarpetrovic.rs\/en\/wp-json\/wp\/v2\/product\/6100","targetHints":{"allow":["GET"]}}],"collection":[{"href":"https:\/\/agrarpetrovic.rs\/en\/wp-json\/wp\/v2\/product"}],"about":[{"href":"https:\/\/agrarpetrovic.rs\/en\/wp-json\/wp\/v2\/types\/product"}],"wp:featuredmedia":[{"embeddable":true,"href":"https:\/\/agrarpetrovic.rs\/en\/wp-json\/wp\/v2\/media\/6108"}],"wp:attachment":[{"href":"https:\/\/agrarpetrovic.rs\/en\/wp-json\/wp\/v2\/media?parent=6100"}],"wp:term":[{"taxonomy":"product_brand","embeddable":true,"href":"https:\/\/agrarpetrovic.rs\/en\/wp-json\/wp\/v2\/product_brand?post=6100"},{"taxonomy":"product_cat","embeddable":true,"href":"https:\/\/agrarpetrovic.rs\/en\/wp-json\/wp\/v2\/product_cat?post=6100"},{"taxonomy":"product_tag","embeddable":true,"href":"https:\/\/agrarpetrovic.rs\/en\/wp-json\/wp\/v2\/product_tag?post=6100"}],"curies":[{"name":"wp","href":"https:\/\/api.w.org\/{rel}","templated":true}]}}