{"id":6115,"date":"2023-07-13T16:31:20","date_gmt":"2023-07-13T14:31:20","guid":{"rendered":"https:\/\/agrarpetrovic.rs\/?post_type=product&#038;p=6115"},"modified":"2023-07-13T16:31:23","modified_gmt":"2023-07-13T14:31:23","slug":"sem-psenica-as-salasar","status":"publish","type":"product","link":"https:\/\/agrarpetrovic.rs\/en\/proizvod\/sem-psenica-as-salasar\/","title":{"rendered":"SEM. P\u0160ENICA AS SALASAR"},"content":{"rendered":"<p class=\"rtejustify\"><strong>Salasar \u2013 ozima sorta p\u0161enice<\/strong><\/p>\n<p class=\"rtejustify\"><strong>SALASAR<\/strong>\u00a0je visokoprinosna sorta dobrih pekarskih kvaliteta, stabilna i pouzdana u razli\u010ditim agroekolo\u0161kim uslovima.<strong>\u00a0<\/strong>Sa preko 20 klasi\u0107a i velikim brojem zrna po klasu u optimalnom sklopu, odli\u010dnog je potencijala za vrhunske rezultate. Dobro podnosi golomrazicu i niske temperature. Izuzetno elasti\u010dna stabljika i visina od oko 80 cm doprinose odli\u010dnoj toleranciji na poleganje. Odli\u010dno reaguje na povi\u0161ene doze azotnih \u0111ubriva i visok nivo agrotehni\u010dkih mera. Izra\u017eena je visoka tolerantnost na ve\u0107inu prevalentnih bolesti.<\/p>\n<p class=\"rtejustify\"><strong>Salasar<\/strong>\u00a0je sorta intenzivne proizvodnje koja zahteva kvalitetnu pripremu zemlji\u0161ta, setvu u prvoj polovini oktobra, izbalansiranu ishranu i prihranu, pravovremene mere hemijske za\u0161tite od korova, bolesti, a po potrebi i \u0161tetnih insekata. Preporu\u010duje se setva sa oko 450 klijavih zrna\/m<sup>2<\/sup>, odnosno 200-220 kg\/ha.<\/p>","protected":false},"excerpt":{"rendered":"<p class=\"rtejustify\"><strong>Prednosti:<\/strong><\/p>\n<ul>\n<li class=\"rtejustify\">Odli\u010dna otpornost prema niskim temperaturama<\/li>\n<li class=\"rtejustify\">Veliki broj klasi\u0107a i dobra ozrnjenost klasa<\/li>\n<li class=\"rtejustify\">Odli\u010dna otpornost na poleganje<\/li>\n<li class=\"rtejustify\">Visok potencijal za bokorenje<\/li>\n<li class=\"rtejustify\">Izra\u017eena tolerantnost prema prevalentnim bolestima<\/li>\n<\/ul>\n<p><img decoding=\"async\" src=\"https:\/\/www.ashibridi.com\/sites\/default\/files\/salasar%20tabela.jpg\" alt=\"\" \/><\/p>\n<ul>\n<li>Pakovanje 25kg<\/li>\n<\/ul>","protected":false},"featured_media":6140,"template":"","meta":[],"product_brand":[],"product_cat":[340,335],"product_tag":[],"class_list":{"0":"post-6115","1":"product","2":"type-product","3":"status-publish","4":"has-post-thumbnail","6":"product_cat-seme-strnih-zita","7":"product_cat-semenska-roba","9":"first","10":"instock","11":"shipping-taxable","12":"product-type-simple"},"_links":{"self":[{"href":"https:\/\/agrarpetrovic.rs\/en\/wp-json\/wp\/v2\/product\/6115","targetHints":{"allow":["GET"]}}],"collection":[{"href":"https:\/\/agrarpetrovic.rs\/en\/wp-json\/wp\/v2\/product"}],"about":[{"href":"https:\/\/agrarpetrovic.rs\/en\/wp-json\/wp\/v2\/types\/product"}],"wp:featuredmedia":[{"embeddable":true,"href":"https:\/\/agrarpetrovic.rs\/en\/wp-json\/wp\/v2\/media\/6140"}],"wp:attachment":[{"href":"https:\/\/agrarpetrovic.rs\/en\/wp-json\/wp\/v2\/media?parent=6115"}],"wp:term":[{"taxonomy":"product_brand","embeddable":true,"href":"https:\/\/agrarpetrovic.rs\/en\/wp-json\/wp\/v2\/product_brand?post=6115"},{"taxonomy":"product_cat","embeddable":true,"href":"https:\/\/agrarpetrovic.rs\/en\/wp-json\/wp\/v2\/product_cat?post=6115"},{"taxonomy":"product_tag","embeddable":true,"href":"https:\/\/agrarpetrovic.rs\/en\/wp-json\/wp\/v2\/product_tag?post=6115"}],"curies":[{"name":"wp","href":"https:\/\/api.w.org\/{rel}","templated":true}]}}