{"id":6116,"date":"2023-07-13T16:31:20","date_gmt":"2023-07-13T14:31:20","guid":{"rendered":"https:\/\/agrarpetrovic.rs\/?post_type=product&#038;p=6116"},"modified":"2023-07-13T16:31:24","modified_gmt":"2023-07-13T14:31:24","slug":"sem-suncokret-syngenta-neoma","status":"publish","type":"product","link":"https:\/\/agrarpetrovic.rs\/en\/proizvod\/sem-suncokret-syngenta-neoma\/","title":{"rendered":"SEM. SUNCOKRET SYNGENTA NEOMA"},"content":{"rendered":"","protected":false},"excerpt":{"rendered":"<h4>Siguran prinos i \u010dista njiva!<\/h4>\n<p>Hibrid iz grupe Clearfield\u00ae Sistema\u00a0<em>(Imidazolinone tolerant)<\/em>. Preporu\u010dena je upotreba herbicida\u00a0<strong>Listego.\u00a0<\/strong>Stablo srednje visine, tolerantno na poleganje I odli\u010dne tolerantnosti na lomljenje. Du\u017eina vegetacije 115 dana. Optimalni sklop biljaka 55.000-60.000. Glava sa velikim brojem zrna velike te\u017eine. Relativno tolerantan na su\u0161ne uslove. Dobre tolerantnosti prema\u00a0<em>Phomopsis\u00a0<\/em>i beloj trule\u017ei glave\u00a0<em>(Sclerotinia).\u00a0<\/em>Veoma tolerantan prema\u00a0<em>Phoma\u00a0<\/em>na stablu i beloj trule\u017ei na korenu. Tolerantan na dominantne rase volovoda u Srbiji<em>.\u00a0<\/em>(A-E rasa)<\/p>","protected":false},"featured_media":6141,"template":"","meta":[],"product_brand":[],"product_cat":[342,335],"product_tag":[],"class_list":{"0":"post-6116","1":"product","2":"type-product","3":"status-publish","4":"has-post-thumbnail","6":"product_cat-seme-suncokreta","7":"product_cat-semenska-roba","9":"first","10":"instock","11":"shipping-taxable","12":"product-type-simple"},"_links":{"self":[{"href":"https:\/\/agrarpetrovic.rs\/en\/wp-json\/wp\/v2\/product\/6116","targetHints":{"allow":["GET"]}}],"collection":[{"href":"https:\/\/agrarpetrovic.rs\/en\/wp-json\/wp\/v2\/product"}],"about":[{"href":"https:\/\/agrarpetrovic.rs\/en\/wp-json\/wp\/v2\/types\/product"}],"wp:featuredmedia":[{"embeddable":true,"href":"https:\/\/agrarpetrovic.rs\/en\/wp-json\/wp\/v2\/media\/6141"}],"wp:attachment":[{"href":"https:\/\/agrarpetrovic.rs\/en\/wp-json\/wp\/v2\/media?parent=6116"}],"wp:term":[{"taxonomy":"product_brand","embeddable":true,"href":"https:\/\/agrarpetrovic.rs\/en\/wp-json\/wp\/v2\/product_brand?post=6116"},{"taxonomy":"product_cat","embeddable":true,"href":"https:\/\/agrarpetrovic.rs\/en\/wp-json\/wp\/v2\/product_cat?post=6116"},{"taxonomy":"product_tag","embeddable":true,"href":"https:\/\/agrarpetrovic.rs\/en\/wp-json\/wp\/v2\/product_tag?post=6116"}],"curies":[{"name":"wp","href":"https:\/\/api.w.org\/{rel}","templated":true}]}}