{"id":6117,"date":"2023-07-13T16:31:20","date_gmt":"2023-07-13T14:31:20","guid":{"rendered":"https:\/\/agrarpetrovic.rs\/?post_type=product&#038;p=6117"},"modified":"2023-07-13T16:31:25","modified_gmt":"2023-07-13T14:31:25","slug":"sem-suncokret-syngenta-kondi","status":"publish","type":"product","link":"https:\/\/agrarpetrovic.rs\/en\/proizvod\/sem-suncokret-syngenta-kondi\/","title":{"rendered":"SEM. SUNCOKRET SYNGENTA KONDI"},"content":{"rendered":"","protected":false},"excerpt":{"rendered":"<h4>Vode\u0107i na svakom mestu!<\/h4>\n<p>Izuzetno prinosan, posebno u intenzivnim uslovima proizvodnje. Stablo srednje visine, veoma tolerantno na poleganje i odli\u010dne tolerantnosti na lomljenje. Glava se karakteri\u0161e veoma velikim brojem zrna srednje do velike te\u017eine. Du\u017eina vegetacije 120 \u2013 125 dana. Daje stabilne i visoke prinose u razli\u010ditim pedoklimatskim uslovima. Visoko tolerantan na oboljenja glave, odli\u010dne tolerantnosti prema\u00a0<em>Phomopsis<\/em>, dobre tolerantnosti prema\u00a0<em>Phoma<\/em>,\u00a0<em>Macrophomina\u00a0<\/em>na stablu,\u00a0i beloj trule\u017ei na korenu. Tolerantan na dominantne rase volovoda u Srbiji (A-E rasa).<\/p>","protected":false},"featured_media":6142,"template":"","meta":[],"product_brand":[],"product_cat":[342,335],"product_tag":[],"class_list":{"0":"post-6117","1":"product","2":"type-product","3":"status-publish","4":"has-post-thumbnail","6":"product_cat-seme-suncokreta","7":"product_cat-semenska-roba","9":"first","10":"instock","11":"shipping-taxable","12":"product-type-simple"},"_links":{"self":[{"href":"https:\/\/agrarpetrovic.rs\/en\/wp-json\/wp\/v2\/product\/6117","targetHints":{"allow":["GET"]}}],"collection":[{"href":"https:\/\/agrarpetrovic.rs\/en\/wp-json\/wp\/v2\/product"}],"about":[{"href":"https:\/\/agrarpetrovic.rs\/en\/wp-json\/wp\/v2\/types\/product"}],"wp:featuredmedia":[{"embeddable":true,"href":"https:\/\/agrarpetrovic.rs\/en\/wp-json\/wp\/v2\/media\/6142"}],"wp:attachment":[{"href":"https:\/\/agrarpetrovic.rs\/en\/wp-json\/wp\/v2\/media?parent=6117"}],"wp:term":[{"taxonomy":"product_brand","embeddable":true,"href":"https:\/\/agrarpetrovic.rs\/en\/wp-json\/wp\/v2\/product_brand?post=6117"},{"taxonomy":"product_cat","embeddable":true,"href":"https:\/\/agrarpetrovic.rs\/en\/wp-json\/wp\/v2\/product_cat?post=6117"},{"taxonomy":"product_tag","embeddable":true,"href":"https:\/\/agrarpetrovic.rs\/en\/wp-json\/wp\/v2\/product_tag?post=6117"}],"curies":[{"name":"wp","href":"https:\/\/api.w.org\/{rel}","templated":true}]}}