{"id":6118,"date":"2023-07-13T16:31:20","date_gmt":"2023-07-13T14:31:20","guid":{"rendered":"https:\/\/agrarpetrovic.rs\/?post_type=product&#038;p=6118"},"modified":"2023-07-13T16:31:25","modified_gmt":"2023-07-13T14:31:25","slug":"sem-suncokret-syngenta-sumiko","status":"publish","type":"product","link":"https:\/\/agrarpetrovic.rs\/en\/proizvod\/sem-suncokret-syngenta-sumiko\/","title":{"rendered":"SEM. SUNCOKRET SYNGENTA SUMIKO"},"content":{"rendered":"","protected":false},"excerpt":{"rendered":"<h4>\u0160ampion sadr\u017eaja ulja!<\/h4>\n<p>Pripada grupi hibrida koji se mogu tretirati herbicidom na bazi tribenuron-metila. Srednje rani hybrid. Odlikuje se izvanrednim sadr\u017eajem ulja u semenu i odli\u010dnim tehnolo\u0161kim karakteristikama u procesu proizvodnje ulja. Biljka srednjeg rasta, lepog izgleda, tolerantna na poleganje. Odlikuje se ranim cvetanjem. Tolerantan na sve poznate rase plamenja\u010de u Srbiji. Odli\u010dno reaguje na tretman sa\u00a0<strong>AmistarExtra<\/strong>. Setvena norma 55.000-60.000 semena\/ha.<\/p>","protected":false},"featured_media":6143,"template":"","meta":[],"product_brand":[],"product_cat":[342,335],"product_tag":[],"class_list":{"0":"post-6118","1":"product","2":"type-product","3":"status-publish","4":"has-post-thumbnail","6":"product_cat-seme-suncokreta","7":"product_cat-semenska-roba","9":"first","10":"instock","11":"shipping-taxable","12":"product-type-simple"},"_links":{"self":[{"href":"https:\/\/agrarpetrovic.rs\/en\/wp-json\/wp\/v2\/product\/6118","targetHints":{"allow":["GET"]}}],"collection":[{"href":"https:\/\/agrarpetrovic.rs\/en\/wp-json\/wp\/v2\/product"}],"about":[{"href":"https:\/\/agrarpetrovic.rs\/en\/wp-json\/wp\/v2\/types\/product"}],"wp:featuredmedia":[{"embeddable":true,"href":"https:\/\/agrarpetrovic.rs\/en\/wp-json\/wp\/v2\/media\/6143"}],"wp:attachment":[{"href":"https:\/\/agrarpetrovic.rs\/en\/wp-json\/wp\/v2\/media?parent=6118"}],"wp:term":[{"taxonomy":"product_brand","embeddable":true,"href":"https:\/\/agrarpetrovic.rs\/en\/wp-json\/wp\/v2\/product_brand?post=6118"},{"taxonomy":"product_cat","embeddable":true,"href":"https:\/\/agrarpetrovic.rs\/en\/wp-json\/wp\/v2\/product_cat?post=6118"},{"taxonomy":"product_tag","embeddable":true,"href":"https:\/\/agrarpetrovic.rs\/en\/wp-json\/wp\/v2\/product_tag?post=6118"}],"curies":[{"name":"wp","href":"https:\/\/api.w.org\/{rel}","templated":true}]}}