{"id":6120,"date":"2023-07-13T16:31:20","date_gmt":"2023-07-13T14:31:20","guid":{"rendered":"https:\/\/agrarpetrovic.rs\/?post_type=product&#038;p=6120"},"modified":"2023-07-13T16:31:26","modified_gmt":"2023-07-13T14:31:26","slug":"sem-suncokret-syngenta-subaro-hts","status":"publish","type":"product","link":"https:\/\/agrarpetrovic.rs\/en\/proizvod\/sem-suncokret-syngenta-subaro-hts\/","title":{"rendered":"SEM. SUNCOKRET SYNGENTA SUBARO HTS"},"content":{"rendered":"","protected":false},"excerpt":{"rendered":"<h4>Subaro HTS<\/h4>\n<h4>Odli\u010dan izbor za stresne uslove!<\/h4>\n<p>Pripada grupi hibrida koji se mogu tretirati herbicidom tribenuron-metila. Dobro podnosi visoke temperature i su\u0161u. Pogodan kako za intenzivne tako i za ekstenzivne uslove gajenja. Pogodan za konzervacijske sisteme obrade (no-till). Tolerantan na sve poznate rase plamenja\u010de u Srbiji. Dobre tolerantnosti prema\u00a0<em>Phomopsis\u00a0<\/em>i beloj trule\u017ei glave\u00a0<em>(Sclerotinia)\u00a0<\/em>i\u00a0<em>Macrophomina<\/em>. Mo\u017ee biti odli\u010dan izbor u regionima sa stresnim uslovima gajenja (su\u0161a i visoke temperature). Setvena norma 55.000-60.000 semena\/ha.<\/p>","protected":false},"featured_media":6145,"template":"","meta":[],"product_brand":[],"product_cat":[342,335],"product_tag":[],"class_list":{"0":"post-6120","1":"product","2":"type-product","3":"status-publish","4":"has-post-thumbnail","6":"product_cat-seme-suncokreta","7":"product_cat-semenska-roba","9":"first","10":"instock","11":"shipping-taxable","12":"product-type-simple"},"_links":{"self":[{"href":"https:\/\/agrarpetrovic.rs\/en\/wp-json\/wp\/v2\/product\/6120","targetHints":{"allow":["GET"]}}],"collection":[{"href":"https:\/\/agrarpetrovic.rs\/en\/wp-json\/wp\/v2\/product"}],"about":[{"href":"https:\/\/agrarpetrovic.rs\/en\/wp-json\/wp\/v2\/types\/product"}],"wp:featuredmedia":[{"embeddable":true,"href":"https:\/\/agrarpetrovic.rs\/en\/wp-json\/wp\/v2\/media\/6145"}],"wp:attachment":[{"href":"https:\/\/agrarpetrovic.rs\/en\/wp-json\/wp\/v2\/media?parent=6120"}],"wp:term":[{"taxonomy":"product_brand","embeddable":true,"href":"https:\/\/agrarpetrovic.rs\/en\/wp-json\/wp\/v2\/product_brand?post=6120"},{"taxonomy":"product_cat","embeddable":true,"href":"https:\/\/agrarpetrovic.rs\/en\/wp-json\/wp\/v2\/product_cat?post=6120"},{"taxonomy":"product_tag","embeddable":true,"href":"https:\/\/agrarpetrovic.rs\/en\/wp-json\/wp\/v2\/product_tag?post=6120"}],"curies":[{"name":"wp","href":"https:\/\/api.w.org\/{rel}","templated":true}]}}