{"id":6122,"date":"2023-07-13T16:31:20","date_gmt":"2023-07-13T14:31:20","guid":{"rendered":"https:\/\/agrarpetrovic.rs\/?post_type=product&#038;p=6122"},"modified":"2023-07-13T16:31:28","modified_gmt":"2023-07-13T14:31:28","slug":"sem-suncokret-syngenta-edison","status":"publish","type":"product","link":"https:\/\/agrarpetrovic.rs\/en\/proizvod\/sem-suncokret-syngenta-edison\/","title":{"rendered":"SEM. SUNCOKRET SYNGENTA EDISON"},"content":{"rendered":"","protected":false},"excerpt":{"rendered":"<h2>I rodno, i zdravo!<\/h2>\n<p>Nova genetika u Syngenta portfoliju. Odlikuje se visokim prinosom i sadr\u017eajem ulja. Izuzetno tolerantan na dominantne bolesti Suncokreta. Tolerantan na dominantne rase volovoda (A-F rasa). Pogodan i za proizvodnju suncokreta u ne\u0161to u\u017eem plodoredu. Intenzivan hibrid, atraktivnog izgleda, sa \u010dvrstom stabljikom i sna\u017enim korenovim sistemom. Izbegavati kasnu setvu. Setvena norma 55.000-60.000 semena\/ha.<\/p>","protected":false},"featured_media":6147,"template":"","meta":[],"product_brand":[],"product_cat":[342,335],"product_tag":[],"class_list":{"0":"post-6122","1":"product","2":"type-product","3":"status-publish","4":"has-post-thumbnail","6":"product_cat-seme-suncokreta","7":"product_cat-semenska-roba","9":"first","10":"instock","11":"shipping-taxable","12":"product-type-simple"},"_links":{"self":[{"href":"https:\/\/agrarpetrovic.rs\/en\/wp-json\/wp\/v2\/product\/6122","targetHints":{"allow":["GET"]}}],"collection":[{"href":"https:\/\/agrarpetrovic.rs\/en\/wp-json\/wp\/v2\/product"}],"about":[{"href":"https:\/\/agrarpetrovic.rs\/en\/wp-json\/wp\/v2\/types\/product"}],"wp:featuredmedia":[{"embeddable":true,"href":"https:\/\/agrarpetrovic.rs\/en\/wp-json\/wp\/v2\/media\/6147"}],"wp:attachment":[{"href":"https:\/\/agrarpetrovic.rs\/en\/wp-json\/wp\/v2\/media?parent=6122"}],"wp:term":[{"taxonomy":"product_brand","embeddable":true,"href":"https:\/\/agrarpetrovic.rs\/en\/wp-json\/wp\/v2\/product_brand?post=6122"},{"taxonomy":"product_cat","embeddable":true,"href":"https:\/\/agrarpetrovic.rs\/en\/wp-json\/wp\/v2\/product_cat?post=6122"},{"taxonomy":"product_tag","embeddable":true,"href":"https:\/\/agrarpetrovic.rs\/en\/wp-json\/wp\/v2\/product_tag?post=6122"}],"curies":[{"name":"wp","href":"https:\/\/api.w.org\/{rel}","templated":true}]}}