{"id":6126,"date":"2023-07-13T16:31:20","date_gmt":"2023-07-13T14:31:20","guid":{"rendered":"https:\/\/agrarpetrovic.rs\/?post_type=product&#038;p=6126"},"modified":"2023-07-13T16:31:31","modified_gmt":"2023-07-13T14:31:31","slug":"multifunkcionalni-trimer-villager-mbc-1000xc","status":"publish","type":"product","link":"https:\/\/agrarpetrovic.rs\/en\/proizvod\/multifunkcionalni-trimer-villager-mbc-1000xc\/","title":{"rendered":"MULTIFUNKCIONALNI TRIMER VILLAGER MBC 1000XC"},"content":{"rendered":"","protected":false},"excerpt":{"rendered":"<table id=\"product-attribute-specs-table\" class=\"data-table\">\n<tbody>\n<tr class=\"odd\">\n<th class=\"label\">Model<\/th>\n<td class=\"data last\">1000 XC<\/td>\n<\/tr>\n<tr class=\"even\">\n<th class=\"label\">Snaga<\/th>\n<td class=\"data last\">0,75 kW<\/td>\n<\/tr>\n<tr class=\"odd\">\n<th class=\"label\">Napajanje<\/th>\n<td class=\"data last\">Benzinsko<\/td>\n<\/tr>\n<tr class=\"even\">\n<th class=\"label\">Masa<\/th>\n<td class=\"data last\">7.2 kg Masa pogonske jedinice: 5.0 kg Masa sa testerom za grane: 6.7 kg Masa sa nastavkom za \u017eivu ogradu:7.2 kg<\/td>\n<\/tr>\n<tr class=\"odd\">\n<th class=\"label\">Napomena<\/th>\n<td class=\"data last\">\u2022 Pogonsko gorivo: me\u0161avina ulja za dvotaktne motore i bezolovnog goriva odnos 1:40 Tip motora: Dvotaktni, vazdu\u0161no hla\u0111eni<\/td>\n<\/tr>\n<tr class=\"even\">\n<th class=\"label\">Ostalo<\/th>\n<td class=\"data last\">Dodaci: ma\u010d za \u017eivu ogradu (du\u017eina se\u010denja: 39.5 cm, 180\u00b0 rotiranje) Dodaci: testera za grane ( Oregon 10\u02ba,3\/8\u02ba, 1.3 mm, 20 zuba)<\/td>\n<\/tr>\n<\/tbody>\n<\/table>","protected":false},"featured_media":6151,"template":"","meta":[],"product_brand":[],"product_cat":[216,217],"product_tag":[],"class_list":{"0":"post-6126","1":"product","2":"type-product","3":"status-publish","4":"has-post-thumbnail","6":"product_cat-garden-program","7":"product_cat-trimeri","9":"first","10":"instock","11":"shipping-taxable","12":"product-type-simple"},"_links":{"self":[{"href":"https:\/\/agrarpetrovic.rs\/en\/wp-json\/wp\/v2\/product\/6126","targetHints":{"allow":["GET"]}}],"collection":[{"href":"https:\/\/agrarpetrovic.rs\/en\/wp-json\/wp\/v2\/product"}],"about":[{"href":"https:\/\/agrarpetrovic.rs\/en\/wp-json\/wp\/v2\/types\/product"}],"wp:featuredmedia":[{"embeddable":true,"href":"https:\/\/agrarpetrovic.rs\/en\/wp-json\/wp\/v2\/media\/6151"}],"wp:attachment":[{"href":"https:\/\/agrarpetrovic.rs\/en\/wp-json\/wp\/v2\/media?parent=6126"}],"wp:term":[{"taxonomy":"product_brand","embeddable":true,"href":"https:\/\/agrarpetrovic.rs\/en\/wp-json\/wp\/v2\/product_brand?post=6126"},{"taxonomy":"product_cat","embeddable":true,"href":"https:\/\/agrarpetrovic.rs\/en\/wp-json\/wp\/v2\/product_cat?post=6126"},{"taxonomy":"product_tag","embeddable":true,"href":"https:\/\/agrarpetrovic.rs\/en\/wp-json\/wp\/v2\/product_tag?post=6126"}],"curies":[{"name":"wp","href":"https:\/\/api.w.org\/{rel}","templated":true}]}}